{"id":7999,"date":"2024-04-29T14:40:35","date_gmt":"2024-04-29T11:40:35","guid":{"rendered":"https:\/\/teekkaripurjehtijat.fi\/wordpress\/?page_id=7999"},"modified":"2024-04-29T14:58:10","modified_gmt":"2024-04-29T11:58:10","slug":"tuotteet","status":"publish","type":"page","link":"https:\/\/teekkaripurjehtijat.fi\/wordpress\/?page_id=7999","title":{"rendered":"Tuotteet"},"content":{"rendered":"<h2>Pipot<\/h2>\n<p><a href=\"https:\/\/teekkaripurjehtijat.fi\/wordpress\/wp-content\/uploads\/2024\/04\/Pipot.png\"><img decoding=\"async\" loading=\"lazy\" src=\"https:\/\/teekkaripurjehtijat.fi\/wordpress\/wp-content\/uploads\/2024\/04\/Pipot.png\" alt=\"\" width=\"894\" height=\"534\" class=\"alignnone size-full wp-image-8009\" \/><\/a><\/p>\n<p><span style=\"font-weight: 400;\">Sijoita omaan TRIP pipoon, se pit\u00e4\u00e4 sinut l\u00e4mpim\u00e4n\u00e4 niin merituulessa kuin kes\u00e4y\u00f6ss\u00e4 merell\u00e4. Sporttinen veneily-look, joka huutaa viileytt\u00e4. Tilaa pipo tummansinisen\u00e4, Jacques Cousteaun punaisena tai oranssina<\/span><\/p>\n<p><a href=\"https:\/\/docs.google.com\/forms\/d\/e\/1FAIpQLSem2w5epEnUxLnpLz8LVxW-rMtu5VSBq8J2ve7bzcZjzmJonw\/viewform\">Tee tilaus t\u00e4st\u00e4 lomakkeesta<\/a><\/p>\n<h2>Haalarimerkit<\/h2>\n<p><a href=\"https:\/\/teekkaripurjehtijat.fi\/wordpress\/wp-content\/uploads\/2024\/04\/haalarimerkki.jpg\"><img decoding=\"async\" loading=\"lazy\" class=\"alignnone size-full wp-image-7996\" src=\"https:\/\/teekkaripurjehtijat.fi\/wordpress\/wp-content\/uploads\/2024\/04\/haalarimerkki.jpg\" alt=\"\" width=\"1667\" height=\"1333\" \/><\/a><\/p>\n<p><span style=\"font-weight: 400;\">Korista haalariasi Teekkaripurjehtijoiden omalla haalarimerkill\u00e4, tai ompele sellainen vaikka reppuun ja edusta TRIPi\u00e4 minne ikin\u00e4 menetkin. Haalarimerkit ovat halkaisijaltaan 8 cm ja kuva on brodeerattu mustalla valkoiselle pohjalle. <\/span><\/p>\n<p><a href=\"https:\/\/docs.google.com\/forms\/d\/e\/1FAIpQLSem2w5epEnUxLnpLz8LVxW-rMtu5VSBq8J2ve7bzcZjzmJonw\/viewform\">Tilauslomakkeeseen<\/a><\/p>\n","protected":false},"excerpt":{"rendered":"<p>Pipot Sijoita omaan TRIP pipoon, se pit\u00e4\u00e4 sinut l\u00e4mpim\u00e4n\u00e4 niin merituulessa kuin kes\u00e4y\u00f6ss\u00e4 merell\u00e4. Sporttinen veneily-look, joka huutaa viileytt\u00e4. Tilaa pipo tummansinisen\u00e4, Jacques Cousteaun punaisena tai oranssina Tee tilaus t\u00e4st\u00e4 lomakkeesta Haalarimerkit Korista haalariasi Teekkaripurjehtijoiden omalla haalarimerkill\u00e4, tai ompele sellainen vaikka reppuun ja edusta TRIPi\u00e4 minne ikin\u00e4 menetkin. Haalarimerkit ovat &hellip;<\/p>\n","protected":false},"author":1,"featured_media":7364,"parent":0,"menu_order":0,"comment_status":"closed","ping_status":"closed","template":"","meta":{"footnotes":""},"_links":{"self":[{"href":"https:\/\/teekkaripurjehtijat.fi\/wordpress\/index.php?rest_route=\/wp\/v2\/pages\/7999"}],"collection":[{"href":"https:\/\/teekkaripurjehtijat.fi\/wordpress\/index.php?rest_route=\/wp\/v2\/pages"}],"about":[{"href":"https:\/\/teekkaripurjehtijat.fi\/wordpress\/index.php?rest_route=\/wp\/v2\/types\/page"}],"author":[{"embeddable":true,"href":"https:\/\/teekkaripurjehtijat.fi\/wordpress\/index.php?rest_route=\/wp\/v2\/users\/1"}],"replies":[{"embeddable":true,"href":"https:\/\/teekkaripurjehtijat.fi\/wordpress\/index.php?rest_route=%2Fwp%2Fv2%2Fcomments&post=7999"}],"version-history":[{"count":3,"href":"https:\/\/teekkaripurjehtijat.fi\/wordpress\/index.php?rest_route=\/wp\/v2\/pages\/7999\/revisions"}],"predecessor-version":[{"id":8012,"href":"https:\/\/teekkaripurjehtijat.fi\/wordpress\/index.php?rest_route=\/wp\/v2\/pages\/7999\/revisions\/8012"}],"wp:featuredmedia":[{"embeddable":true,"href":"https:\/\/teekkaripurjehtijat.fi\/wordpress\/index.php?rest_route=\/wp\/v2\/media\/7364"}],"wp:attachment":[{"href":"https:\/\/teekkaripurjehtijat.fi\/wordpress\/index.php?rest_route=%2Fwp%2Fv2%2Fmedia&parent=7999"}],"curies":[{"name":"wp","href":"https:\/\/api.w.org\/{rel}","templated":true}]}}