{"id":7624,"date":"2024-03-18T10:29:16","date_gmt":"2024-03-18T08:29:16","guid":{"rendered":"https:\/\/teekkaripurjehtijat.fi\/wordpress\/?page_id=7624"},"modified":"2024-05-14T14:42:04","modified_gmt":"2024-05-14T11:42:04","slug":"material-bank","status":"publish","type":"page","link":"https:\/\/teekkaripurjehtijat.fi\/wordpress\/?page_id=7624&lang=en","title":{"rendered":"Material bank"},"content":{"rendered":"<p>Information on matters concerning members and other useful materials for members.<\/p>\n<ul>\n<li style=\"list-style-type: none;\">\n<ul>\n<li><a title=\"Communication channels\" href=\"https:\/\/teekkaripurjehtijat.fi\/wordpress\/?page_id=7602&amp;lang=en\">Mailing lists and communication channels<\/a><\/li>\n<li><a title=\"S\u00e4\u00e4nn\u00f6t\" href=\"https:\/\/teekkaripurjehtijat.fi\/wordpress\/?page_id=186\">Rules<\/a><\/li>\n<li><a href=\"https:\/\/teekkaripurjehtijat.fi\/wordpress\/wp-content\/uploads\/2023\/08\/Turvallisemman-tilan-periaatteet-_-Safer-space-policy.pdf\">Safer space policy \/ Turvallisemman tilan periaatteet<\/a><\/li>\n<li><a href=\"https:\/\/teekkaripurjehtijat.fi\/wordpress\/wp-content\/uploads\/2024\/03\/TRIP-Tyo%CC%88tuntiohjeet-2018_ENG-TRANSLATION.docx.pdf\">Instructions for bee-hours<\/a> (translated from file updated by the board in 2018) \/ <a href=\"https:\/\/teekkaripurjehtijat.fi\/wordpress\/wp-content\/uploads\/2018\/04\/TRIP-Ty\u00f6tuntiohjeet-2018.pdf\">Ty\u00f6tuntiohjeet<\/a> (p\u00e4ivitetty kaudelle 2018)<\/li>\n<li><a title=\"TRIP-Wiki\" href=\"http:\/\/trip.ayy.fi\/wiki\">TRIP-Wiki<\/a> (only in Finnish)<\/li>\n<li><a title=\"Satamakirja\" href=\"https:\/\/teekkaripurjehtijat.fi\/wordpress\/?page_id=2236\">Harbour book \/ Satamakirja<\/a> (only in Finnish)<\/li>\n<li><a href=\"https:\/\/teekkaripurjehtijat.fi\/wordpress\/wp-content\/uploads\/2021\/09\/skippers-exam-v2.pdf\">Skipper&#8217;s exam-form (EN)<\/a> \/ <a href=\"https:\/\/teekkaripurjehtijat.fi\/wordpress\/wp-content\/uploads\/2012\/03\/kipparikoe.pdf\">Kipparikokeen muistilista (FI)<\/a><\/li>\n<\/ul>\n<\/li>\n<\/ul>\n<p><strong>Forms<\/strong><\/p>\n<ul>\n<li style=\"list-style-type: none;\">\n<ul>\n<li><a href=\"https:\/\/teekkaripurjehtijat.fi\/wordpress\/wp-content\/uploads\/2024\/05\/Kipparikirje-2024.pdf\">Kipparikirje 2024 (FI)<\/a><\/li>\n<li><a href=\"https:\/\/teekkaripurjehtijat.fi\/wordpress\/wp-content\/uploads\/2024\/05\/Skippers-Letter-2023.pdf\">Skippers&#8217; Letter 2023 (EN)<\/a> \/ <a href=\"https:\/\/teekkaripurjehtijat.fi\/wordpress\/wp-content\/uploads\/2024\/05\/Kipparikirje-2023.pdf\">Kipparikirje 2023 (FI)<\/a><\/li>\n<li><a href=\"https:\/\/teekkaripurjehtijat.fi\/wordpress\/wp-content\/uploads\/2022\/06\/Skippers-Letter-2022.pdf\">Skippers&#8217; Letter 2022 (EN)<\/a> \/ <a href=\"https:\/\/teekkaripurjehtijat.fi\/wordpress\/wp-content\/uploads\/2022\/06\/Kipparikirje-2022.pdf\">Kipparikirje 2022 (FI)<\/a><\/li>\n<li><a href=\"https:\/\/teekkaripurjehtijat.fi\/wordpress\/wp-content\/uploads\/2021\/06\/Skippers-Letter-2021.pdf\">Skippers&#8217; Letter 2021 (EN)<\/a> \/ <a href=\"https:\/\/teekkaripurjehtijat.fi\/wordpress\/wp-content\/uploads\/2021\/06\/Kipparikirje-2021.pdf\">Kipparikirje 2021 (FI)<\/a><\/li>\n<li><a href=\"https:\/\/teekkaripurjehtijat.fi\/wordpress\/wp-content\/uploads\/2020\/07\/Kipparikirje-2020.pdf\">Kipparikirje 2020<\/a> (only in Finnish)<\/li>\n<li><a href=\"https:\/\/teekkaripurjehtijat.fi\/wordpress\/wp-content\/uploads\/2020\/07\/Kipparikirje-2019-1.pdf\">Kipparikirje 2019<\/a> (only in Finnish)<\/li>\n<li><a href=\"https:\/\/teekkaripurjehtijat.fi\/wordpress\/wp-content\/uploads\/2018\/04\/Kipparikirje-2018.pdf\">Kipparikirje 2018<\/a> (only in Finnish)<\/li>\n<li><a href=\"https:\/\/teekkaripurjehtijat.fi\/wordpress\/wp-content\/uploads\/2012\/05\/Kipparikirje2016.pdf\">Kipparikirje 2016<\/a> (only in Finnish)<\/li>\n<li><a href=\"https:\/\/script.google.com\/macros\/s\/AKfycby2OLLCUSeyBqFrWjNalhAYYXFoKADWH33ezLIzzIk1kHNqvYHQkZ7-_dPNjlqsB-JADA\/exec\">Electronic reimursement form<\/a><\/li>\n<li><a href=\"https:\/\/teekkaripurjehtijat.fi\/wordpress\/wp-content\/uploads\/2024\/03\/TRIP-reimbursement-form-2024.pdf\">Expense reimbursement form (EN)<\/a> \/ <a href=\"https:\/\/teekkaripurjehtijat.fi\/wordpress\/wp-content\/uploads\/2024\/03\/TRIP-kulukorvauslomake-pa%CC%88ivitetty-2024.pdf\">Kulukorvauslomake (FI)<\/a> (korvaa aiemman laskutuslomakkeen)<\/li>\n<li><a href=\"https:\/\/teekkaripurjehtijat.fi\/wordpress\/wp-content\/uploads\/2023\/05\/TRIP-Tyo\u0308tuntilista-Beehours-sheet.xlsx\">Bee-hour list \/ Ty\u00f6tuntilista<\/a><\/li>\n<li><a title=\"Meriselityspohja\" href=\"https:\/\/teekkaripurjehtijat.fi\/wordpress\/?page_id=7823&amp;lang=en\">Template for marine incident report<\/a> \/ <a title=\"Meriselityspohja\" href=\"https:\/\/teekkaripurjehtijat.fi\/wordpress\/?page_id=1765\">Meriselityspohja <\/a><\/li>\n<li><a href=\"https:\/\/docs.google.com\/forms\/d\/e\/1FAIpQLScitQKcysj2OFySbwODSeflKFuM2nmNuGiX3vUAwhAVM1QGWw\/viewform?usp=sf_link\">Issue report form \/ Vikailmoituslomake<\/a><\/li>\n<li><a href=\"https:\/\/teekkaripurjehtijat.fi\/wordpress\/wp-content\/uploads\/2024\/03\/Veneperehdytys.pdf\">Boat inductions \/ Veneperehdytykset<\/a><\/li>\n<\/ul>\n<\/li>\n<\/ul>\n","protected":false},"excerpt":{"rendered":"<p>Information on matters concerning members and other useful materials for members. Mailing lists and communication channels Rules Safer space policy \/ Turvallisemman tilan periaatteet Instructions for bee-hours (translated from file updated by the board in 2018) \/ Ty\u00f6tuntiohjeet (p\u00e4ivitetty kaudelle 2018) TRIP-Wiki (only in Finnish) Harbour book \/ Satamakirja (only &hellip;<\/p>\n","protected":false},"author":1,"featured_media":7364,"parent":4766,"menu_order":0,"comment_status":"closed","ping_status":"closed","template":"","meta":{"footnotes":""},"_links":{"self":[{"href":"https:\/\/teekkaripurjehtijat.fi\/wordpress\/index.php?rest_route=\/wp\/v2\/pages\/7624"}],"collection":[{"href":"https:\/\/teekkaripurjehtijat.fi\/wordpress\/index.php?rest_route=\/wp\/v2\/pages"}],"about":[{"href":"https:\/\/teekkaripurjehtijat.fi\/wordpress\/index.php?rest_route=\/wp\/v2\/types\/page"}],"author":[{"embeddable":true,"href":"https:\/\/teekkaripurjehtijat.fi\/wordpress\/index.php?rest_route=\/wp\/v2\/users\/1"}],"replies":[{"embeddable":true,"href":"https:\/\/teekkaripurjehtijat.fi\/wordpress\/index.php?rest_route=%2Fwp%2Fv2%2Fcomments&post=7624"}],"version-history":[{"count":23,"href":"https:\/\/teekkaripurjehtijat.fi\/wordpress\/index.php?rest_route=\/wp\/v2\/pages\/7624\/revisions"}],"predecessor-version":[{"id":8051,"href":"https:\/\/teekkaripurjehtijat.fi\/wordpress\/index.php?rest_route=\/wp\/v2\/pages\/7624\/revisions\/8051"}],"up":[{"embeddable":true,"href":"https:\/\/teekkaripurjehtijat.fi\/wordpress\/index.php?rest_route=\/wp\/v2\/pages\/4766"}],"wp:featuredmedia":[{"embeddable":true,"href":"https:\/\/teekkaripurjehtijat.fi\/wordpress\/index.php?rest_route=\/wp\/v2\/media\/7364"}],"wp:attachment":[{"href":"https:\/\/teekkaripurjehtijat.fi\/wordpress\/index.php?rest_route=%2Fwp%2Fv2%2Fmedia&parent=7624"}],"curies":[{"name":"wp","href":"https:\/\/api.w.org\/{rel}","templated":true}]}}