{"id":671,"date":"2012-11-17T16:04:53","date_gmt":"2012-11-17T14:04:53","guid":{"rendered":"http:\/\/trip.ayy.fi\/wordpress\/?page_id=671"},"modified":"2023-11-15T19:21:32","modified_gmt":"2023-11-15T17:21:32","slug":"teemakoulutukset","status":"publish","type":"page","link":"https:\/\/teekkaripurjehtijat.fi\/wordpress\/?page_id=671","title":{"rendered":"Teemakoulutukset"},"content":{"rendered":"<p>Varsinaisten kurssien lis\u00e4ksi TRIPin veneill\u00e4 j\u00e4rjestet\u00e4\u00e4n kiinnostuksen mukaan erilaisia tiiviit\u00e4 teemakoulutuksia. Voit oppia esimerkiksi k\u00e4ytt\u00e4m\u00e4\u00e4n spinaakkeria, trimmaamaan purjeita paremmin tai navigoimaan pime\u00e4ll\u00e4. Mik\u00e4li olisit kiinnostunut joistain em. aiheista tai muusta sopivasta aiheesta, l\u00e4het\u00e4 s\u00e4hk\u00f6postia kipparit-listalle osoitteeseen kipparit@teekkaripurjehtijat.fi ja kerro kiinnostuksestasi, niin pyrimme ker\u00e4\u00e4m\u00e4\u00e4n kasaan porukan ja j\u00e4rjest\u00e4m\u00e4\u00e4n koulutuksen!<\/p>\n","protected":false},"excerpt":{"rendered":"<p>Varsinaisten kurssien lis\u00e4ksi TRIPin veneill\u00e4 j\u00e4rjestet\u00e4\u00e4n kiinnostuksen mukaan erilaisia tiiviit\u00e4 teemakoulutuksia. Voit oppia esimerkiksi k\u00e4ytt\u00e4m\u00e4\u00e4n spinaakkeria, trimmaamaan purjeita paremmin tai navigoimaan pime\u00e4ll\u00e4. Mik\u00e4li olisit kiinnostunut joistain em. aiheista tai muusta sopivasta aiheesta, l\u00e4het\u00e4 s\u00e4hk\u00f6postia kipparit-listalle osoitteeseen kipparit@teekkaripurjehtijat.fi ja kerro kiinnostuksestasi, niin pyrimme ker\u00e4\u00e4m\u00e4\u00e4n kasaan porukan ja j\u00e4rjest\u00e4m\u00e4\u00e4n koulutuksen!<\/p>\n","protected":false},"author":1,"featured_media":7364,"parent":229,"menu_order":0,"comment_status":"closed","ping_status":"closed","template":"","meta":{"footnotes":""},"_links":{"self":[{"href":"https:\/\/teekkaripurjehtijat.fi\/wordpress\/index.php?rest_route=\/wp\/v2\/pages\/671"}],"collection":[{"href":"https:\/\/teekkaripurjehtijat.fi\/wordpress\/index.php?rest_route=\/wp\/v2\/pages"}],"about":[{"href":"https:\/\/teekkaripurjehtijat.fi\/wordpress\/index.php?rest_route=\/wp\/v2\/types\/page"}],"author":[{"embeddable":true,"href":"https:\/\/teekkaripurjehtijat.fi\/wordpress\/index.php?rest_route=\/wp\/v2\/users\/1"}],"replies":[{"embeddable":true,"href":"https:\/\/teekkaripurjehtijat.fi\/wordpress\/index.php?rest_route=%2Fwp%2Fv2%2Fcomments&post=671"}],"version-history":[{"count":3,"href":"https:\/\/teekkaripurjehtijat.fi\/wordpress\/index.php?rest_route=\/wp\/v2\/pages\/671\/revisions"}],"predecessor-version":[{"id":6043,"href":"https:\/\/teekkaripurjehtijat.fi\/wordpress\/index.php?rest_route=\/wp\/v2\/pages\/671\/revisions\/6043"}],"up":[{"embeddable":true,"href":"https:\/\/teekkaripurjehtijat.fi\/wordpress\/index.php?rest_route=\/wp\/v2\/pages\/229"}],"wp:featuredmedia":[{"embeddable":true,"href":"https:\/\/teekkaripurjehtijat.fi\/wordpress\/index.php?rest_route=\/wp\/v2\/media\/7364"}],"wp:attachment":[{"href":"https:\/\/teekkaripurjehtijat.fi\/wordpress\/index.php?rest_route=%2Fwp%2Fv2%2Fmedia&parent=671"}],"curies":[{"name":"wp","href":"https:\/\/api.w.org\/{rel}","templated":true}]}}