{"id":6179,"date":"2023-02-02T18:32:46","date_gmt":"2023-02-02T16:32:46","guid":{"rendered":"https:\/\/trip.ayy.fi\/wordpress\/?page_id=6179"},"modified":"2026-03-31T10:39:10","modified_gmt":"2026-03-31T07:39:10","slug":"price-list-2023","status":"publish","type":"page","link":"https:\/\/teekkaripurjehtijat.fi\/wordpress\/?page_id=6179&lang=en","title":{"rendered":"Price list 2026"},"content":{"rendered":"<h4><strong>Course price<br \/>\n<\/strong><\/h4>\n<hr \/>\n<p><strong>250 \u20ac<\/strong> \/ Sailing Crew course or Inshore skipper course for a student<\/p>\n<hr \/>\n<p><strong>425 \u20ac<\/strong> \/ Sailing Crew course or Inshore skipper course for a graduate\/others<\/p>\n<hr \/>\n<p><strong>85 \u20ac<\/strong> \/ Advanced Crew course for a student<\/p>\n<hr \/>\n<p><strong>140 \u20ac<\/strong> \/ Advanced Crew course for a graduate\/others<\/p>\n<hr \/>\n<h4><strong>Materials<\/strong><\/h4>\n<hr \/>\n<p><strong>20 \u20ac<\/strong> \/ Purjehtimaan &#8211; opas purjehtijakurssille (Course book for Sailing Crew course in Finnish)<\/p>\n<p><strong>20 \u20ac<\/strong> \/ Reeds Crew Handbook (Course book for Sailing Crew course in English)<\/p>\n<hr \/>\n<p><strong>30 \u20ac<\/strong> \/ Purjeveneen p\u00e4\u00e4llik\u00f6ksi &#8211; opas saaristo- ja rannikkop\u00e4\u00e4llikk\u00f6kurssille (Course book for Inshore Skipper course in Finnish)<\/p>\n<p><strong>20 \u20ac<\/strong> \/ Reeds Skipper&#8217;s Handbook (Course book for Inshore Skipper course in English)<\/p>\n<hr \/>\n<p><strong>10 \u20ac<\/strong> \/ Record of Competence and Logbook<\/p>\n<h6><\/h6>\n<p><strong>Teekkaripurjehtijat ry reserves the right to possible changes.<\/strong><\/p>\n","protected":false},"excerpt":{"rendered":"<p>Course price 250 \u20ac \/ Sailing Crew course or Inshore skipper course for a student 425 \u20ac \/ Sailing Crew course or Inshore skipper course for a graduate\/others 85 \u20ac \/ Advanced Crew course for a student 140 \u20ac \/ Advanced Crew course for a graduate\/others Materials 20 \u20ac \/ &hellip;<\/p>\n","protected":false},"author":1,"featured_media":7364,"parent":4785,"menu_order":0,"comment_status":"closed","ping_status":"closed","template":"","meta":{"footnotes":""},"_links":{"self":[{"href":"https:\/\/teekkaripurjehtijat.fi\/wordpress\/index.php?rest_route=\/wp\/v2\/pages\/6179"}],"collection":[{"href":"https:\/\/teekkaripurjehtijat.fi\/wordpress\/index.php?rest_route=\/wp\/v2\/pages"}],"about":[{"href":"https:\/\/teekkaripurjehtijat.fi\/wordpress\/index.php?rest_route=\/wp\/v2\/types\/page"}],"author":[{"embeddable":true,"href":"https:\/\/teekkaripurjehtijat.fi\/wordpress\/index.php?rest_route=\/wp\/v2\/users\/1"}],"replies":[{"embeddable":true,"href":"https:\/\/teekkaripurjehtijat.fi\/wordpress\/index.php?rest_route=%2Fwp%2Fv2%2Fcomments&post=6179"}],"version-history":[{"count":11,"href":"https:\/\/teekkaripurjehtijat.fi\/wordpress\/index.php?rest_route=\/wp\/v2\/pages\/6179\/revisions"}],"predecessor-version":[{"id":8584,"href":"https:\/\/teekkaripurjehtijat.fi\/wordpress\/index.php?rest_route=\/wp\/v2\/pages\/6179\/revisions\/8584"}],"up":[{"embeddable":true,"href":"https:\/\/teekkaripurjehtijat.fi\/wordpress\/index.php?rest_route=\/wp\/v2\/pages\/4785"}],"wp:featuredmedia":[{"embeddable":true,"href":"https:\/\/teekkaripurjehtijat.fi\/wordpress\/index.php?rest_route=\/wp\/v2\/media\/7364"}],"wp:attachment":[{"href":"https:\/\/teekkaripurjehtijat.fi\/wordpress\/index.php?rest_route=%2Fwp%2Fv2%2Fmedia&parent=6179"}],"curies":[{"name":"wp","href":"https:\/\/api.w.org\/{rel}","templated":true}]}}