{"id":5980,"date":"2023-06-19T18:58:00","date_gmt":"2023-06-19T15:58:00","guid":{"rendered":"https:\/\/trip.ayy.fi\/wordpress\/?page_id=5980"},"modified":"2026-05-12T12:23:02","modified_gmt":"2026-05-12T09:23:02","slug":"aikataulu-ja-ilmoittautumine-2023","status":"publish","type":"page","link":"https:\/\/teekkaripurjehtijat.fi\/wordpress\/?page_id=5980","title":{"rendered":"Aikataulu ja ilmoittautuminen 2026"},"content":{"rendered":"\n<h1 class=\"wp-block-heading\"><strong>Ilmoittautuminen <\/strong><\/h1>\n\n\n\n<p>Ilmoittautuminen  kev\u00e4\u00e4n kursseille on p\u00e4\u00e4ttynyt.<\/p>\n\n\n\n<p>Syksyn kurssien ilmoittautuminen alkaa<strong> tiistaina 30.6. klo 10.00.<\/strong><\/p>\n\n\n\n<p><\/p>\n\n\n\n<h1 class=\"wp-block-heading\"><strong>Tietoa kursseista<br \/><\/strong><\/h1>\n\n\n\n<h2 class=\"wp-block-heading\">Purjehtijakurssi<\/h2>\n\n\n\n<p>Purjehtijakurssi<strong> <\/strong>antaa valmiudet toimia purjeveneen miehist\u00f6n j\u00e4senen\u00e4 ja sopii siis erinomaisesti aloittelevalle seilorille. My\u00f6s sellaiselle, joka kaipaa lis\u00e4\u00e4 itsevarmuutta veneess\u00e4 toimimiseen tai apua termiviidakon kanssa (mit\u00e4 olivatkaan <em>kikkeri<\/em>, <em>skuutti <\/em>ja <em>saalinki<\/em>?). Purjehtijakurssilla opetellaan merimiestaitoja, purjehdusta ja veneenk\u00e4sittely\u00e4. Kurssilla ei vaadita aikaisempaa tiet\u00e4myst\u00e4 tai osaamista purjehduksesta ja navigoinnista. Kurssi koostuu teoriap\u00e4iv\u00e4st\u00e4 (8h) sek\u00e4 purjehdusp\u00e4ivist\u00e4\/illoista (yht. 24h). <\/p>\n\n\n\n<p><strong>Kev\u00e4\u00e4n purjehtijakurssit<\/strong><\/p>\n\n\n\n<p>Kev\u00e4\u00e4n kurssien teoriap\u00e4iv\u00e4t ovat 5.5. ja 7.5. Teoriatunnit pidet\u00e4\u00e4n iltaiakaan Otaniemess\u00e4.<\/p>\n\n\n\n<figure class=\"wp-block-table\"><table><tbody><tr><td><strong>Kurssi<\/strong><\/td><td><strong>Opettaja<\/strong><\/td><td><strong>P\u00e4iv\u00e4m\u00e4\u00e4r\u00e4t purjehdusp\u00e4iville<\/strong><\/td><\/tr><tr><td>PU FIN 1<\/td><td>Lari Tuominen<\/td><td>14.5. (ilta), 15.5. -17.5. (retki)<\/td><\/tr><tr><td>PU FIN 2<\/td><td>Nina Lukin<\/td><td>26.5. (ilta), 28.5. (ilta), 30.5.-31.5. (retki)<\/td><\/tr><tr><td>PU FIN 3<\/td><td>Markus Nevalainen<\/td><td>26.5. (ilta), 29.5.-31.5. (retki)<\/td><\/tr><tr><td>PU FIN 4<\/td><td>Niina Ikonen<\/td><td>4.6. (ilta), 5.6.-7.6. (retki)<\/td><\/tr><tr><td>PU ENG 1<\/td><td>Arpad Toldy<\/td><td>19.5. (ilta), 22.5.-24.5. (retki)<\/td><\/tr><tr><td>PU ENG 2<\/td><td>Ti John<\/td><td>23.5.-24-5. (retki), 25.5. (ilta), 27.5. (ilta)<\/td><\/tr><\/tbody><\/table><\/figure>\n\n\n\n<p><strong>Syksyn purjehtijakurssit<\/strong><\/p>\n\n\n\n<p>Syksyn kurssien teoriap\u00e4iv\u00e4t julkaistaan mahdollisimman  pian.<\/p>\n\n\n\n<figure class=\"wp-block-table\"><table><tbody><tr><td><strong>Kurssi<\/strong><\/td><td><strong>Opettaja<\/strong><\/td><td><strong>P\u00e4iv\u00e4m\u00e4\u00e4r\u00e4t purjehdusp\u00e4iville<\/strong><\/td><\/tr><tr><td>PU FIN 5<\/td><td>Lari Tuominen<\/td><td>27.8. (ilta), 28.8.-30.8. (retki)<\/td><\/tr><tr><td>PU FIN 6<\/td><td>Niina Ikonen<\/td><td>10.9. (ilta), 11.9.-13.9. (retki)<\/td><\/tr><tr><td>PU ENG 3<\/td><td>Arpad Toldy<\/td><td>11.8. (ilta), 14.8.-16.8. (retki)<\/td><\/tr><tr><td>PU ENG 4<\/td><td>Arpad Toldy<\/td><td>8.9. (ilta), 11.9.-13.9. (retki)<\/td><\/tr><\/tbody><\/table><\/figure>\n\n\n\n<h2 class=\"wp-block-heading\">Purjehtijakurssin jatkokurssi<strong> <\/strong><\/h2>\n\n\n\n<p>Purjehtijakurssin jatkokurssi<strong> <\/strong>kest\u00e4\u00e4 8 tuntia kahden illan aikana, joiden aikana harjoittelet miehist\u00f6n taitoja eri teht\u00e4viss\u00e4 kaikissa tyypillisiss\u00e4 man\u00f6\u00f6vereiss\u00e4. Edellytyksen\u00e4 on vahva osaaminen miehist\u00f6n teht\u00e4viss\u00e4 kaikissa positioissa. K\u00e4yt\u00e4nn\u00f6ss\u00e4 t\u00e4m\u00e4 tarkoittaa, ett\u00e4 olet suorittanut Purjehtijakurssin ja purjehtinut sen j\u00e4lkeen.<\/p>\n\n\n\n<p><strong>Kev\u00e4\u00e4n jatkokurssit<\/strong><\/p>\n\n\n\n<figure class=\"wp-block-table\"><table><tbody><tr><td><strong>Kurssi<\/strong><\/td><td><strong>Opettaja<\/strong><\/td><td><strong>P\u00e4iv\u00e4m\u00e4\u00e4r\u00e4t purjehdusp\u00e4iville<\/strong><\/td><\/tr><tr><td>PUJ ENG 1<\/td><td>Arpad Toldy<\/td><td>29.5. (ilta), 1.6. (ilta)<\/td><\/tr><\/tbody><\/table><\/figure>\n\n\n\n<h2 class=\"wp-block-heading\">Saaristop\u00e4\u00e4likk\u00f6kurssi<\/h2>\n\n\n\n<p>Saaristop\u00e4\u00e4llikk\u00f6kurssilla<strong> <\/strong>perehdyt\u00e4\u00e4n l\u00e4ht\u00f6- ja paluuvalmisteluihin satamassa, veneen ajamiseen moottorilla ja purjeilla, kiinnitt\u00e4miseen, kipparoinnin perusteisiin, navigointiin, reittisuunnitteluun&nbsp;ja turvallisuusasioihin. Esitietovaatimuksena kurssille on hyv\u00e4ksytysti suoritettu Navigointi 1 \u2013 tai vastaavantasoinen tutkinto sek\u00e4 v\u00e4hint\u00e4\u00e4n 100 purjehdittua merimailia miehist\u00f6n j\u00e4senen\u00e4. Aiempaa kipparointikokemusta ei edellytet\u00e4. Kurssi koostuu kahdesta teoriatunnista (yht 8h) sek\u00e4 purjehdusp\u00e4ivist\u00e4\/illoista (yht. 24h).<\/p>\n\n\n\n<p><\/p>\n\n\n\n<p><strong>Kev\u00e4\u00e4n Saaristop\u00e4\u00e4likk\u00f6kurssit<\/strong><\/p>\n\n\n\n<p>Kev\u00e4\u00e4n kurssien teoriap\u00e4iv\u00e4t ovat suomen kielisille kursseille 5.5. ja 11.5. ja englannin kieliselle kurssille 5.5. ja 7.5. Teoriatunnit pidet\u00e4\u00e4n iltaiakaan Otaniemess\u00e4.<\/p>\n\n\n\n<figure class=\"wp-block-table\"><table><tbody><tr><td><strong>Kurssi<\/strong><\/td><td><strong>Opettaja<\/strong><\/td><td><strong>P\u00e4iv\u00e4m\u00e4\u00e4r\u00e4t purjehdusp\u00e4iville<\/strong><\/td><\/tr><tr><td>SPK FIN 1<\/td><td>Jutta Jokela<\/td><td>1.6. (ilta), 5.6.-7.6. (retki)<\/td><\/tr><tr><td>SPK FIN 2<\/td><td>Lari Tuominen<\/td><td>4.6. (ilta), 5.6.-7.6. (retki)<\/td><\/tr><tr><td>SPK ENG 1<\/td><td>Alvar de Vit<\/td><td>22.5. -24.5. (retki), 27.5. (ilta)<\/td><\/tr><\/tbody><\/table><\/figure>\n\n\n\n<p><strong>Syksyn Saaristop\u00e4\u00e4likk\u00f6kurssit<\/strong><\/p>\n\n\n\n<p>Syksyn kurssin teoriap\u00e4iv\u00e4t julkaistaan mahdollisimman  pian.<\/p>\n\n\n\n<figure class=\"wp-block-table\"><table><tbody><tr><td><strong>Kurssi<\/strong><\/td><td><strong>Opettaja<\/strong><\/td><td><strong>P\u00e4iv\u00e4m\u00e4\u00e4r\u00e4t purjehdusp\u00e4iville<\/strong><\/td><\/tr><tr><td>SPK FIN 3<\/td><td>Lari Tuominen<\/td><td>20.8. (ilta), 21.8.-23.8. (retki)<\/td><\/tr><\/tbody><\/table><\/figure>\n\n\n<h6>\u00a0<\/h6>\n<p style=\"text-align: center;\"><strong data-rich-text-format-boundary=\"true\">Teekkaripurjehtijat ry pid\u00e4tt\u00e4\u00e4 oikeudenmahdollisiin muutoksiin.<\/strong><\/p>","protected":false},"excerpt":{"rendered":"<p>Ilmoittautuminen Ilmoittautuminen kev\u00e4\u00e4n kursseille on p\u00e4\u00e4ttynyt. Syksyn kurssien ilmoittautuminen alkaa tiistaina 30.6. klo 10.00. Tietoa kursseista Purjehtijakurssi Purjehtijakurssi antaa valmiudet toimia purjeveneen miehist\u00f6n j\u00e4senen\u00e4 ja sopii siis erinomaisesti aloittelevalle seilorille. My\u00f6s sellaiselle, joka kaipaa lis\u00e4\u00e4 itsevarmuutta veneess\u00e4 toimimiseen tai apua termiviidakon kanssa (mit\u00e4 olivatkaan kikkeri, skuutti ja saalinki?). Purjehtijakurssilla opetellaan &hellip;<\/p>\n","protected":false},"author":1,"featured_media":7364,"parent":231,"menu_order":0,"comment_status":"closed","ping_status":"closed","template":"","meta":{"footnotes":""},"_links":{"self":[{"href":"https:\/\/teekkaripurjehtijat.fi\/wordpress\/index.php?rest_route=\/wp\/v2\/pages\/5980"}],"collection":[{"href":"https:\/\/teekkaripurjehtijat.fi\/wordpress\/index.php?rest_route=\/wp\/v2\/pages"}],"about":[{"href":"https:\/\/teekkaripurjehtijat.fi\/wordpress\/index.php?rest_route=\/wp\/v2\/types\/page"}],"author":[{"embeddable":true,"href":"https:\/\/teekkaripurjehtijat.fi\/wordpress\/index.php?rest_route=\/wp\/v2\/users\/1"}],"replies":[{"embeddable":true,"href":"https:\/\/teekkaripurjehtijat.fi\/wordpress\/index.php?rest_route=%2Fwp%2Fv2%2Fcomments&post=5980"}],"version-history":[{"count":149,"href":"https:\/\/teekkaripurjehtijat.fi\/wordpress\/index.php?rest_route=\/wp\/v2\/pages\/5980\/revisions"}],"predecessor-version":[{"id":8668,"href":"https:\/\/teekkaripurjehtijat.fi\/wordpress\/index.php?rest_route=\/wp\/v2\/pages\/5980\/revisions\/8668"}],"up":[{"embeddable":true,"href":"https:\/\/teekkaripurjehtijat.fi\/wordpress\/index.php?rest_route=\/wp\/v2\/pages\/231"}],"wp:featuredmedia":[{"embeddable":true,"href":"https:\/\/teekkaripurjehtijat.fi\/wordpress\/index.php?rest_route=\/wp\/v2\/media\/7364"}],"wp:attachment":[{"href":"https:\/\/teekkaripurjehtijat.fi\/wordpress\/index.php?rest_route=%2Fwp%2Fv2%2Fmedia&parent=5980"}],"curies":[{"name":"wp","href":"https:\/\/api.w.org\/{rel}","templated":true}]}}