{"id":5974,"date":"2023-08-08T15:17:00","date_gmt":"2023-08-08T12:17:00","guid":{"rendered":"https:\/\/trip.ayy.fi\/wordpress\/?page_id=5974"},"modified":"2023-11-20T13:42:05","modified_gmt":"2023-11-20T11:42:05","slug":"meriradiotutkinnot","status":"publish","type":"page","link":"https:\/\/teekkaripurjehtijat.fi\/wordpress\/?page_id=5974","title":{"rendered":"Meriradiop\u00e4tevyydet (SRC + LRC)"},"content":{"rendered":"<h1>Mit\u00e4?<\/h1>\n<p>Teekkaripurjehtijat tarjoaa silloin t\u00e4ll\u00f6in j\u00e4senilleen mahdollisuuden meriradiotutkintoihin valmistaviin kertauksiin sek\u00e4 itse meriradiotutkintoihin. Tilaisuudet ovat j\u00e4rjestyneet yhteisty\u00f6ss\u00e4 Liikenne- ja viestint\u00e4virasto Traficomin kanssa. TRIP:in kautta on ollut mahdollista osallistua sek\u00e4 Rannikkolaivurin- ett\u00e4 Avomerilaivurin radiotodistuksiin (SRC + LRC) johtaviin tilaisuuksiin.<\/p>\n<h6>\u00a0<\/h6>\n<p>Meriradiop\u00e4tevyydet oikeuttavat k\u00e4ytt\u00e4m\u00e4\u00e4n alusten VHF- ja\/tai MF\/HF -taajuuksien radiolaitteita, jotka ovat t\u00e4rkeit\u00e4 viestint\u00e4- ja turvallisuuslaitteita merenkulussa.<\/p>\n<h6 style=\"text-align: center;\">\u00a0<\/h6>\n<p style=\"text-align: center;\"><strong>Ilmoittautuminen vuoden 2023 SRC- ja LRC -p\u00e4iviin on p\u00e4\u00e4ttynyt.<\/strong><\/p>\n<h6>\u00a0<\/h6>\n\n\n<div class=\"wp-block-columns is-layout-flex wp-container-3 wp-block-columns-is-layout-flex\">\n<div class=\"wp-block-column is-layout-flow wp-block-column-is-layout-flow\">\n<h3>Rannikkolaivurin radiop\u00e4tevyys (SRC)<\/h3>\n<p>SRC-tutkinto antaa valmiudet yhteydenpitoon merialueilla, joille k\u00e4nnykk\u00e4verkko ei ylet\u00e4. T\u00e4llaisia alueita voi kohdata esimerkiksi Suomen ulkosaaristossa tai matkalla Tallinnaan. VHF-taajuus kattaa merialueet maksimissaan noin 30 merimailia rannikosta.<\/p>\n<h6>\u00a0<\/h6>\n<p>P\u00e4iv\u00e4n aikana k\u00e4sitell\u00e4\u00e4n esimerkiksi seuraavia asiakokonaisuuksia:<\/p>\n<h6>\u00a0<\/h6>\n<ul>\n<li>yleist\u00e4 meriradioliikenteest\u00e4 (taustaa, kansainv\u00e4lisyys, pakolliset asiakirjat)<\/li>\n<li>merenkulun h\u00e4t\u00e4- ja turvallisuusj\u00e4rjestelm\u00e4 (GMDSS-j\u00e4rjestelm\u00e4)<\/li>\n<li>h\u00e4t\u00e4radioliikenteen k\u00e4ynnist\u00e4minen h\u00e4t\u00e4tilanteessa<\/li>\n<li>DSC-j\u00e4rjestelm\u00e4 (digitaalinen selektiivikutsu) + DSC-simulaatio<\/li>\n<li>h\u00e4t\u00e4- ja turvallisuusliikenteen kansainv\u00e4liset sanonnat puheliikenteess\u00e4m<\/li>\n<li>meri-VHF-kanavaj\u00e4rjestelm\u00e4 (periaatteet, kanavien k\u00e4ytt\u00e4minen eri tilanteissa)<\/li>\n<li>laitteiden vaatimuksenmukaisuus<\/li>\n<li>harjoituksia<\/li>\n<\/ul>\n<h6>\u00a0<\/h6>\n<p>SRC -kertaus ja tutkinto j\u00e4rjestet\u00e4\u00e4n la 28.10. klo 10 &#8211; n. 18, Traficomin tiloissa Kumpulassa. P\u00e4iv\u00e4n aikana kerrataan tutkintoon valmistavaa materiaalia, Rannikkolaivurin radio-opasta, johon osallistujat ovat tutustuneet jo aikaisemmin. P\u00e4iv\u00e4 p\u00e4\u00e4ttyy SRC -tutkintoon.<\/p>\n<\/div>\n\n\n\n<div class=\"wp-block-column is-layout-flow wp-block-column-is-layout-flow\">\n<h3>Avomerilaivurin radiop\u00e4tevyys (LRC)<\/h3>\n<p>LRC -tutkinto antaa valmiudet yhteydenpitoon merialueilla, jotka sijaitsevat 30-150 merimailia rannikolta. It\u00e4meren alueella t\u00e4llaisia alueita tulee vastaan esimerkiksi Selk\u00e4merell\u00e4 tai (riippuen reittivalinnasta) matkatessa Suomesta Gotlantiin.\u00a0<\/p>\n<h6>\u00a0<\/h6>\n<p>LRC -kertauksessa keskityt\u00e4\u00e4n l\u00e4hemmin meriradioliikenteen kansainv\u00e4lisyyteen. Perusasioita, jotka ovat samoja VHF-toiminnan kanssa, ei p\u00e4\u00e4s\u00e4\u00e4nt\u00f6isesti k\u00e4yd\u00e4 l\u00e4pi.<\/p>\n<h6>\u00a0<\/h6>\n<ul>\n<li>perusk\u00e4sitteet (taajuuden aallonpituus, l\u00e4hetyksen rakenne (modulaatiot) ja vastaavat kansainv\u00e4liset lyhenteet<\/li>\n<li>merenkulun kansainv\u00e4linen h\u00e4t\u00e4- ja turvallisuusj\u00e4rjestelm\u00e4 (GMDSS-j\u00e4rjestelm\u00e4)<\/li>\n<li>vaatimukset, laitteet, merialueet, SRR-alueet (meripelastusten vastuualueet), satelliittij\u00e4rjestelm\u00e4t, NAVAREA\/MSI<\/li>\n<li>DSC-j\u00e4rjestelm\u00e4 -&gt; erot DSC:n k\u00e4yt\u00f6ss\u00e4 VHF &lt;-&gt; MF\/HF -&gt; kansainv\u00e4liset MF\/HF\/DSC-ohjelmakaaviot<\/li>\n<li>DSC-testausmenettelyt eri taajuusalueilla<\/li>\n<li>h\u00e4t\u00e4liikenteen k\u00e4ynnist\u00e4minen ja aiheettoman h\u00e4t\u00e4h\u00e4lytyksen peruutusmenettelyt (MF\/HF)<\/li>\n<li>taajuusasiat MF\/HF sek\u00e4 radioaaltojen eteneminen eri merenkulun taajuusalueilla<\/li>\n<li>ITU-julkaisut (List of Ship Stations \/ List of Coast Stations) ja niiden tulkitseminen<\/li>\n<\/ul>\n<h6>\u00a0<\/h6>\n<p>LRC -kertaus ja tutkinto j\u00e4rjestet\u00e4\u00e4n la 25.11. klo 10 &#8211; n. 18, Traficomin tiloissa. P\u00e4iv\u00e4n aikana kerrataan tutkintoon valmistavaa materiaalia, Avomerilaivurin radio-opasta, johon osallistujat ovat tutustuneet jo aikaisemmin. P\u00e4iv\u00e4 p\u00e4\u00e4ttyy LRC -tutkintoon.<\/p>\n\n\n\n<p><\/p>\n<\/div>\n<\/div>\n\n\n<div class=\"wp-block-image\">\n<figure class=\"aligncenter size-large is-resized\"><img decoding=\"async\" loading=\"lazy\" width=\"859\" height=\"739\" src=\"https:\/\/teekkaripurjehtijat.fi\/wordpress\/wp-content\/uploads\/2023\/09\/Web-capture_18-9-2023_9816_www.traficom.fi_.jpeg\" alt=\"\" class=\"wp-image-7186\" style=\"width:556px;height:478px\" srcset=\"https:\/\/teekkaripurjehtijat.fi\/wordpress\/wp-content\/uploads\/2023\/09\/Web-capture_18-9-2023_9816_www.traficom.fi_.jpeg 859w, https:\/\/teekkaripurjehtijat.fi\/wordpress\/wp-content\/uploads\/2023\/09\/Web-capture_18-9-2023_9816_www.traficom.fi_-300x258.jpeg 300w, https:\/\/teekkaripurjehtijat.fi\/wordpress\/wp-content\/uploads\/2023\/09\/Web-capture_18-9-2023_9816_www.traficom.fi_-768x661.jpeg 768w, https:\/\/teekkaripurjehtijat.fi\/wordpress\/wp-content\/uploads\/2023\/09\/Web-capture_18-9-2023_9816_www.traficom.fi_-232x200.jpeg 232w\" sizes=\"(max-width: 859px) 100vw, 859px\" \/><figcaption class=\"wp-element-caption\">L\u00e4hde: Viestint\u00e4virasto 2012: Rannikkolaivurin VHF-radio-opas, sivu 19<\/figcaption><\/figure><\/div>\n\n<h1>Miksi?<\/h1>\n<ul>\n<li>Meriradiop\u00e4tevyystodistuksilla saat oikeuden k\u00e4ytt\u00e4\u00e4 aluksen VHF- ja\/tai MF\/HF -taajuuksien radiolaitteita.<\/li>\n<li>Radiotaajuuksilla toimivilla laitteilla saa yhteyden muihin aluksiin ja rannikkoasemiin, vaikka k\u00e4nnyk\u00e4t eiv\u00e4t en\u00e4\u00e4 toimisi (esimerkiksi siit\u00e4 syyst\u00e4, ett\u00e4 alus on k\u00e4nnykk\u00e4verkon kantaman ulkopuolella, k\u00e4nnyk\u00e4st\u00e4 on akku loppu tai se on merenpohjassa).<\/li>\n<li>Meriradioj\u00e4rjestelm\u00e4n tunteminen ja laitteiden asianmukaisen k\u00e4yt\u00f6n osaaminen lis\u00e4\u00e4 turvallisuutta vesill\u00e4 liikkuessa.\u00a0<\/li>\n<li>SRC -tutkinnon suorittaminen on edellytys TRIP:in kapteeniksi eli rannikkopurren kippariksi hyv\u00e4ksymiselle.<\/li>\n<li>On hyv\u00e4, ett\u00e4 useampi henkil\u00f6 veneess\u00e4 tuntee meriradioj\u00e4rjestelm\u00e4n ja laitteiden k\u00e4yt\u00f6n, mik\u00e4li tapahtuu jotakin yll\u00e4tt\u00e4v\u00e4\u00e4.<\/li>\n<li>P\u00e4tevyyden my\u00f6t\u00e4 voit keskustella <strong>asianmukaisella kanavalla<\/strong> toisessa aluksessa olevan kaverisi kanssa maksutta, mik\u00e4li olette k\u00e4nnykk\u00e4verkon ulkopuolella, esimerkiksi ylitt\u00e4m\u00e4ss\u00e4 Suomenlahtea.\u00a0<\/li>\n<li>Radiop\u00e4tevyystodistukset ovat elinik\u00e4isi\u00e4.<\/li>\n<\/ul>\n<h1>Kenelle?<\/h1>\n<p>Meriradiokoulutus on tarkoitettu kaikille &#8211; voit olla aloitteleva purjehtija taikka jo kokenut merenk\u00e4vij\u00e4 tai jotain silt\u00e4 v\u00e4lilt\u00e4. Meriradioj\u00e4rjestelm\u00e4n tuntemus lis\u00e4\u00e4 turvallisuutta vesill\u00e4 liikkuessa, joten ei haittaa vaikka aihe olisi usemmallekin veneess\u00e4 olevalle tuttu. TRIP:in kontekstissa SRC -p\u00e4tevyystodistus on pakollinen rannikkopurtta kipparoiville eli kapteeneille.<\/p>\n<h6>\u00a0<\/h6>\n<p>Ennen ilmoittautumista kannattaa kuitenkin huomioida alla olevat tekij\u00e4t ja rajoitukset:<\/p>\n<h6>\u00a0<\/h6>\n<ul>\n<li>TRIP:in kautta meriradiokertauksiin ja -tutkintoihin ilmoittautuminen on mahdollista vain j\u00e4senillemme.\u00a0<\/li>\n<li>Tilaisuuksien kieli on suomi eli materiaalin kertaus tapahtuu suomeksi, mutta kysymyksi\u00e4 voi esitt\u00e4\u00e4 my\u00f6s englanniksi.<\/li>\n<li>SRC -tutkinto on mahdollista suorittaa suomeksi, ruotsiksi ja englanniksi &#8211; kieli valitaan ilmoittautumisen yhteydess\u00e4.<\/li>\n<li>LRC -tutkintomateriaali on t\u00e4ll\u00e4 hetkell\u00e4 saatavilla vain suomeksi, mutta tutkinnon voi suorittaa my\u00f6s englanniksi.<\/li>\n<li>Osallistuaksesi LRC -tutkintoon, sinun tulee olla aikaisemmin suorittanut hyv\u00e4ksytysti SRC -tutkinto. Mik\u00e4li SRC -tutkinnon suorittamisesta on aikaa enemm\u00e4n kuin kaksi vuotta, sinun tulee vastata tutkinnossa joihinkin VHF\/DSC:t\u00e4 koskeviin kysymyksiin.<\/li>\n<li>Tilaisuuksiin voi osallistua vain, jos suorittaa tutkinnon samana p\u00e4iv\u00e4n\u00e4.<\/li>\n<\/ul>\n<h1>Mit\u00e4 maksaa?<\/h1>\n<p>Rannikkolaivurin radiotutkinto (SRC) maksaa 45,40 \u20ac \/osallistumiskerta ja Avomerilaivurin radiotutkinto (LRC) 67,30 \u20ac \/osallistumiskerta. Todistus tutkinnon suorittamisesta maksaa 43,75\u20ac \/todistus. Tutkinnoista ei ole pakko ottaa todistusta heti ja SRC:st\u00e4 voi j\u00e4tt\u00e4\u00e4 ostamatta todistuksen kokonaan, mik\u00e4li tavoitteena on suorittaa LRC l\u00e4hiaikoina. LRC -todistus kattaa molemmat tutkinnot. Osallistujille syntyy kuluja ainoastaan tutkinnon suorittamisesta \u00a0ja mahdollisesta todistuksesta, mik\u00e4li paperinen passikuva l\u00f6ytyy jo valmiiksi. Paperisen passikuvan voi k\u00e4yd\u00e4 ottamassa valokuvaamoiden lis\u00e4ksi my\u00f6s valokuva-automaatissa. L\u00e4himm\u00e4n automaatin l\u00f6yt\u00e4\u00e4 <a href=\"https:\/\/www.speedservices.fi\/fi\/valokuva-automaatit\/etsi-lahin-valokuva-automaatti\/\">t\u00e4lt\u00e4 sivustolta<\/a>.<\/p>\n<h1>Miten valmistautua ja mit\u00e4 ottaa mukaan?<\/h1>\n<p>SRC -tutkinnon oppimateriaali (Rannikkolaivurin radioliikenneopas), molempien tutkintojen mallikokeet ja vuoden 2023 VHF -kanavataulukko ovat julkisesti saatavilla Traficomin sivuilla <a href=\"https:\/\/www.traficom.fi\/fi\/liikenne\/veneily\/veneilijoiden-radiotutkinnot-ja-patevyystodistukset\">t\u00e4\u00e4ll\u00e4. <\/a><strong>Vuoden 2023 uusittu kanavataulukko korvaa Rannikkolaivurin radioliikenneoppaan liitteen 1.<\/strong> Englanninkielinen SRC -materiaali jaetaan ilmoittautuneille erikseen. Avomerilaivurin radioliikenneopas on saatavilla vain suomeksi ja jaetaan tutkintop\u00e4iv\u00e4\u00e4n ilmoittautuville erikseen. Materiaaleihin kannattaa tutustua huolella ennen tutkintop\u00e4iv\u00e4\u00e4, vaikka aihetta kerrataankin p\u00e4iv\u00e4n aikana ennen tutkintoa. Ennen tutkintoa tapahtuvien yhteisten kertausten aikana on mahdollisuus kysy\u00e4 ep\u00e4selvist\u00e4 kohdista, joten kannattaa tehd\u00e4 lukiessa muistiinpanoja. SRC -tutkinnossa jaetaan osallistujille oheismateriaaliksi Rannikkolaivurin radioliikenneoppaan liitteet 1, 2 ja 4. N\u00e4iden lis\u00e4ksi tutkinnossa saa k\u00e4ytt\u00e4\u00e4 apuna karttakuvia h\u00e4t\u00e4radioverkosta sek\u00e4 turvallisuusradioverkosta kanavineen.\u00a0<\/p>\n<h6>\u00a0<\/h6>\n<h5 style=\"text-align: center;\">Klikkaa materiaaleihin alla olevista linkeist\u00e4:<\/h5>\n<h6>\u00a0<\/h6>\n\n\n<div class=\"wp-block-columns is-layout-flex wp-container-7 wp-block-columns-is-layout-flex\">\n<div class=\"wp-block-column is-layout-flow wp-block-column-is-layout-flow\">\n<div class=\"Container__StyledContainer-sc-1opbue3-0 QVTKo\" data-component=\"text\">\n<div class=\"Paragraph__StyledSection-sc-1rk24tr-0 jQqNbo Text__StyledParagraph-sc-1k8spgo-0\">\n<strong><a href=\"https:\/\/www.traficom.fi\/sites\/default\/files\/media\/file\/Rannikkolaivurin_radioliikenneopas.pdf\"><span class=\"Anchor__Text-sc-197eshd-1 cZfVux\"><span class=\"Anchor__TextContent-sc-197eshd-2 kGDXkF\">Rannikkolaivurin radioliikenneopas<\/span><\/span><\/a><\/strong>\n<h6>&nbsp;<\/h6>\n<p><strong><a href=\"https:\/\/www.traficom.fi\/sites\/default\/files\/media\/file\/Rannikkolaivurin__radiotutkinnon_mallikoe.pdf\"><span class=\"Anchor__Text-sc-197eshd-1 cZfVux\"><span class=\"Anchor__TextContent-sc-197eshd-2 kGDXkF\">Rannikkolaivurin radiotutkinnon mallikoe<\/span><\/span><\/a><\/strong><\/p>\n<h6>&nbsp;<\/h6>\n<\/div>\n<\/div>\n<p><strong><a href=\"https:\/\/www.traficom.fi\/sites\/default\/files\/media\/file\/VHF-kanavataulukko%202023.pdf\"><span class=\"ButtonStyle__StyledButton-sc-1l19c5o-2 hIDMcm\"><span class=\"ButtonStyle__Text-sc-1l19c5o-3 cnflpI\"><span class=\"Anchor__TextContent-sc-197eshd-2\">VHF-kanavataulukko 2023<\/span><\/span><\/span><\/a><\/strong><\/p>\n<\/div>\n\n\n\n<div class=\"wp-block-column is-layout-flow wp-block-column-is-layout-flow\">\n<p><strong><a href=\"https:\/\/www.traficom.fi\/sites\/default\/files\/media\/file\/VHF-handbok.pdf\"><span class=\"Anchor__Text-sc-197eshd-1 cZfVux\"><span class=\"Anchor__TextContent-sc-197eshd-2 kGDXkF\"><span lang=\"SV\" xml:lang=\"SV\">Handbok i VHF-radiokommunikation f\u00f6r radiooperat\u00f6r med kusttrafikcertifikat<\/span><\/span><\/span><\/a><\/strong><\/p>\n<h6>&nbsp;<\/h6>\n<p><strong><a href=\"https:\/\/www.traficom.fi\/sites\/default\/files\/media\/file\/Modellprov_for_Kustrafikcertifikat.pdf\"><span class=\"Anchor__Text-sc-197eshd-1 cZfVux\"><span class=\"Anchor__TextContent-sc-197eshd-2 kGDXkF\"><span lang=\"SV\" xml:lang=\"SV\">Modellprov f\u00f6r radioexamen f\u00f6r kusttrafikcertifikat<\/span><\/span><\/span><\/a><\/strong><\/p>\n<h6>&nbsp;<\/h6>\n<p><strong><a href=\"https:\/\/www.traficom.fi\/sites\/default\/files\/media\/file\/VHF-kanaltabell%202023.pdf\" data-wplink-url-error=\"true\">VHF -kanaltabell 2023<\/a><\/strong><\/p>\n<\/div>\n\n\n\n<div class=\"wp-block-column is-layout-flow wp-block-column-is-layout-flow\">\n<p><a href=\"https:\/\/www.traficom.fi\/sites\/default\/files\/media\/file\/Avomerilaivurin_radiotutkinnon_MF_HF_lisakysymykset.pdf\"><strong><span class=\"ButtonStyle__StyledButton-sc-1l19c5o-2 hIDMcm\"><span class=\"ButtonStyle__Text-sc-1l19c5o-3 cnflpI\"><span class=\"Anchor__TextContent-sc-197eshd-2\">Avomerilaivurin radiotutkinnon mallikoe<\/span><\/span><\/span><\/strong><\/a><\/p>\n<\/div>\n<\/div>\n\n\n<p>Itse tutkintoa varten tarvitset mukaan:<\/p>\n<h6>&nbsp;<\/h6>\n<ul class=\"rich-text editor-rich-text__editable block-editor-rich-text__editable is-selected\" role=\"textbox\" contenteditable=\"true\" aria-multiline=\"true\" aria-label=\"Write list\u2026\">\n<li>lyijykyn\u00e4, kumi ja kuulak\u00e4rkikyn\u00e4<\/li>\n<li>1 kpl <strong>paperinen<\/strong> passivalokuva (kuva ei saa olla vuotta vanhempi eik\u00e4 siin\u00e4 saa olla mit\u00e4\u00e4n merkint\u00f6j\u00e4 tai aikaisempia leimoja)<\/li>\n<li>kuvallinen henkil\u00f6llisyystodistus, josta ilmenee henkil\u00f6tunnus. Esimerkiksi kuvallinen henkil\u00f6kortti, passi tai ajokortti.<\/li>\n<\/ul>\n<h1>Mist\u00e4 saa lis\u00e4\u00e4 tietoa?<\/h1>\n<h6>&nbsp;<\/h6>\n<p>Lis\u00e4tietoa radioluvista ja meriradioliikenteest\u00e4 l\u00f6yd\u00e4t esimerkiksi Traficomin sivuilta <a href=\"https:\/\/www.traficom.fi\/fi\/liikenne\/veneily\/veneilijoiden-ja-merenkulun-radioluvat\">t\u00e4\u00e4lt\u00e4<\/a>. YK:n alaisen, Kansainv\u00e4lisen televiestint\u00e4liiton ITU:n <a href=\"https:\/\/www.itu.int\/en\/Pages\/default.aspx\">sivulla<\/a> p\u00e4\u00e4set tutustumaan televiestinn\u00e4n teemaan laajemmin ja kansainv\u00e4lisell\u00e4 tasolla.&nbsp;<\/p>\n<h6>&nbsp;<\/h6>\n<p>Mik\u00e4li olet kiinnostunut radioteemasta enemm\u00e4nkin, kannattaa tutustua radioamat\u00f6\u00f6ritoimintaan. Suomen Radioamat\u00f6\u00f6riliiton sivuille p\u00e4\u00e4set <a href=\"https:\/\/www.sral.fi\">t\u00e4st\u00e4<\/a>.<\/p>\n<h6>&nbsp;<\/h6>\n<p>Mik\u00e4li sinulla on jotain kysytt\u00e4v\u00e4\u00e4 yhdistyksen koulutustoiminnasta, voit ottaa yhteytt\u00e4 TRIP:in teoriapuolen koulutusvastaava Emmiin s\u00e4hk\u00f6postilla (emmi.nevalainen@teekkaripurjehtijat.fi).<\/p>","protected":false},"excerpt":{"rendered":"<p>Mit\u00e4? Teekkaripurjehtijat tarjoaa silloin t\u00e4ll\u00f6in j\u00e4senilleen mahdollisuuden meriradiotutkintoihin valmistaviin kertauksiin sek\u00e4 itse meriradiotutkintoihin. Tilaisuudet ovat j\u00e4rjestyneet yhteisty\u00f6ss\u00e4 Liikenne- ja viestint\u00e4virasto Traficomin kanssa. TRIP:in kautta on ollut mahdollista osallistua sek\u00e4 Rannikkolaivurin- ett\u00e4 Avomerilaivurin radiotodistuksiin (SRC + LRC) johtaviin tilaisuuksiin. \u00a0 Meriradiop\u00e4tevyydet oikeuttavat k\u00e4ytt\u00e4m\u00e4\u00e4n alusten VHF- ja\/tai MF\/HF -taajuuksien radiolaitteita, jotka ovat &hellip;<\/p>\n","protected":false},"author":1,"featured_media":7364,"parent":229,"menu_order":0,"comment_status":"closed","ping_status":"closed","template":"","meta":{"footnotes":""},"_links":{"self":[{"href":"https:\/\/teekkaripurjehtijat.fi\/wordpress\/index.php?rest_route=\/wp\/v2\/pages\/5974"}],"collection":[{"href":"https:\/\/teekkaripurjehtijat.fi\/wordpress\/index.php?rest_route=\/wp\/v2\/pages"}],"about":[{"href":"https:\/\/teekkaripurjehtijat.fi\/wordpress\/index.php?rest_route=\/wp\/v2\/types\/page"}],"author":[{"embeddable":true,"href":"https:\/\/teekkaripurjehtijat.fi\/wordpress\/index.php?rest_route=\/wp\/v2\/users\/1"}],"replies":[{"embeddable":true,"href":"https:\/\/teekkaripurjehtijat.fi\/wordpress\/index.php?rest_route=%2Fwp%2Fv2%2Fcomments&post=5974"}],"version-history":[{"count":93,"href":"https:\/\/teekkaripurjehtijat.fi\/wordpress\/index.php?rest_route=\/wp\/v2\/pages\/5974\/revisions"}],"predecessor-version":[{"id":7406,"href":"https:\/\/teekkaripurjehtijat.fi\/wordpress\/index.php?rest_route=\/wp\/v2\/pages\/5974\/revisions\/7406"}],"up":[{"embeddable":true,"href":"https:\/\/teekkaripurjehtijat.fi\/wordpress\/index.php?rest_route=\/wp\/v2\/pages\/229"}],"wp:featuredmedia":[{"embeddable":true,"href":"https:\/\/teekkaripurjehtijat.fi\/wordpress\/index.php?rest_route=\/wp\/v2\/media\/7364"}],"wp:attachment":[{"href":"https:\/\/teekkaripurjehtijat.fi\/wordpress\/index.php?rest_route=%2Fwp%2Fv2%2Fmedia&parent=5974"}],"curies":[{"name":"wp","href":"https:\/\/api.w.org\/{rel}","templated":true}]}}