{"id":5840,"date":"2023-01-10T10:38:17","date_gmt":"2023-01-10T08:38:17","guid":{"rendered":"https:\/\/trip.ayy.fi\/wordpress\/?page_id=5840"},"modified":"2026-02-20T16:33:52","modified_gmt":"2026-02-20T14:33:52","slug":"aikataulu-ja-ilmoittautuminen-2023","status":"publish","type":"page","link":"https:\/\/teekkaripurjehtijat.fi\/wordpress\/?page_id=5840","title":{"rendered":"Aikataulu ja ilmoittautuminen 2026"},"content":{"rendered":"\n<div class=\"wp-block-buttons is-content-justification-center is-layout-flex wp-container-1 wp-block-buttons-is-layout-flex\">\n<div class=\"wp-block-button\"><a class=\"wp-block-button__link wp-element-button\" href=\"https:\/\/forms.gle\/QcNj3K7AiEVDHift7\">Ilmoittaudu t\u00e4st\u00e4<\/a><\/div>\n<\/div>\n\n\n<p style=\"text-align: center;\"><strong>\u00a0Kurssi-ilmoittautuminen kev\u00e4\u00e4n 2026 kurssille alkaa 20.01.2026 klo. 10.00.\u00a0 P\u00e4\u00e4set ilmoittautumislomakkeelle yll\u00e4 olevasta painikkeesta.<\/strong><\/p>\n<h2>Navigointi 1 (FIN)<\/h2>\n\n\n<figure class=\"wp-block-table\"><table><tbody><tr><td><strong>Mit\u00e4?<\/strong><\/td><td><strong>Milloin?<\/strong><\/td><td><strong>Miss\u00e4?<\/strong><\/td><td><strong>Luennon aihe<\/strong><\/td><\/tr><tr><td>Luento 1<\/td><td>vko 9 &#8211; to 26.02. klo. 17.30-20.30<\/td><td>Otaniemi, Design Factory<\/td><td>Intro, Merikartta, Merenkulun turvalaitteet<\/td><\/tr><tr><td>Luento 2<\/td><td>vko 10 &#8211; to 05.03. klo. 17.30-20.30<\/td><td>Otaniemi, Design Factory<\/td><td>Merikartta<\/td><\/tr><tr><td>Luento 3<\/td><td>vko 11 &#8211; to 12.03. klo. 17.30-20.30<\/td><td>Otaniemi, Design Factory<\/td><td>Kompassi,Valo-opasteet Liikennemerkit<\/td><\/tr><tr><td>Luento 4<\/td><td>vko 12  &#8211; to 19.03. klo. 17.30-20.30<\/td><td>Otaniemi, Design Factory<\/td><td>Paikanm\u00e4\u00e4ritys, V\u00e4ist\u00e4minen, Turvallisuus<\/td><\/tr><tr><td>Luento 5<\/td><td>vko 13 &#8211; to 26.03. klo. 17.30-20.30<\/td><td>Otaniemi, Design Factory<\/td><td>S\u00e4\u00e4, \u00c4\u00e4nimerkit, Kulkuvalot, P\u00e4iv\u00e4merkit<\/td><\/tr><tr><td>Luento 6<\/td><td>vko 14 &#8211; to 02.04. klo. 17.30-20.30<\/td><td>Otaniemi, Design Factory<\/td><td>Reittisuunnittelu, Elektroninen navigointi, Elektroninen paikanm\u00e4\u00e4ritys<\/td><\/tr><tr><td>Luento 7<\/td><td>vko 15 &#8211; to 09.04. klo. 17.30-20.30<\/td><td>Otaniemi, Design Factory<\/td><td>Kertaus<\/td><\/tr><tr><td>Tentti:<\/td><td>vko 16 &#8211; to 16.04. klo. 17.30-20.30<\/td><td>Otaniemi, Design Factory<\/td><td>Tentti<\/td><\/tr><\/tbody><\/table><\/figure>\n\n\n<h2>Navigointi 2 (ENG)<\/h2>\n\n\n<figure class=\"wp-block-table\"><table><tbody><tr><td><strong>Mit\u00e4?<\/strong><\/td><td><strong>Milloin?<\/strong><\/td><td><strong>Miss\u00e4?<\/strong><\/td><td><strong>Luennon aihe<\/strong><\/td><\/tr><tr><td>Luento 1<\/td><td>vko 9 &#8211; ti 24.02. klo. 17.30-20.30<\/td><td>Otaniemi, Design Factory<\/td><td>Ulkomaan veneily  ja turvallisuus<\/td><\/tr><tr><td>Luento 2<\/td><td>vko 10 &#8211; ti 03.03. klo. 17.30-20.30<\/td><td>Otaniemi, Design Factory<\/td><td>Vuoroveden korkeus<\/td><\/tr><tr><td>Luento 3<\/td><td>vko 11 &#8211; ti 10.03. klo. 17.30-20.30<\/td><td>Otaniemi, Design Factory<\/td><td>Vuorovesivirrat<\/td><\/tr><tr><td>Luento 4<\/td><td>vko 12  &#8211; ti 17.03. klo. 17.30-20.30<\/td><td>Otaniemi, Design Factory<\/td><td>S\u00e4\u00e4<\/td><\/tr><tr><td>Luento 5<\/td><td>vko 13 &#8211; ti 24.03. klo. 17.30-20.30<\/td><td>Otaniemi, Design Factory<\/td><td>Sijainnin m\u00e4\u00e4rittely<\/td><\/tr><tr><td>Luento 6<\/td><td>vko 14 &#8211; ti 31.03. klo. 17.30-20.30<\/td><td>Otaniemi, Design Factory<\/td><td>Reittisuunnittelu<\/td><\/tr><tr><td>Luento 7<\/td><td>vko 15 &#8211; ti 07.04. klo. 17.30-20.30<\/td><td>Otaniemi, Design Factory<\/td><td>Kertaus<\/td><\/tr><tr><td>Tentti:<\/td><td>vko 16 &#8211; to 16.04. klo. 17.30-20.30<\/td><td>Otaniemi, Design Factory<\/td><td>Tentti<\/td><\/tr><\/tbody><\/table><\/figure>\n\n\n\n<p style=\"text-align: center;\"><strong>Teekkaripurjehtijat ry pid\u00e4tt\u00e4\u00e4 oikeuden mahdollisiin muutoksiin.<\/strong><\/p>\n<h2>\u00a0<\/h2>","protected":false},"excerpt":{"rendered":"<p>\u00a0Kurssi-ilmoittautuminen kev\u00e4\u00e4n 2026 kurssille alkaa 20.01.2026 klo. 10.00.\u00a0 P\u00e4\u00e4set ilmoittautumislomakkeelle yll\u00e4 olevasta painikkeesta. Navigointi 1 (FIN) Mit\u00e4? Milloin? Miss\u00e4? Luennon aihe Luento 1 vko 9 &#8211; to 26.02. klo. 17.30-20.30 Otaniemi, Design Factory Intro, Merikartta, Merenkulun turvalaitteet Luento 2 vko 10 &#8211; to 05.03. klo. 17.30-20.30 Otaniemi, Design Factory Merikartta &hellip;<\/p>\n","protected":false},"author":67,"featured_media":7364,"parent":211,"menu_order":0,"comment_status":"closed","ping_status":"closed","template":"","meta":{"footnotes":""},"_links":{"self":[{"href":"https:\/\/teekkaripurjehtijat.fi\/wordpress\/index.php?rest_route=\/wp\/v2\/pages\/5840"}],"collection":[{"href":"https:\/\/teekkaripurjehtijat.fi\/wordpress\/index.php?rest_route=\/wp\/v2\/pages"}],"about":[{"href":"https:\/\/teekkaripurjehtijat.fi\/wordpress\/index.php?rest_route=\/wp\/v2\/types\/page"}],"author":[{"embeddable":true,"href":"https:\/\/teekkaripurjehtijat.fi\/wordpress\/index.php?rest_route=\/wp\/v2\/users\/67"}],"replies":[{"embeddable":true,"href":"https:\/\/teekkaripurjehtijat.fi\/wordpress\/index.php?rest_route=%2Fwp%2Fv2%2Fcomments&post=5840"}],"version-history":[{"count":115,"href":"https:\/\/teekkaripurjehtijat.fi\/wordpress\/index.php?rest_route=\/wp\/v2\/pages\/5840\/revisions"}],"predecessor-version":[{"id":8532,"href":"https:\/\/teekkaripurjehtijat.fi\/wordpress\/index.php?rest_route=\/wp\/v2\/pages\/5840\/revisions\/8532"}],"up":[{"embeddable":true,"href":"https:\/\/teekkaripurjehtijat.fi\/wordpress\/index.php?rest_route=\/wp\/v2\/pages\/211"}],"wp:featuredmedia":[{"embeddable":true,"href":"https:\/\/teekkaripurjehtijat.fi\/wordpress\/index.php?rest_route=\/wp\/v2\/media\/7364"}],"wp:attachment":[{"href":"https:\/\/teekkaripurjehtijat.fi\/wordpress\/index.php?rest_route=%2Fwp%2Fv2%2Fmedia&parent=5840"}],"curies":[{"name":"wp","href":"https:\/\/api.w.org\/{rel}","templated":true}]}}