{"id":5548,"date":"2022-09-13T19:19:33","date_gmt":"2022-09-13T16:19:33","guid":{"rendered":"https:\/\/trip.ayy.fi\/wordpress\/?page_id=5548"},"modified":"2022-10-20T10:50:01","modified_gmt":"2022-10-20T07:50:01","slug":"70-1-v-vuosijuhlat-5-11-2022","status":"publish","type":"page","link":"https:\/\/teekkaripurjehtijat.fi\/wordpress\/?page_id=5548","title":{"rendered":"70 + 1 v. -vuosijuhlat 5.11.2022"},"content":{"rendered":"\n\n<div class=\"wp-block-cover has-background-dim\" style=\"background-image: url('https:\/\/teekkaripurjehtijat.fi\/wordpress\/wp-content\/uploads\/2022\/09\/ray-hennessy-gdTxVSAE5sk-unsplash-2-scaled.jpg');\">\n<div class=\"wp-block-cover__inner-container is-layout-flow wp-block-cover-is-layout-flow\">\n<p class=\"has-text-align-center has-large-font-size\"><strong>Reistaava per\u00e4sin ja repaleiset purjeet &#8211; tervetuloa rappioromantiikan kyll\u00e4st\u00e4miin 70+1 -vuosijuhliin!<\/strong><\/p>\n<\/div>\n<\/div>\n\n\n\n\n<em>In english below<\/em>\n\n<h4 class=\"has-accent-1-color has-text-color wp-block-heading\">&#x1f389; <strong>Mit\u00e4 juhlitaan?<\/strong><\/h4>\n\n\n\n\n\nAika rient\u00e4\u00e4 hyv\u00e4ss\u00e4 purjehdusseurassa: Teekkaripurjehtijat ry perustettiin t\u00e4p\u00e4r\u00e4sti ennen kaikkea muuta olympiahulinaa eli jo vuonna 1951 &#8211; yli 70 vuotta sitten! Pandemian takia lykk\u00e4simme t\u00e4m\u00e4nkertaisia juhlallisuuksia hieman, mutta nyt on aika kohottaa maljat 70+1-vuotiaan purjehdusseuramme kunniaksi.\n\n\n\n\n\n<strong>J\u00e4senen\u00e4 &#8211; entisen\u00e4 tai nykyisen\u00e4 sellaisena &#8211; olet l\u00e4mpim\u00e4sti tervetullut &#8220;TRIP 70 + 1&#8221; -vuosijuhliin lauantaina 5.11.2022 klo 17.00 &#8211; 23.00 <a href=\"https:\/\/goo.gl\/maps\/JjiPHBCBaaLPJZQo7\">Poliisien kes\u00e4kotiin Helsingin Lauttasaareen<\/a>.<\/strong> Saunajatkot j\u00e4rjestet\u00e4\u00e4n samassa paikassa alkaen vapaaehtoisen saunanl\u00e4mmitt\u00e4j\u00e4n l\u00f6ytymisest\u00e4 jatkuen aina aamukolmeen, siirtymisi\u00e4 ei siis tarvitse erikseen pohtia.\n\n\n\n\n\nVuosijuhlat, kuten kaikki muukin t\u00e4n\u00e4 ep\u00e4varmuuden aikana, tapahtuu rennolla ja huolettomalla otteella. Ne aivan parhaat Sepp\u00e4l\u00e4t&#x2122;&#xfe0f; voit siis j\u00e4tt\u00e4\u00e4 kotiin, mutta Juhlijoiden toiveesta pukukoodina <strong>cocktail-asu<\/strong>. Tarjolla on sy\u00f6t\u00e4v\u00e4\u00e4 ja juotavaa buffet-tyylisesti, mutta paikkavarauksia omalle seurueelle ei tarvitse tehd\u00e4 erikseen. N\u00e4in varmistamme paitsi osallistumispaikkojen riitt\u00e4vyyden, my\u00f6s kunkin juopuneen seilorin jalkojen kantavuuden.\n\n\n\n\n\n<h4 class=\"has-accent-1-color has-text-color wp-block-heading\"><strong>&#x1f4b8; Mit\u00e4 t\u00e4m\u00e4 lysti maksaa?<\/strong><\/h4>\n\n\n\n\n\nOsallistuminen sis\u00e4lt\u00e4\u00e4 koko illan sy\u00f6miset, noin 5kpl drinkkilippuja sek\u00e4 saunat (pyyhe saatavilla lis\u00e4maksusta). Illan kustannus on:\n\n\n\n\n\n<ul>\n<li>Opiskelijoilta 40 \u20ac<\/li>\n<li>Valmistuneilta 50 \u20ac<\/li>\n<li>Taloudellisen tukensa asialle ja kerholle lahjoittavilta 65 \u20ac<\/li>\n<\/ul>\n\n\n\n\n\n<h4 class=\"has-accent-1-color has-text-color wp-block-heading\">&#x1f3a4; <strong>Ohjelma<\/strong><\/h4>\n\n\n\n\n\nOhjelmassa puheita, muisteloita, ehk\u00e4 v\u00e4h\u00e4n mob-treeni\u00e4kin ja eik\u00f6h\u00e4n johonkin v\u00e4liin joku ala laulaa. Paikalla my\u00f6s yll\u00e4tysvieraita yll\u00e4tysohjelmineen!\n\n\n\n\n\n<h4 class=\"has-accent-1-color has-text-color wp-block-heading\"><strong>&#x1f517; Sharing is caring &#x1f4f8;<\/strong><\/h4>\n\n\n\n\n\nOnko sinulla tarinoita, kuvia, huomioita tai muuta koko kerholle jaettavaa asiaa juhlissa esitett\u00e4v\u00e4ksi? Open photo call ker\u00e4\u00e4 j\u00e4senten purjehduskuvia juhlissa esitett\u00e4v\u00e4ksi. <a href=\"https:\/\/teekkaripurjehtijat.fi\/wordpress\/?page_id=5635\">Lue lis\u00e4\u00e4 ja l\u00e4het\u00e4 oma kuvasi ennen 30.10.2022.<\/a><br \/>My\u00f6s stage on vapaa ja \u00e4\u00e4nentoisto l\u00f6ytyy! Jos haluat \u00e4\u00e4nesi kuuluviin, ota yhteytt\u00e4 vujun ohjelmavastaava Karri P\u00f6nniin, karri.ponni@teekkaripurjehtijat.fi tai huikkaile Slackissa Karrille tai Minnille.\n\n\n\n\n\n<h4 class=\"has-accent-1-color has-text-color wp-block-heading\">&#x1f942; <strong>Ilmoittautuminen<\/strong><\/h4>\n\n\n\n\n\nIlmoittautumislomakkeen l\u00f6yd\u00e4t englanninkielisen selostuksen alta &#x1f447; <strong>Ilmoittautuminen sulkeutuu torstaina 20.10.<\/strong> Paikkoja on rajoitetusti mutta reilusti, tervetuloa siis mukaan! My\u00f6s avecit ovat sallittuja, mutta tapahtuma on K-18.<br \/><br \/><b>HUOM!<\/b> Ilmoittautuminen <b>sulkeutuu 20.10. klo 23:59 <\/b>ja sen j\u00e4lkeen ilmoittautuminen on sitova eli jos haluat perua paikkasi 20.10. j\u00e4lkeen, <u>sitoudut maksamaan lipun hinnan tai l\u00f6yd\u00e4t itsellesi sijaisen<\/u>. \n\n&#x1f1ec;&#x1f1e7;&#x1f1e6;&#x1f1fa;&#x1f1ec;&#x1f1e7;&#x1f1fa;&#x1f1f8;&#x1f1ec;&#x1f1e7;&#x1f1e8;&#x1f1e6;&#x1f1ec;&#x1f1e7;\n\n<h4 class=\"has-accent-1-color has-text-color\">&#x1f389; <strong>So what&#8217;s going on?<\/strong><\/h4>\n\n<em>Time flies when you&#8217;re sailing in good company: Teekkaripurjehtijat ry was founded\u00a0 in 1951, just before the Helsinki Olympics &#8211; That&#8217;s over 70 years ago! Due to the pandemic, we postponed the celebrations a bit, but now it&#8217;s time to raise our plastic cups to honor our 70+1 year old club.<\/em>\n\n<div class=\"p-rich_text_section\"><strong>As a member, be it former or current, you are warmly welcome to &#8220;TRIP 70+1&#8221;-celebrations on Saturday 5th of Novemver 2022 from 17-23 to the\u00a0<a class=\"c-link\" tabindex=\"-1\" href=\"http:\/\/www.elisanet.fi\/poliisienkesakoti\/index.html\" target=\"_blank\" rel=\"noopener noreferrer\" data-stringify-link=\"http:\/\/www.elisanet.fi\/poliisienkesakoti\/index.html\" data-sk=\"tooltip_parent\" data-remove-tab-index=\"true\">Police Summer Home<\/a>\u00a0in Lauttasaari, Helsinki.<\/strong> Fret not, the party does not end at 23, but will continue in the sauna facilities at the same location all the way to 3 in the morning.<\/div>\n\n<div class=\"p-rich_text_section\">The celebrations, like everything else in these uncertain times, will happen with a relaxed atmosphere, but we&#8217;ve heard the wishes of the party-goers and ask you to honor the situation with <strong>a cocktail attire<\/strong>. Food and drink will be served in a buffet, but there won&#8217;t be seating arrangements as such. So no stress about the seating or gathering your group in advance &#8211; just have fun all around the place!<\/div>\n\n<div>\u00a0<\/div>\n\n<div class=\"p-rich_text_section\">\n<h4 class=\"has-accent-1-color has-text-color\"><strong>&#x1f4b8; What does it cost?<\/strong><\/h4>\nPrice of the evening contains food for the night, around 5 drink tickets and the saunas (Towels available for extra \u20ac\u20ac). The prices are as follows:<\/div>\n\n<ul class=\"p-rich_text_list p-rich_text_list__bullet\" data-stringify-type=\"unordered-list\" data-indent=\"0\" data-border=\"0\">\n<li data-stringify-indent=\"0\" data-stringify-border=\"0\">Students &#8211; 40\u20ac<\/li>\n<li data-stringify-indent=\"0\" data-stringify-border=\"0\">Graduated &#8211; 50\u20ac<\/li>\n<li data-stringify-indent=\"0\" data-stringify-border=\"0\">A voluntary price for those wanting to support the club &#8211; 65\u20ac<\/li>\n<\/ul>\n\n<h4 class=\"has-accent-1-color has-text-color\">&#x1f3a4;\u00a0<strong>Sharing is caring &#x1f4f8;<\/strong><\/h4>\n\nThe evening will have speeches, reminiscing and maybe some MOB-training as well. And someone will probably start to sing.\n\nDo you have stories, pictures, comments or anything else to share with the whole club at the party? The mic is open and the speakers are on! If you wish to speak or perform, please contact Karri P\u00f6nni at\u00a0<i data-stringify-type=\"italic\"><a class=\"c-link\" tabindex=\"-1\" href=\"mailto:karri.ponni@teekkaripurjehtijat.fi\" target=\"_blank\" rel=\"noopener noreferrer\" data-stringify-link=\"mailto:karri.ponni@teekkaripurjehtijat.fi\" data-sk=\"tooltip_parent\" aria-haspopup=\"menu\" aria-expanded=\"false\" data-remove-tab-index=\"true\">karri.ponni@teekkaripurjehtijat.fi<\/a><\/i>. Alternatively you can ping Karri or Minni on slack. If you have a great shot of something saling-related, <a href=\"https:\/\/teekkaripurjehtijat.fi\/wordpress\/?page_id=5635\">you can read more and share it with the decoration crew<\/a>, who will put it on display with your name and all!\n\n<h4 class=\"has-accent-1-color has-text-color\">&#x1f942; <strong>Sign me in!<\/strong><\/h4>\n\nThe sign-up for the event is open below &#x1f447; and <strong>will be closed on Thu October 20th.<\/strong> There&#8217;s a limit on how many people the space holds, but that limit is quite high, so everyone is welcome! Also feel free to bring a +1, but please note that the event is k-18.\n\n<b>OBS! <\/b>The registration will <b>close 20.10. at 23:59 <\/b>and after that the registration is binding, which means that if you cancel the ticket after 20.10. <u>you have to pay the invoice or find someone to replace you.<br \/><br \/><\/u>\n\n\n\n\n\n<iframe loading=\"lazy\" src=\"https:\/\/docs.google.com\/forms\/d\/e\/1FAIpQLSd23uQALFd5kAPetMZpKjkOV7x0of9IxotOZTSXf6mVp13cWA\/viewform?usp=sf_link\" width=\"680\" height=\"3100\" frameborder=\"0\" marginwidth=\"0\" marginheight=\"0\" data-mce-fragment=\"1\"><span data-mce-type=\"bookmark\" style=\"display: inline-block; width: 0px; overflow: hidden; line-height: 0;\" class=\"mce_SELRES_start\">\ufeff<\/span>Loading&#8230;<\/iframe>","protected":false},"excerpt":{"rendered":"<p>In english below &#x1f389; Mit\u00e4 juhlitaan? Aika rient\u00e4\u00e4 hyv\u00e4ss\u00e4 purjehdusseurassa: Teekkaripurjehtijat ry perustettiin t\u00e4p\u00e4r\u00e4sti ennen kaikkea muuta olympiahulinaa eli jo vuonna 1951 &#8211; yli 70 vuotta sitten! Pandemian takia lykk\u00e4simme t\u00e4m\u00e4nkertaisia juhlallisuuksia hieman, mutta nyt on aika kohottaa maljat 70+1-vuotiaan purjehdusseuramme kunniaksi. J\u00e4senen\u00e4 &#8211; entisen\u00e4 tai nykyisen\u00e4 sellaisena &#8211; olet &hellip;<\/p>\n","protected":false},"author":1,"featured_media":0,"parent":0,"menu_order":0,"comment_status":"closed","ping_status":"closed","template":"","meta":{"footnotes":""},"_links":{"self":[{"href":"https:\/\/teekkaripurjehtijat.fi\/wordpress\/index.php?rest_route=\/wp\/v2\/pages\/5548"}],"collection":[{"href":"https:\/\/teekkaripurjehtijat.fi\/wordpress\/index.php?rest_route=\/wp\/v2\/pages"}],"about":[{"href":"https:\/\/teekkaripurjehtijat.fi\/wordpress\/index.php?rest_route=\/wp\/v2\/types\/page"}],"author":[{"embeddable":true,"href":"https:\/\/teekkaripurjehtijat.fi\/wordpress\/index.php?rest_route=\/wp\/v2\/users\/1"}],"replies":[{"embeddable":true,"href":"https:\/\/teekkaripurjehtijat.fi\/wordpress\/index.php?rest_route=%2Fwp%2Fv2%2Fcomments&post=5548"}],"version-history":[{"count":22,"href":"https:\/\/teekkaripurjehtijat.fi\/wordpress\/index.php?rest_route=\/wp\/v2\/pages\/5548\/revisions"}],"predecessor-version":[{"id":5706,"href":"https:\/\/teekkaripurjehtijat.fi\/wordpress\/index.php?rest_route=\/wp\/v2\/pages\/5548\/revisions\/5706"}],"wp:attachment":[{"href":"https:\/\/teekkaripurjehtijat.fi\/wordpress\/index.php?rest_route=%2Fwp%2Fv2%2Fmedia&parent=5548"}],"curies":[{"name":"wp","href":"https:\/\/api.w.org\/{rel}","templated":true}]}}