{"id":53,"date":"2012-03-19T18:43:31","date_gmt":"2012-03-19T16:43:31","guid":{"rendered":"http:\/\/trip.ayy.fi\/wordpress\/?page_id=53"},"modified":"2022-01-05T13:12:45","modified_gmt":"2022-01-05T11:12:45","slug":"kalenteri","status":"publish","type":"page","link":"https:\/\/teekkaripurjehtijat.fi\/wordpress\/?page_id=53","title":{"rendered":"Tapahtuma- ja varauskalenteri"},"content":{"rendered":"<p>T\u00e4lt\u00e4 sivulta l\u00f6yd\u00e4t yhdistetyn tapahtuma ja <a title=\"Veneet ja satamat\" href=\"https:\/\/teekkaripurjehtijat.fi\/wordpress\/?page_id=146\">k\u00f6liveneiden<\/a> varauskalenterimme, sek\u00e4 sivun lopusta <a title=\"Kevytveneet\" href=\"https:\/\/teekkaripurjehtijat.fi\/wordpress\/?page_id=204\">kevytveneitten<\/a> varauskalenterin.<\/p>\n<p><strong>iCal osoitteet, n\u00e4ill\u00e4 saat suoran yhteyden kalentereihin (<a href=\"https:\/\/drive.google.com\/open?id=1rydfmOSplhSZehUhW-6r3DJzOYh9GrKa\">ohjeet<\/a>):<\/strong><br \/>\n<a href=\"https:\/\/calendar.google.com\/calendar\/ical\/teekkaripurjehtijat.fi_t953jvdekudt15sve5rdc5ilh4%40group.calendar.google.com\/public\/basic.ics\">Tapahtumat<\/a><br \/>\n<a href=\"https:\/\/calendar.google.com\/calendar\/ical\/c_7l861bv833l2qnbvems8id9u8k%40group.calendar.google.com\/public\/basic.ics\">Hallituksen kokoukset<\/a><br \/>\n<a href=\"https:\/\/calendar.google.com\/calendar\/ical\/teekkaripurjehtijat.fi_2iabo7rgi1dgg4054gstnmp5rc%40group.calendar.google.com\/public\/basic.ics\">ElecTrip<\/a><br \/>\n<a href=\"https:\/\/calendar.google.com\/calendar\/ical\/teekkaripurjehtijat.fi_lan7bhkl3j8c9pqcidsm6o1o0k%40group.calendar.google.com\/public\/basic.ics\">GinTrip<\/a><br \/>\n<a href=\"https:\/\/calendar.google.com\/calendar\/ical\/teekkaripurjehtijat.fi_fbdksi6c3oivmogl6p5isoneho%40group.calendar.google.com\/public\/basic.ics\">FirsTrip<\/a><br \/>\n<a href=\"https:\/\/calendar.google.com\/calendar\/ical\/teekkaripurjehtijat.fi_b3megspaiimpfeol923rh1mcno%40group.calendar.google.com\/public\/basic.ics\">Kevytveneet<\/a><\/p>\n<p><strong>Kaikki kalenterit alla:<\/strong><br \/>\n<span style=\"color: #800000;\">Tapahtumat ja hallituksen kokoukset<\/span>, <span style=\"color: #339966;\">FirstTrip<\/span>, <span style=\"color: #808000;\">GinTrip<\/span>, <span style=\"color: #ff0000;\">ElecTrip<\/span>, <span style=\"color: #0000ff;\">Kevytveneet<\/span><\/p>\n<p><iframe loading=\"lazy\" style=\"border-width: 0;\" src=\"https:\/\/calendar.google.com\/calendar\/embed?height=600&amp;wkst=2&amp;bgcolor=%23ffffff&amp;ctz=Europe%2FHelsinki&amp;src=dGVla2thcmlwdXJqZWh0aWphdC5maV90OTUzanZkZWt1ZHQxNXN2ZTVyZGM1aWxoNEBncm91cC5jYWxlbmRhci5nb29nbGUuY29t&amp;color=%23795548&amp;src=Y183bDg2MWJ2ODMzbDJxbmJ2ZW1zOGlkOXU4a0Bncm91cC5jYWxlbmRhci5nb29nbGUuY29t&amp;color=%23795548&amp;src=dGVla2thcmlwdXJqZWh0aWphdC5maV8yaWFibzdyZ2kxZGdnNDA1NGdzdG5tcDVyY0Bncm91cC5jYWxlbmRhci5nb29nbGUuY29t&amp;color=%23D81B60&amp;src=dGVla2thcmlwdXJqZWh0aWphdC5maV9mYmRrc2k2YzNvaXZtb2dsNnA1aXNvbmVob0Bncm91cC5jYWxlbmRhci5nb29nbGUuY29t&amp;color=%230B8043&amp;src=dGVla2thcmlwdXJqZWh0aWphdC5maV9sYW43YmhrbDNqOGM5cHFjaWRzbTZvMW8wa0Bncm91cC5jYWxlbmRhci5nb29nbGUuY29t&amp;color=%23E4C441&amp;src=dGVla2thcmlwdXJqZWh0aWphdC5maV9iM21lZ3NwYWlpbXBmZW9sOTIzcmgxbWNub0Bncm91cC5jYWxlbmRhci5nb29nbGUuY29t&amp;color=%234285F4&amp;title=Kaikki%20kalenterit\" width=\"600\" height=\"600\" frameborder=\"0\" scrolling=\"no\"><\/iframe><\/p>\n<p><!-\nKalentereiden srct ja v\u00e4rit:\ntapahtumat: &amp;src=dGVla2thcmlwdXJqZWh0aWphdC5maV90OTUzanZkZWt1ZHQxNXN2ZTVyZGM1aWxoNEBncm91cC5jYWxlbmRhci5nb29nbGUuY29t&amp;color=%23795548\nhallituksen kokoukset: &amp;src=Y183bDg2MWJ2ODMzbDJxbmJ2ZW1zOGlkOXU4a0Bncm91cC5jYWxlbmRhci5nb29nbGUuY29t&amp;color=%23795548\nelec: &amp;src=dGVla2thcmlwdXJqZWh0aWphdC5maV8yaWFibzdyZ2kxZGdnNDA1NGdzdG5tcDVyY0Bncm91cC5jYWxlbmRhci5nb29nbGUuY29t&amp;color=%23D81B60\nfirst: &amp;src=dGVla2thcmlwdXJqZWh0aWphdC5maV9mYmRrc2k2YzNvaXZtb2dsNnA1aXNvbmVob0Bncm91cC5jYWxlbmRhci5nb29nbGUuY29t&amp;color=%230B8043\ngin: &amp;src=dGVla2thcmlwdXJqZWh0aWphdC5maV9sYW43YmhrbDNqOGM5cHFjaWRzbTZvMW8wa0Bncm91cC5jYWxlbmRhci5nb29nbGUuY29t&amp;color=%23E4C441\nkevytveneet: &amp;src=dGVla2thcmlwdXJqZWh0aWphdC5maV9iM21lZ3NwYWlpbXBmZW9sOTIzcmgxbWNub0Bncm91cC5jYWxlbmRhci5nb29nbGUuY29t&amp;color=%234285F4\n-><\/p>\n","protected":false},"excerpt":{"rendered":"<p>T\u00e4lt\u00e4 sivulta l\u00f6yd\u00e4t yhdistetyn tapahtuma ja k\u00f6liveneiden varauskalenterimme, sek\u00e4 sivun lopusta kevytveneitten varauskalenterin. iCal osoitteet, n\u00e4ill\u00e4 saat suoran yhteyden kalentereihin (ohjeet): Tapahtumat Hallituksen kokoukset ElecTrip GinTrip FirsTrip Kevytveneet Kaikki kalenterit alla: Tapahtumat ja hallituksen kokoukset, FirstTrip, GinTrip, ElecTrip, Kevytveneet<\/p>\n","protected":false},"author":1,"featured_media":946,"parent":0,"menu_order":0,"comment_status":"closed","ping_status":"closed","template":"","meta":{"footnotes":""},"_links":{"self":[{"href":"https:\/\/teekkaripurjehtijat.fi\/wordpress\/index.php?rest_route=\/wp\/v2\/pages\/53"}],"collection":[{"href":"https:\/\/teekkaripurjehtijat.fi\/wordpress\/index.php?rest_route=\/wp\/v2\/pages"}],"about":[{"href":"https:\/\/teekkaripurjehtijat.fi\/wordpress\/index.php?rest_route=\/wp\/v2\/types\/page"}],"author":[{"embeddable":true,"href":"https:\/\/teekkaripurjehtijat.fi\/wordpress\/index.php?rest_route=\/wp\/v2\/users\/1"}],"replies":[{"embeddable":true,"href":"https:\/\/teekkaripurjehtijat.fi\/wordpress\/index.php?rest_route=%2Fwp%2Fv2%2Fcomments&post=53"}],"version-history":[{"count":43,"href":"https:\/\/teekkaripurjehtijat.fi\/wordpress\/index.php?rest_route=\/wp\/v2\/pages\/53\/revisions"}],"predecessor-version":[{"id":5052,"href":"https:\/\/teekkaripurjehtijat.fi\/wordpress\/index.php?rest_route=\/wp\/v2\/pages\/53\/revisions\/5052"}],"wp:featuredmedia":[{"embeddable":true,"href":"https:\/\/teekkaripurjehtijat.fi\/wordpress\/index.php?rest_route=\/wp\/v2\/media\/946"}],"wp:attachment":[{"href":"https:\/\/teekkaripurjehtijat.fi\/wordpress\/index.php?rest_route=%2Fwp%2Fv2%2Fmedia&parent=53"}],"curies":[{"name":"wp","href":"https:\/\/api.w.org\/{rel}","templated":true}]}}