{"id":5056,"date":"2022-01-14T17:26:42","date_gmt":"2022-01-14T15:26:42","guid":{"rendered":"https:\/\/trip.ayy.fi\/wordpress\/?page_id=5056"},"modified":"2022-01-18T19:48:16","modified_gmt":"2022-01-18T17:48:16","slug":"seikkailupurjehdus-kuunari-helenalla-huhtikuussa-2022","status":"publish","type":"page","link":"https:\/\/teekkaripurjehtijat.fi\/wordpress\/?page_id=5056","title":{"rendered":"Seikkailupurjehdus Kuunari Helenalla huhtikuussa 2022"},"content":{"rendered":"Haluatko kokea Englannin kanaalin vuorovedet, y\u00f6vahdit Pohjanmerell\u00e4 ja Kielin kanavan? Haluatko tiet\u00e4\u00e4 millaista on purjehdus ja el\u00e4m\u00e4 purjelaivalla? Tai haluatko muuten vaan ottaa varasl\u00e4hd\u00f6n purjehduskauteen?<br \/><br \/>L\u00e4hde mukaan Teekkaripurjehtijoiden seikkailupurjehdukselle Cherbourgista K\u00f6\u00f6penhaminaan Suomen Purjelaivas\u00e4\u00e4ti\u00f6n kuunari Helenalla 17.\u201324.4.2022! Teekkaripurjehtijat j\u00e4rjest\u00e4\u00e4 seikkailupurjehduksen yhdess\u00e4 Suomen Purjelaivas\u00e4\u00e4ti\u00f6n kanssa siten, ett\u00e4 l\u00e4hes kaikki aluksen miehist\u00f6paikat on varattu vain Teekkaripurjehtijoille. Aluksella on Suomen Purjelaivas\u00e4\u00e4ti\u00f6n puolesta nelihenkinen ammattilaismiehist\u00f6, ja Purjelaivas\u00e4\u00e4ti\u00f6 vastaa kaikista k\u00e4yt\u00e4nn\u00f6n j\u00e4rjestelyist\u00e4 aluksella. Aiempaa purjehdusosaamista ei tarvita. Osallistujat j\u00e4rjest\u00e4v\u00e4t itse matkansa l\u00e4ht\u00f6satamaan ja takaisin p\u00e4\u00e4tesatamasta, sek\u00e4 huolehtivat ajantasaisista matkustusdokumenteistaan.<br \/><br \/>Purjehduksen hinta osallistujalle on 500\u2013600 euroa, lopullinen hinta m\u00e4\u00e4r\u00e4ytyy l\u00e4htij\u00f6iden lukum\u00e4\u00e4r\u00e4n perusteella. Hintaan sis\u00e4ltyy ruokailut aluksella sek\u00e4 tarvittavat purjehdusvarusteet. T\u00e4m\u00e4n lis\u00e4ksi osallistuja vastaa itse matkojensa j\u00e4rjest\u00e4misest\u00e4 ja niiden kustannuksista Cherbourgiin ja takaisin K\u00f6\u00f6penhaminasta. Purjelaivas\u00e4\u00e4ti\u00f6n yleisen ohjeistuksen mukaisesti alukselle voi saapua legin ensimm\u00e4isen\u00e4 p\u00e4iv\u00e4n\u00e4 klo 15 l\u00e4htien ja legi p\u00e4\u00e4ttyy ilmoitettuna viimeisen\u00e4 p\u00e4iv\u00e4n\u00e4 klo 12. Lentoja tai majoitusta kohteissa tulee suunnitella t\u00e4m\u00e4n mukaan. Ilmoittautumisen yhteydess\u00e4 maksetaan varausmaksu 300 \u20ac, loppusumma osallistumismaksusta maksetaan l\u00e4hemp\u00e4n\u00e4 ennen purjehduksen alkua, kun lopullinen osallistujam\u00e4\u00e4r\u00e4 on vahvistunut.<br \/><br \/>Purjehdus toteutuu Teekkaripurjehtijoiden purjehduksena, mik\u00e4li purjehdukselle ilmoittautuu ja varausmaksun suorittaa sunnuntaihin 13.2.2022 menness\u00e4 v\u00e4hint\u00e4\u00e4n 12 j\u00e4sent\u00e4. Mik\u00e4li v\u00e4himm\u00e4isosallistujam\u00e4\u00e4r\u00e4\u00e4 ei saada t\u00e4yteen 13.2. menness\u00e4, Teekkaripurjehtijat peruu purjehduksen, ja palauttaa maksetut varausmaksut osallistujille t\u00e4ysim\u00e4\u00e4r\u00e4isin\u00e4. Yhteens\u00e4 paikkoja purjehdukselle on varattu 23.<br \/><br \/>(HUOM. Purjelaivas\u00e4\u00e4ti\u00f6 toteuttaa legin my\u00f6s vaikka Teekkaripurjehtijat peruuttaisi varauksen. Jos legi ei toteudu Teekkaripurjehtijoiden varauksena, legin miehist\u00f6paikat mit\u00e4 todenn\u00e4k\u00f6isimmin vapautuvat yleiseen myyntiin suoraan Purjelaivas\u00e4\u00e4ti\u00f6n kautta, jota kautta halukkaat ilmoittautuneet voivat silti osallistua purjehdukselle halutessaan ilmoittautumalla legille suoraan Purjelaivas\u00e4\u00e4ti\u00f6lle!)<br \/><br \/><strong>Osallistuja kantaa itse koronavirustilanteeseen ja mahdollisiin matkustusrajoituksiin liittyv\u00e4n riskin. Mik\u00e4li osallistuja p\u00e4\u00e4tt\u00e4\u00e4 tai joutuu mist\u00e4 tahansa syyst\u00e4 (esim. koronavirustartunta) perua osallistumisensa purjehdukselle, Teekkaripurjehtijat ei palauta jo maksettua varausmaksua eik\u00e4 lopullista osallistumismaksua takaisin osallistujalle.<\/strong> Osallistuja voi itse etsi\u00e4 tilalleen toisen l\u00e4htij\u00e4n, jolle myyd\u00e4 paikkansa purjehduksella. Mik\u00e4li Teekkaripurjehtijat tai Suomen Purjelaivas\u00e4\u00e4ti\u00f6 p\u00e4\u00e4tt\u00e4\u00e4 (esim. koronavirustilanteesta johtuen) peruuttaa purjehduksen, Teekkaripurjehtijat maksaa maksetut varaus- ja osallistumismaksut t\u00e4ysim\u00e4\u00e4r\u00e4isen\u00e4 takaisin osallistujille, mutta ei korvaa mahdollisista oheiskuluista (kuten lennoista) aiheutuvia peruutus- tai muita kuluja.<br \/><br \/>Suomen Purjelaivas\u00e4\u00e4ti\u00f6 edellytt\u00e4\u00e4 koronavirustilanteen vuoksi erityist\u00e4 varovaisuutta terveysturvallisuudessa. S\u00e4\u00e4ti\u00f6 edellytt\u00e4\u00e4 jokaiselta osallistujalta negatiivista koronavirustestitulosta ennen purjehdusta. Testaus voidaan toteuttaa kahdella per\u00e4kk\u00e4isell\u00e4 antigeeni-kotitestill\u00e4. Tarkemmat tiedot vaatimuksista on kerrottu ilmoittautumisehdoissa alla (avautuu klikkaamalla). Luethan my\u00f6s ilmoittautumisehdot huolellisesti.<br \/><br \/><div class=\"collapseomatic \" id=\"id69d659561e1f2\"  tabindex=\"0\" title=\"Ilmoittautumisehdot\"    >Ilmoittautumisehdot<\/div><div id=\"target-id69d659561e1f2\" class=\"collapseomatic_content \"><strong>Koronatestit ja rokotteet<br \/><\/strong>Suomen Purjelaivas\u00e4\u00e4ti\u00f6 vaatii kaikilta kaudella 2021-2022 toteutettaville, yli 8h kest\u00e4ville purjehduksille osallistuvilta asiakkailta ik\u00e4\u00e4n ja purjehduksen merialueeseen katsomatta korkeintaan 72h vanha todistus negatiivisesta koronatestist\u00e4 (PCR\/antigeeni) SEK\u00c4 oireettomuutta. Testi voi olla laboratoriossa tehty, jolloin riitt\u00e4\u00e4 yksi negatiivinen testitulos. Kotitesteill\u00e4 tehtyn\u00e4 vaaditaan 2 x negatiivinen testitulos.<br \/><br \/>Negatiivinen testitulos vaaditaan, vaikka asiakas olisi koronarokotettu. Purjelaivas\u00e4\u00e4ti\u00f6 suosittelee vahvasti kaikille asiakkaille viiden vuorokauden omaehtoista karanteenia ennen purjehduksen alkamista.<br \/><br \/>Yll\u00e4 olevien ehtojen lis\u00e4ksi ulkomaille suuntautuvilla purjehduksilla osallistumisen edellytyksen\u00e4 saattaa olla vasta-ainetestitulos tai koronarokotustodistus riippuen l\u00e4ht\u00f6- ja kohdemaasta. Jotkut maat saattavat edellytt\u00e4\u00e4 negatiivista testitulosta, vasta-ainetesti\u00e4 tai koronarokotustodistusta maahan saapuessa.<br \/><br \/>Osallistuja vastaa itse tarvittavien ja matkustusk\u00e4ytt\u00f6\u00f6n soveltuvien koronarokotusten ja koronatestien sek\u00e4 niihin liittyvien todistusten hankkimisesta. Ajankohtaisen tiedon kohdemaiden vaatimuksista saa kohdemaan viranomaisilta. On hyv\u00e4 huomioida, ett\u00e4 tilanteet kohdemaissa saattavat muuttua nopeasti.<br \/><br \/>Ilmoittautuessaan purjehdukselle osallistuja sitoutuu noudattamaan t\u00e4ss\u00e4 lueteltuja ehtoja sek\u00e4 purjehduksen p\u00e4\u00e4llik\u00f6n antamia ohjeistuksia koronaturvallisuuden varmistamiseksi poikkeuksetta. Purjehduksen aikainen turvallinen toiminta nojaa siihen, ett\u00e4 purjehduksen alkaessa kaikki miehist\u00f6n j\u00e4senet ovat terveit\u00e4. K\u00e4yt\u00e4nn\u00f6ss\u00e4 vesill\u00e4 ollessa alus muodostaa karanteeninomaisen tilan, jolloin miehist\u00f6n j\u00e4senet eiv\u00e4t ole l\u00e4hikontaktissa aluksen ulkopuolisiin henkil\u00f6ihin.<br \/><br \/>Satamissa olo voi muodostaa riskin koronatartunnan n\u00e4k\u00f6kulmasta. Alla luetellut toimenpiteet on suunniteltu purjehdusturvallisuuden takaamiseksi ja niit\u00e4 sek\u00e4 purjehduksen p\u00e4\u00e4llik\u00f6n mahdollisesti antamia lis\u00e4ohjeita tulee noudattaa poikkeuksetta. Tartuntariski\u00e4 v\u00e4hennet\u00e4\u00e4n seuraavin varotoimenpitein:\r\n<ul>\r\n<li>V\u00e4ltet\u00e4\u00e4n suuria v\u00e4kijoukkoja ja turhaa oleskelua sis\u00e4tiloissa (mukaan lukien baarit ja ravintolat)<\/li>\r\n<li>V\u00e4ltet\u00e4\u00e4n julkisia kulkuv\u00e4lineit\u00e4<\/li>\r\n<li>Kaikissa sis\u00e4tiloissa ollessa k\u00e4ytet\u00e4\u00e4n hengityssuojaimia<\/li>\r\n<li>Ennen alukselle palaamista maista k\u00e4det desinfioidaan laiturin puolella<\/li>\r\n<li>Ulkopuolisia vierailijoita ei p\u00e4\u00e4stet\u00e4 alukseen<\/li>\r\n<\/ul>\r\n<p>Mik\u00e4li kohdemaan viralliset suositukset ovat yll\u00e4 olevaa listausta tiukemmat, niit\u00e4 noudatetaan poikkeuksetta. Jos osallistuja ei noudata kohdemaan virallisia suosituksia ja p\u00e4\u00e4llik\u00f6n ohjeita koronaturvallisesta k\u00e4ytt\u00e4ytymisest\u00e4, p\u00e4\u00e4llik\u00f6ll\u00e4 on oikeus poistaa koko ryhm\u00e4 (Teekkaripurjehtijat) tai kyseinen osallistuja aluksesta taatakseen muun miehist\u00f6n turvallisuuden. Jos jollakin henkil\u00f6ll\u00e4 todetaan koronavirustartunta purjehduksen aikana, p\u00e4\u00e4llik\u00f6ll\u00e4 on oikeus keskeytt\u00e4\u00e4 asiakkaan matka taatakseen muun miehist\u00f6n turvallisuuden. Sairastumistapauksissa purjehduksen p\u00e4\u00e4llikk\u00f6 sek\u00e4 Suomen Purjelaivas\u00e4\u00e4ti\u00f6 avustavat tarvittavissa j\u00e4rjestelyiss\u00e4 (esim. sairaanhoito, kuljetukset, majoitukset). Osallistuja vastaa itse n\u00e4ist\u00e4 tilanteista aiheutuvista ylim\u00e4\u00e4r\u00e4isist\u00e4 erityisj\u00e4rjestelyist\u00e4 johtuvista kuluista.<br \/><br \/><strong>Matkavakuutus ja matkustusilmoitus<br \/><\/strong>Suomen Purjelaivas\u00e4\u00e4ti\u00f6 tai Teekkaripurjehtijat ei ole vastuussa osallistujan matkalla tarvitsemista vapaaehtoisista vakuutuksista vaan osallistuja vastaa itse vakuutusturvastaan ja sen kattavuudesta, mukaan lukien omaisuus- ja henkil\u00f6vahingot, vastuuvahingot sek\u00e4 matkan peruuntuminen. On huomioitava, ett\u00e4 eurooppalainen sairausvakuutuskortti ei korona-aikana yleisen terveydenhuollon kuormittumisen takia vastaa matkavakuutusta. Suomen Purjelaivas\u00e4\u00e4ti\u00f6 suosittelee kaikille asiakkailleen matkustusilmoituksen tekemist\u00e4 Ulkoministeri\u00f6lle ennen l\u00e4ht\u00f6\u00e4.<br \/><br \/><strong>Matkat satamiin<br \/><\/strong>Osallistuja vastaa itse matkastaan aluksen l\u00e4ht\u00f6satamaan ja paluusatamasta kotiin sek\u00e4 huolehtii siit\u00e4, ett\u00e4 on aluksella viimeist\u00e4\u00e4n ilmoitettuna ajankohtana.<br \/><br \/><strong>Purjehduksen maksaminen ja peruuttaminen<br \/><\/strong>Osallistuja varmistaa paikkansa purjehduksella maksamalla ilmoittautumisen yhteydess\u00e4 varausmaksun (300,00 \u20ac). Osallistuja katsotaan ilmoittautuneeksi purjehdukselle, kun varausmaksu on suoritettu Teekkaripurjehtijat ry:n tilille maksuohjeiden mukaisesti. Toinen osa osallistumismaksusta maksetaan my\u00f6hemmin ilmoitettavaan er\u00e4p\u00e4iv\u00e4\u00e4n menness\u00e4 ennen purjehduksen alkua.<br \/><br \/>Mik\u00e4li v\u00e4hint\u00e4\u00e4n 12 j\u00e4sent\u00e4 ei sunnuntaihin 13.2.2022 klo 23.59 menness\u00e4 ole ilmoittautunut ja maksanut varausmaksuaan purjehdukselle, Teekkaripurjehtijat peruu purjehduksen, ja kaikki maksetut varausmaksut palautetaan t\u00e4ysim\u00e4\u00e4r\u00e4isin\u00e4 ilmoittautuneille.<br \/><br \/>Osallistujalla on oikeus perua osallistumisensa milloin tahansa ennen purjehduksen alkua, mutta osallistujan peruessa osallistumisensa Teekkaripurjehtijat ei ole velvollinen palauttamaan mit\u00e4\u00e4n maksettuja maksuja takaisin osallistujalle. Osallistuja voi siirt\u00e4\u00e4 osallistumisoikeutensa toiselle Teekkaripurjehtijoiden j\u00e4senelle.\u00a0<br \/><br \/>Jos osallistumista ei peruuteta eik\u00e4 osallistuja saavu sovitulle l\u00e4ht\u00f6paikalle sovittuun aikaan tai jos osallistuja ei voi osallistua purjehdukselle siksi, ettei h\u00e4nell\u00e4 omalla ole matkaan tarvittavia asiapapereita, kuten voimassaolevaa passia, viisumia, henkil\u00f6llisyystodistusta tai rokotustodistusta, osallistujalla ei ole oikeutta maksun palautukseen.<br \/><br \/><strong>Poikkeustilanteet ja niist\u00e4 johtuva purjehduksen peruuntuminen<br \/><\/strong>Suomen Purjelaivas\u00e4\u00e4ti\u00f6ll\u00e4 ja Teekkaripurjehtijoilla on oikeus muuttaa purjehduksen aikataulua, reitti\u00e4 tai peruuttaa purjehdus j\u00e4rjest\u00e4jist\u00e4 riippumattomista syist\u00e4. J\u00e4rjest\u00e4jist\u00e4 riippumattomia syit\u00e4 ovat alusvaurio, viranomaisen toimenpiteet, epidemiat, vaaralliseksi luokiteltavat s\u00e4\u00e4tiedotukset ja -olosuhteet, sota, kapina yms. poikkeustilat sek\u00e4 sairaalahoitoa vaativa sairastapaus aluksella. Purjelaivas\u00e4\u00e4ti\u00f6 tai Teekkaripurjehtijat ei korvaa j\u00e4rjest\u00e4jist\u00e4 riippumattomista syist\u00e4 johtuvista purjehdusaikataulun tai m\u00e4\u00e4r\u00e4satamien muutoksista osallistujille aiheutuvia majoitus-, jatkoyhteyden muutos- ja muita vastaavia kuluja tai vahinkoa. Mik\u00e4li purjehdus keskeytyy n\u00e4ist\u00e4 poikkeustilanteista johtuen, Purjelaivas\u00e4\u00e4ti\u00f6 korvaa Teekkaripurjehtijoille j\u00e4ljell\u00e4 olevaa matkaa vastaavan osuuden purjehduksen maksusta, ja Teekkaripurjehtijat korvaa edelleen vastaavan osuuden osallistujille.<br \/><br \/><strong>Osallistujien terveydentila ja suorituskyky<br \/><\/strong>Osallistuja vastaa siit\u00e4, ett\u00e4 h\u00e4nell\u00e4 on riitt\u00e4v\u00e4 terveydentila osallistua purjehdukselle. Mahdollisissa terveydentilaan tai muuhun suorituskykyyn liittyviss\u00e4 kysymyksiss\u00e4 osallistuja sitoutuu olemaan etuk\u00e4teen yhteydess\u00e4 Teekkaripurjehtijoihin ja\/tai Suomen Purjelaivas\u00e4\u00e4ti\u00f6\u00f6n. On huomioitava, ett\u00e4 purjehduksen p\u00e4\u00e4llikk\u00f6 voi milloin tahansa keskeytt\u00e4\u00e4 osallistujan purjehduksen tai ev\u00e4t\u00e4 osallistujan p\u00e4\u00e4syn purjehdukselle, mik\u00e4li osallistujan terveydentila ei p\u00e4\u00e4llik\u00f6n n\u00e4kemyksen mukaan salli purjehdukselle osallistumista. T\u00e4llaisissa tilanteissa s\u00e4\u00e4ti\u00f6 tai Teekkaripurjehtijat ei vastaa keskeytt\u00e4misest\u00e4 henkil\u00f6lle aiheutuvista lis\u00e4kuluista.<br \/><br \/><strong>Mit\u00e4 purjehduksen hintaan sis\u00e4ltyy<br \/><\/strong>Purjehduksen hintaan sis\u00e4ltyy:<\/p>\r\n<ul>\r\n<li>Ateriat aluksella koko purjehduksen ajan (aamupala, lounas, p\u00e4iv\u00e4llinen, iltapala, v\u00e4lipalat)<\/li>\r\n<li>purjehdusvarusteet (purjehdushaalari ja -takki, paukkuliivi, turvaliina)<\/li>\r\n<li>purjehduksen aikainen ohjelma (opastus ja opetus)<\/li>\r\n<li>majoitus aluksella satamissa ollessa<\/li>\r\n<li>satamamaksut, saunat ja suihkut satamissa<\/li>\r\n<\/ul>\r\n<p>Purjehdusmaksuun eiv\u00e4t sis\u00e4lly:<\/p>\r\n<ul>\r\n<li>osallistujan matkat l\u00e4ht\u00f6satamiin tai satamista kotiin<\/li>\r\n<li>maksut ja kulut, jotka viranomaiset mahdollisesti periv\u00e4t maahantulijoilta\u00a0<\/li>\r\n<li>ruokailut aluksen ulkopuolella, kiertoajelut, illanvietot yms. eri satamissa<\/li>\r\n<li>vaadittavat koronatestit ja -todistukset ennen purjehdusta ja mahdollisesti sen aikana (esimerkiksi satamaan tullessa, koronaep\u00e4ilyn takia tehdyt testit)<\/li>\r\n<li>osallistujan vakuutukset matkan varalle<\/li>\r\n<li>hengityssuojaimet, joita tarvitaan satamissa tai alukselta poistuttaessa<\/li>\r\n<\/ul>\r\n<p><strong style=\"font-size: inherit; text-indent: 0em;\"><br \/>Henkil\u00f6tietojen k\u00e4sittely<br \/><\/strong>Osallistuja hyv\u00e4ksyy tietojensa luovuttamisen Suomen Purjelaivas\u00e4\u00e4ti\u00f6lle sek\u00e4 s\u00e4\u00e4ti\u00f6n henkil\u00f6tietojen k\u00e4sittely\u00e4 koskevan rekisteriselosteen.<br \/><br \/><strong>Erimielisyyksien ratkaiseminen<br \/><\/strong>Erimielisyyksiss\u00e4 sovelletaan Suomen lakia ja ratkaistaan yleisess\u00e4 alioikeudessa Suomessa.<br \/><\/div> <br \/><strong>Ilmoittautuminen on auki, <a href=\"https:\/\/forms.gle\/6uahgM3A6h7is13Z9\">ilmoittautumiseen p\u00e4\u00e4set t\u00e4st\u00e4 linkist\u00e4<\/a>!<\/strong>\n\n<\/p>","protected":false},"excerpt":{"rendered":"<p>Haluatko kokea Englannin kanaalin vuorovedet, y\u00f6vahdit Pohjanmerell\u00e4 ja Kielin kanavan? Haluatko tiet\u00e4\u00e4 millaista on purjehdus ja el\u00e4m\u00e4 purjelaivalla? Tai haluatko muuten vaan ottaa varasl\u00e4hd\u00f6n purjehduskauteen? L\u00e4hde mukaan Teekkaripurjehtijoiden seikkailupurjehdukselle Cherbourgista K\u00f6\u00f6penhaminaan Suomen Purjelaivas\u00e4\u00e4ti\u00f6n kuunari Helenalla 17.\u201324.4.2022! Teekkaripurjehtijat j\u00e4rjest\u00e4\u00e4 seikkailupurjehduksen yhdess\u00e4 Suomen Purjelaivas\u00e4\u00e4ti\u00f6n kanssa siten, ett\u00e4 l\u00e4hes kaikki aluksen miehist\u00f6paikat on &hellip;<\/p>\n","protected":false},"author":1,"featured_media":0,"parent":36,"menu_order":0,"comment_status":"closed","ping_status":"closed","template":"","meta":{"footnotes":""},"_links":{"self":[{"href":"https:\/\/teekkaripurjehtijat.fi\/wordpress\/index.php?rest_route=\/wp\/v2\/pages\/5056"}],"collection":[{"href":"https:\/\/teekkaripurjehtijat.fi\/wordpress\/index.php?rest_route=\/wp\/v2\/pages"}],"about":[{"href":"https:\/\/teekkaripurjehtijat.fi\/wordpress\/index.php?rest_route=\/wp\/v2\/types\/page"}],"author":[{"embeddable":true,"href":"https:\/\/teekkaripurjehtijat.fi\/wordpress\/index.php?rest_route=\/wp\/v2\/users\/1"}],"replies":[{"embeddable":true,"href":"https:\/\/teekkaripurjehtijat.fi\/wordpress\/index.php?rest_route=%2Fwp%2Fv2%2Fcomments&post=5056"}],"version-history":[{"count":145,"href":"https:\/\/teekkaripurjehtijat.fi\/wordpress\/index.php?rest_route=\/wp\/v2\/pages\/5056\/revisions"}],"predecessor-version":[{"id":5264,"href":"https:\/\/teekkaripurjehtijat.fi\/wordpress\/index.php?rest_route=\/wp\/v2\/pages\/5056\/revisions\/5264"}],"up":[{"embeddable":true,"href":"https:\/\/teekkaripurjehtijat.fi\/wordpress\/index.php?rest_route=\/wp\/v2\/pages\/36"}],"wp:attachment":[{"href":"https:\/\/teekkaripurjehtijat.fi\/wordpress\/index.php?rest_route=%2Fwp%2Fv2%2Fmedia&parent=5056"}],"curies":[{"name":"wp","href":"https:\/\/api.w.org\/{rel}","templated":true}]}}