{"id":465,"date":"2012-05-23T00:49:08","date_gmt":"2012-05-22T22:49:08","guid":{"rendered":"http:\/\/trip.ayy.fi\/wordpress\/?page_id=465"},"modified":"2024-05-14T14:40:17","modified_gmt":"2024-05-14T11:40:17","slug":"jasenille","status":"publish","type":"page","link":"https:\/\/teekkaripurjehtijat.fi\/wordpress\/?page_id=465","title":{"rendered":"Materiaalipankki"},"content":{"rendered":"<p>Tietoa j\u00e4senasioista ja j\u00e4senille hy\u00f6dyllist\u00e4 materiaalia.<\/p>\n<ul>\n<li><a title=\"S\u00e4hk\u00f6postilistat\" href=\"https:\/\/teekkaripurjehtijat.fi\/wordpress\/?page_id=184\">S\u00e4hk\u00f6postilistat<\/a><\/li>\n<li><a title=\"S\u00e4\u00e4nn\u00f6t\" href=\"https:\/\/teekkaripurjehtijat.fi\/wordpress\/?page_id=186\">S\u00e4\u00e4nn\u00f6t<\/a><\/li>\n<li><a href=\"https:\/\/teekkaripurjehtijat.fi\/wordpress\/wp-content\/uploads\/2023\/08\/Turvallisemman-tilan-periaatteet-_-Safer-space-policy.pdf\">Turvallisemman tilan periaatteet \/ Safer space policy<\/a><\/li>\n<li><a href=\"https:\/\/teekkaripurjehtijat.fi\/wordpress\/wp-content\/uploads\/2018\/04\/TRIP-Ty\u00f6tuntiohjeet-2018.pdf\">Ty\u00f6tuntiohjeet, p\u00e4ivitetty kaudelle 2018<\/a>\u00a0(korvaa <span class=\"fontstyle0\">aiemman Espoossa 4.4.2012 p\u00e4iv\u00e4tyn ohjeen<\/span>)<\/li>\n<li><a title=\"TRIP-Wiki\" href=\"http:\/\/trip.ayy.fi\/wiki\">TRIP-Wiki<\/a><\/li>\n<li><a title=\"Satamakirja\" href=\"https:\/\/teekkaripurjehtijat.fi\/wordpress\/?page_id=2236\">Satamakirja<\/a><\/li>\n<li><a href=\"https:\/\/teekkaripurjehtijat.fi\/wordpress\/wp-content\/uploads\/2012\/03\/kipparikoe.pdf\">Kipparikokeen muistilista (FI)<\/a> \/\u00a0<a href=\"https:\/\/teekkaripurjehtijat.fi\/wordpress\/wp-content\/uploads\/2021\/09\/skippers-exam-v2.pdf\">Skipper&#8217;s exam-form (EN)<\/a><\/li>\n<li><a href=\"https:\/\/teekkaripurjehtijat.fi\/wordpress\/wp-content\/uploads\/2012\/05\/Spinnupurjehduksen-perusteet.pdf\">Spinnupurjehduksen perusteet<\/a><\/li>\n<\/ul>\n<p><strong>Lomakkeita<\/strong><\/p>\n<ul>\n<li><a href=\"https:\/\/teekkaripurjehtijat.fi\/wordpress\/wp-content\/uploads\/2024\/03\/Veneperehdytys.pdf\">Veneperehdytykset<\/a><\/li>\n<li><a href=\"https:\/\/teekkaripurjehtijat.fi\/wordpress\/wp-content\/uploads\/2024\/05\/Kipparikirje-2024.pdf\">Kipparikirje 2024 (FI)<\/a><\/li>\n<li><a href=\"https:\/\/teekkaripurjehtijat.fi\/wordpress\/wp-content\/uploads\/2024\/05\/Kipparikirje-2023.pdf\">Kipparikirje 2023 (FI)<\/a> \/ <a href=\"https:\/\/teekkaripurjehtijat.fi\/wordpress\/wp-content\/uploads\/2024\/05\/Skippers-Letter-2023.pdf\">Skippers&#8217; Letter 2023 (EN)<\/a><\/li>\n<li><a href=\"https:\/\/teekkaripurjehtijat.fi\/wordpress\/wp-content\/uploads\/2022\/06\/Kipparikirje-2022.pdf\">Kipparikirje 2022 (FI)<\/a> \/ <a href=\"https:\/\/teekkaripurjehtijat.fi\/wordpress\/wp-content\/uploads\/2022\/06\/Skippers-Letter-2022.pdf\">Skippers&#8217; Letter 2022 (EN)<\/a><\/li>\n<li><a href=\"https:\/\/teekkaripurjehtijat.fi\/wordpress\/wp-content\/uploads\/2021\/06\/Kipparikirje-2021.pdf\">Kipparikirje 2021 (FI)<\/a> \/ <a href=\"https:\/\/teekkaripurjehtijat.fi\/wordpress\/wp-content\/uploads\/2021\/06\/Skippers-Letter-2021.pdf\">Skippers&#8217; Letter 2021 (EN)<\/a><\/li>\n<li><a href=\"https:\/\/teekkaripurjehtijat.fi\/wordpress\/wp-content\/uploads\/2020\/07\/Kipparikirje-2020.pdf\">Kipparikirje 2020<\/a><\/li>\n<li><a href=\"https:\/\/teekkaripurjehtijat.fi\/wordpress\/wp-content\/uploads\/2020\/07\/Kipparikirje-2019-1.pdf\">Kipparikirje 2019<\/a><\/li>\n<li><a href=\"https:\/\/teekkaripurjehtijat.fi\/wordpress\/wp-content\/uploads\/2018\/04\/Kipparikirje-2018.pdf\">Kipparikirje 2018<\/a><\/li>\n<li><a href=\"https:\/\/teekkaripurjehtijat.fi\/wordpress\/wp-content\/uploads\/2012\/05\/Kipparikirje2016.pdf\">Kipparikirje 2016<\/a><\/li>\n<li><a href=\"https:\/\/script.google.com\/macros\/s\/AKfycby2OLLCUSeyBqFrWjNalhAYYXFoKADWH33ezLIzzIk1kHNqvYHQkZ7-_dPNjlqsB-JADA\/exec\">S\u00e4hk\u00f6inen kulukorvauslomake<\/a><\/li>\n<li><a href=\"https:\/\/teekkaripurjehtijat.fi\/wordpress\/wp-content\/uploads\/2024\/03\/TRIP-kulukorvauslomake-pa%CC%88ivitetty-2024.pdf\">Kulukorvauslomake (FI)<\/a> (korvaa aiemman laskutuslomakkeen) \/ <a href=\"https:\/\/teekkaripurjehtijat.fi\/wordpress\/wp-content\/uploads\/2024\/03\/TRIP-reimbursement-form-2024.pdf\">Expense reimbursement form (EN)<\/a><\/li>\n<li><a href=\"https:\/\/teekkaripurjehtijat.fi\/wordpress\/wp-content\/uploads\/2023\/05\/TRIP-Tyo\u0308tuntilista-Beehours-sheet.xlsx\">Ty\u00f6tuntilista \/ Bee-hour list<\/a><\/li>\n<li><a title=\"Meriselityspohja\" href=\"https:\/\/teekkaripurjehtijat.fi\/wordpress\/?page_id=1765\">Meriselityspohja<\/a><\/li>\n<li><a href=\"https:\/\/docs.google.com\/forms\/d\/e\/1FAIpQLScitQKcysj2OFySbwODSeflKFuM2nmNuGiX3vUAwhAVM1QGWw\/viewform?usp=sf_link\">Vikailmoituslomake<\/a><\/li>\n<\/ul>\n","protected":false},"excerpt":{"rendered":"<p>Tietoa j\u00e4senasioista ja j\u00e4senille hy\u00f6dyllist\u00e4 materiaalia. S\u00e4hk\u00f6postilistat S\u00e4\u00e4nn\u00f6t Turvallisemman tilan periaatteet \/ Safer space policy Ty\u00f6tuntiohjeet, p\u00e4ivitetty kaudelle 2018\u00a0(korvaa aiemman Espoossa 4.4.2012 p\u00e4iv\u00e4tyn ohjeen) TRIP-Wiki Satamakirja Kipparikokeen muistilista (FI) \/\u00a0Skipper&#8217;s exam-form (EN) Spinnupurjehduksen perusteet Lomakkeita Veneperehdytykset Kipparikirje 2024 (FI) Kipparikirje 2023 (FI) \/ Skippers&#8217; Letter 2023 (EN) Kipparikirje 2022 (FI) &hellip;<\/p>\n","protected":false},"author":1,"featured_media":7364,"parent":34,"menu_order":0,"comment_status":"closed","ping_status":"closed","template":"","meta":{"footnotes":""},"_links":{"self":[{"href":"https:\/\/teekkaripurjehtijat.fi\/wordpress\/index.php?rest_route=\/wp\/v2\/pages\/465"}],"collection":[{"href":"https:\/\/teekkaripurjehtijat.fi\/wordpress\/index.php?rest_route=\/wp\/v2\/pages"}],"about":[{"href":"https:\/\/teekkaripurjehtijat.fi\/wordpress\/index.php?rest_route=\/wp\/v2\/types\/page"}],"author":[{"embeddable":true,"href":"https:\/\/teekkaripurjehtijat.fi\/wordpress\/index.php?rest_route=\/wp\/v2\/users\/1"}],"replies":[{"embeddable":true,"href":"https:\/\/teekkaripurjehtijat.fi\/wordpress\/index.php?rest_route=%2Fwp%2Fv2%2Fcomments&post=465"}],"version-history":[{"count":57,"href":"https:\/\/teekkaripurjehtijat.fi\/wordpress\/index.php?rest_route=\/wp\/v2\/pages\/465\/revisions"}],"predecessor-version":[{"id":8049,"href":"https:\/\/teekkaripurjehtijat.fi\/wordpress\/index.php?rest_route=\/wp\/v2\/pages\/465\/revisions\/8049"}],"up":[{"embeddable":true,"href":"https:\/\/teekkaripurjehtijat.fi\/wordpress\/index.php?rest_route=\/wp\/v2\/pages\/34"}],"wp:featuredmedia":[{"embeddable":true,"href":"https:\/\/teekkaripurjehtijat.fi\/wordpress\/index.php?rest_route=\/wp\/v2\/media\/7364"}],"wp:attachment":[{"href":"https:\/\/teekkaripurjehtijat.fi\/wordpress\/index.php?rest_route=%2Fwp%2Fv2%2Fmedia&parent=465"}],"curies":[{"name":"wp","href":"https:\/\/api.w.org\/{rel}","templated":true}]}}