{"id":4507,"date":"2021-04-14T19:34:47","date_gmt":"2021-04-14T17:34:47","guid":{"rendered":"https:\/\/trip.ayy.fi\/wordpress\/?page_id=4507"},"modified":"2023-11-15T18:58:48","modified_gmt":"2023-11-15T16:58:48","slug":"kipparikoulu-skippers-school","status":"publish","type":"page","link":"https:\/\/teekkaripurjehtijat.fi\/wordpress\/?page_id=4507","title":{"rendered":"Kipparikoulu"},"content":{"rendered":"<h6><\/h6>\r\n<p>TRIPin kipparikoulu tarjoaa saaristop\u00e4\u00e4llikk\u00f6kurssin k\u00e4yneille tai purjehduksen perusteet hyvin osaaville ja purjehduskokemusta (min. 100nm) hankkineille mahdollisuuden harjoitella siirtymist\u00e4 osaavasta gastista kippariksi.<\/p>\r\n<h6>\u00a0<\/h6>\r\n<p>Kipparikoulun osallistujat harjoittelevat turvallisissa kolmen hengen pienryhmiss\u00e4 per\u00e4miestaitoja kauden aikana. Tavoitteena on parantaa kyky\u00e4 toimia kipparina suotuisissa saaristo-olosuhteissa p\u00e4iv\u00e4saikaan ja ett\u00e4 saatuaan itselleen riitt\u00e4v\u00e4sti harjoittelua ja varmuutta kipparikoululaisilla on riitt\u00e4v\u00e4t valmiudet kerhon kipparikokeen eli per\u00e4mieskokeen suorittamiseen.<\/p>\r\n<h6>\u00a0<\/h6>\r\n<p>Hyv\u00e4ksytysti suoritettu per\u00e4mieskoe ja veneperehdytys antavat oikeuden kipparoida Teekkaripurjehtijoiden saaristoveneit\u00e4 ElecTripi\u00e4 (FinnExpress 83) sek\u00e4 GinTripi\u00e4 (Delphia 28). Tarkoituksena on tuottaa Teekkaripurjehtijoille osaavia, turvallisia k\u00e4yt\u00e4nt\u00f6j\u00e4 hallitsevia kippareita, jotka osallistuvat kerho- ja talkootoimintaan tulevina vuosina.<\/p>\r\n<h6>\u00a0<\/h6>\r\n<p>Kipparikoulussa osallistujat opettavat my\u00f6s toisiaan ja harjoittelussa keskityt\u00e4\u00e4n kipparoinnin kannalta merkitt\u00e4viin asioihin, mink\u00e4 vuoksi purjehduksen perustaidot on osattava hyvin jo kipparikouluun tultaessa. Kipparikoulussa ei juuri opeteta uusia asioita, vaan tarkoitus on tarjota ohjattu harjoittelu- ja kehittymismahdollisuus niille, joilla kipparoinnin perusasiat ovat jo tiedossa, mutta harjoittelukokemusta on v\u00e4h\u00e4n. Harjoitteluaiheita esimerkiksi rantautuminen, reitin suunnittelu ja MOB-harjoittelu.<\/p>\r\n<h6>\u00a0<\/h6>\r\n<p>Kipparikoulun aikataulu on joustava. Tarkoitus on suorittaa opetuskerrat arki-iltaisin (ma-to) kes\u00e4-syyskuun aikana riippuen ryhm\u00e4st\u00e4. Venevaraukset tehd\u00e4\u00e4n jo ennen kipparikokousta niin, ett\u00e4 varausten ajankohdat sopivat kipparikoululaisille. Kipparikoululaisilla on n\u00e4in ollen ainutlaatuinen mahdollisuus p\u00e4\u00e4st\u00e4 varaamaan itselleen sopivat p\u00e4iv\u00e4t jo ennen varsinaista varauskokousta, mink\u00e4 vuoksi teht\u00e4v\u00e4t varaukset ovat sitovia.<\/p>\r\n<h6>\u00a0<\/h6>\r\n<p>Varsinaista kurssimaksua ei ole, vaan se korvataan talkootunneilla, joita vaaditaan 20 h\/hl\u00f6. M\u00e4\u00e4r\u00e4 vastaa esim. osallistumista veneiden kev\u00e4t- tai syystalkoisiin kolmena\/nelj\u00e4n\u00e4 p\u00e4iv\u00e4n\u00e4, jotta kurssilaiset tulevat tutuiksi veneiden kanssa ja ymm\u00e4rt\u00e4v\u00e4t huoltotoimenpiteiden merkityksen kerhon veneille. T\u00e4m\u00e4n lis\u00e4ksi kurssilaiset jakavat varausp\u00e4iv\u00e4n hinnan opetuskertojen m\u00e4\u00e4r\u00e4n mukaan.<\/p>\r\n<h3><b>Kenelle?<\/b><\/h3>\r\n<p>Hakukriteerein\u00e4 ovat<\/p>\r\n<ul>\r\n<li aria-level=\"1\">suoritettu Navigointi 1 tai saaristomerenkulun tutkinto;<\/li>\r\n<li aria-level=\"1\">suoritettu saaristop\u00e4\u00e4llikk\u00f6kurssi tai sen tasoiset tiedot ja taidot;<\/li>\r\n<li aria-level=\"1\">100 purjehdittua merimailia;<\/li>\r\n<li aria-level=\"1\">aktiivisuus Tripiss\u00e4 huomioidaan, kuitenkin hakijoilla on oltava v\u00e4hint\u00e4\u00e4n 20 talkootuntia.<\/li>\r\n<\/ul>\r\n<p>Valinta tehd\u00e4\u00e4n kokonaisharkinnalla, jossa huomioidaan my\u00f6s hakijan motivaatio ja kipparikoulun antama hy\u00f6ty harjoittelijalle kipparikokeen suorittamiseen.<\/p>\r\n<h3><b>Milloin?<\/b><\/h3>\r\n<p>Kipparikoulu j\u00e4rjestet\u00e4\u00e4n viiten\u00e4 arki-iltana purjehduskauden aikana. Kipparikoululaiset sopivat kesken\u00e4\u00e4n harjoittelukertojen ajankohdat ja ne varaa ne ennen kipparikokousta.<\/p>\r\n<h3><b>Ketk\u00e4 ohjaavat?<\/b><\/h3>\r\n<p>TRIP:n purjehduksen ohjaajat, opettajat ja kapteenit<\/p>\r\n<h3><b>Mit\u00e4 maksaa?<\/b><\/h3>\r\n<p>20 talkootuntia sek\u00e4 veneen varausmaksut. Varaukset ovat veneenvarauss\u00e4\u00e4nt\u00f6jen mukaisia omia varauksia.<\/p>\r\n<h3><b>Kuinka monta mahtuu mukaan?<\/b><\/h3>\r\n<p>Noin 3-9 j\u00e4sent\u00e4<\/p>\r\n<h3><b>Saako kipparikoulusta virallisen merkinn\u00e4n?<\/b><\/h3>\r\n<p>Kipparikoulu on TRIP:n valmennusmuoto seuran kippariksi haluaville, eli siit\u00e4 ei saa virallista merkint\u00e4\u00e4. Kipparikoulu antaa ensisijaisesti ainutlaatuisen mahdollisuuden harjoitella kipparointia kannustavassa, opastavassa ja turvallisessa ymp\u00e4rist\u00f6ss\u00e4 eritt\u00e4in edullisesti. Kipparikouluun osallistuminen ei takaa TRIP:n per\u00e4mieskokeen l\u00e4pip\u00e4\u00e4sy\u00e4, mutta antaa hyv\u00e4t valmiudet sen suorittamiseen.<\/p>\r\n<h3><b>Lis\u00e4tietoa<\/b><\/h3>\r\n<p>hallitus(a)teekkaripurjehtijat.fi \u00a0<\/p>\r\n<h4><a href=\"https:\/\/teekkaripurjehtijat.fi\/wordpress\/wp-content\/uploads\/2021\/03\/Veneenvarauss%C3%A4%C3%A4nn%C3%B6t-15.3.2021.pdf\">Veneenvarauss\u00e4\u00e4nn\u00f6t<\/a><\/h4>\r\n\r\n\r\n\r\n<p>&nbsp;<\/p>","protected":false},"excerpt":{"rendered":"<p>TRIPin kipparikoulu tarjoaa saaristop\u00e4\u00e4llikk\u00f6kurssin k\u00e4yneille tai purjehduksen perusteet hyvin osaaville ja purjehduskokemusta (min. 100nm) hankkineille mahdollisuuden harjoitella siirtymist\u00e4 osaavasta gastista kippariksi. \u00a0 Kipparikoulun osallistujat harjoittelevat turvallisissa kolmen hengen pienryhmiss\u00e4 per\u00e4miestaitoja kauden aikana. Tavoitteena on parantaa kyky\u00e4 toimia kipparina suotuisissa saaristo-olosuhteissa p\u00e4iv\u00e4saikaan ja ett\u00e4 saatuaan itselleen riitt\u00e4v\u00e4sti harjoittelua ja varmuutta kipparikoululaisilla &hellip;<\/p>\n","protected":false},"author":1,"featured_media":7364,"parent":229,"menu_order":0,"comment_status":"closed","ping_status":"closed","template":"","meta":{"footnotes":""},"_links":{"self":[{"href":"https:\/\/teekkaripurjehtijat.fi\/wordpress\/index.php?rest_route=\/wp\/v2\/pages\/4507"}],"collection":[{"href":"https:\/\/teekkaripurjehtijat.fi\/wordpress\/index.php?rest_route=\/wp\/v2\/pages"}],"about":[{"href":"https:\/\/teekkaripurjehtijat.fi\/wordpress\/index.php?rest_route=\/wp\/v2\/types\/page"}],"author":[{"embeddable":true,"href":"https:\/\/teekkaripurjehtijat.fi\/wordpress\/index.php?rest_route=\/wp\/v2\/users\/1"}],"replies":[{"embeddable":true,"href":"https:\/\/teekkaripurjehtijat.fi\/wordpress\/index.php?rest_route=%2Fwp%2Fv2%2Fcomments&post=4507"}],"version-history":[{"count":111,"href":"https:\/\/teekkaripurjehtijat.fi\/wordpress\/index.php?rest_route=\/wp\/v2\/pages\/4507\/revisions"}],"predecessor-version":[{"id":7370,"href":"https:\/\/teekkaripurjehtijat.fi\/wordpress\/index.php?rest_route=\/wp\/v2\/pages\/4507\/revisions\/7370"}],"up":[{"embeddable":true,"href":"https:\/\/teekkaripurjehtijat.fi\/wordpress\/index.php?rest_route=\/wp\/v2\/pages\/229"}],"wp:featuredmedia":[{"embeddable":true,"href":"https:\/\/teekkaripurjehtijat.fi\/wordpress\/index.php?rest_route=\/wp\/v2\/media\/7364"}],"wp:attachment":[{"href":"https:\/\/teekkaripurjehtijat.fi\/wordpress\/index.php?rest_route=%2Fwp%2Fv2%2Fmedia&parent=4507"}],"curies":[{"name":"wp","href":"https:\/\/api.w.org\/{rel}","templated":true}]}}