{"id":42,"date":"2012-03-19T18:20:33","date_gmt":"2012-03-19T16:20:33","guid":{"rendered":"http:\/\/trip.ayy.fi\/wordpress\/?page_id=42"},"modified":"2023-11-15T19:03:13","modified_gmt":"2023-11-15T17:03:13","slug":"purjehduslinkkeja","status":"publish","type":"page","link":"https:\/\/teekkaripurjehtijat.fi\/wordpress\/?page_id=42","title":{"rendered":"Purjehduslinkkej\u00e4 \/\/ Sailing links"},"content":{"rendered":"<p><strong>S\u00e4\u00e4<\/strong> \/\/ <em>Weather<\/em><br \/>\nIlmatieteen laitos \/\/ Finnish Meteorological Institute:<\/p>\n<ul>\n<li><a href=\"https:\/\/www.ilmatieteenlaitos.fi\/merisaa-ja-itameri\" target=\"_blank\" rel=\"noopener noreferrer\">Meris\u00e4\u00e4<\/a> \/\/ <a href=\"https:\/\/en.ilmatieteenlaitos.fi\/marine-weather-and-baltic-sea\" target=\"_blank\" rel=\"noopener noreferrer\">Marine weather<\/a><\/li>\n<li><a href=\"https:\/\/www.ilmatieteenlaitos.fi\/jaatilanne\" target=\"_blank\" rel=\"noopener noreferrer\">J\u00e4\u00e4tilanne<\/a> \/\/ <a href=\"https:\/\/en.ilmatieteenlaitos.fi\/ice-conditions\" target=\"_blank\" rel=\"noopener noreferrer\">Ice conditions<\/a><\/li>\n<li><a href=\"http:\/\/www.vedenkorkeus.fi\/\" target=\"_blank\" rel=\"noopener noreferrer\">Merivedenkorkeus<\/a> \/\/ <a href=\"https:\/\/en.ilmatieteenlaitos.fi\/sea-level\" target=\"_blank\" rel=\"noopener noreferrer\">Sea level<\/a><\/li>\n<\/ul>\n<p><a href=\"http:\/\/www.windguru.com\/int\/index.php?sc=420\" target=\"_blank\" rel=\"noopener noreferrer\">WindGURU, Helsinki<\/a><br \/>\n<a href=\"https:\/\/aaltopoiju.fi\/\">Aaltopoiju \/\/ wave heights<\/a><br \/>\n<!--\nTODO: remove? link broken (dead): <a href=\"http:\/\/www.euroweather.net\/\" target=\"_blank\" rel=\"noopener noreferrer\">Euro Weather, suuri m\u00e4\u00e4r\u00e4 s\u00e4\u00e4tietoja ja -ennusteita Euroopasta<\/a>\nTODO: update? link broken (redirects to homepage): <a href=\"http:\/\/www.wetteronline.de\/\/cgi-bin\/windframe?3&amp;CONT=euro&amp;WIND=g005&amp;LANG=en\" target=\"_blank\" rel=\"noopener noreferrer\">WetterOnline, mm. tuuliennusteet Suomenlahdelle<\/a>\nTODO: link missing: AccuWeather, Helsinki\n--><\/p>\n<p><strong>Tiedotuksia<\/strong> \/\/ <em>Announcements<\/em><br \/>\n<a href=\"https:\/\/merivoimat.fi\/web\/merivoimat\/ampuma-ja-melutiedotteet\" target=\"_blank\" rel=\"noopener noreferrer\">Puolustusvoimien ammunnat<\/a> \/\/ <a href=\"https:\/\/merivoimat.fi\/en\/firings-and-noise\" target=\"_blank\" rel=\"noopener noreferrer\">Finnish Navy firings<\/a><br \/>\n<a href=\"https:\/\/www.traficom.fi\/fi\/asioi-kanssamme\/tiedonantoja-merenkulkijoille\" target=\"_blank\" rel=\"noopener noreferrer\">Tiedonantoja merenkulkijoille<\/a> \/\/ <a href=\"https:\/\/www.traficom.fi\/en\/services\/notices-mariners\" target=\"_blank\" rel=\"noopener noreferrer\">Notices to Mariners<\/a><!-- previously linked to Merikarttojen tuontantoaikataulut http:\/\/www.fma.fi\/palvelut\/merikartat\/tuotantoaikataulu.htm which no longer exists and seems rather less useful --><br \/>\n<!--\nTODO: link redirects back to Finanssiala homepage; update deep link! <a href=\"http:\/\/www.venevahinko.fi\/\" target=\"_blank\" rel=\"noopener noreferrer\">Vakuutusyhti\u00f6iden venevahinkotoimikunta - varastetut veneet, hyv\u00e4ksytyt lujitemuovikorjaamot<\/a>\n--><\/p>\n<p><strong>Purjehduskohteita<\/strong> \/\/ <em>Sailing destinations<\/em><br \/>\n<a href=\"https:\/\/www.vierassatamat.fi\/\" target=\"_blank\" rel=\"noopener noreferrer\">Vierassatamat \/\/ &#8220;All official harbours in Finland&#8221;<\/a><br \/>\n<a href=\"https:\/\/uuvi.fi\/\" target=\"_blank\" rel=\"noopener noreferrer\">Uudenmaan virkistysalueyhdistys<\/a><br \/>\n<a href=\"https:\/\/www.espoo.fi\/fi\/liikunta-ja-luonto\/saaristo\/ulkoilusaaret\" target=\"_blank\" rel=\"noopener noreferrer\">Espoon ulkoilusaaret<\/a><br \/>\n<a href=\"https:\/\/www.hel.fi\/Helsinki\/fi\/kulttuuri-ja-vapaa-aika\/ulkoilu\/saaristossa\/\" target=\"_blank\" rel=\"noopener noreferrer\">Helsingin liikuntaviraston ulkoilusaaret<\/a><br \/>\n<a href=\"https:\/\/www.vantaa.fi\/fi\/palveluhakemisto\/palvelu\/virkistysalueet\" target=\"_blank\" rel=\"noopener noreferrer\">Vantaan virkistysalueet<\/a><br \/>\n<a href=\"https:\/\/www.porvoo.fi\/kulttuuri-ja-vapaa-aika\/liikunta-ja-ulkoilu\/liikuntatilat-ja-alueet\/varattavissa-olevat-ulkoliikuntapaikat\/ulkoilualueet\/\" target=\"_blank\" rel=\"noopener noreferrer\">Porvoon ulkoilualueet<\/a><br \/>\n<a href=\"https:\/\/veneilijanporvoo.fi\/\" target=\"_blank\" rel=\"noopener noreferrer\">Veneilij\u00e4n Porvoo<\/a><br \/>\n<a href=\"https:\/\/www.sipoo.fi\/visit-sipoo\/nae-koe\/luontoelamyksia\/saaristo\/\" target=\"_blank\" rel=\"noopener noreferrer\">Sipoon ulkoilusaaret<\/a><br \/>\n<a href=\"https:\/\/www.visitsaaristo.net\/\" target=\"_blank\" rel=\"noopener noreferrer\">Visit Saaristo<\/a><br \/>\n<a href=\"https:\/\/sipoonkanoottiklubi.fi\/home\/sipoon-saaristo\/\" target=\"_blank\" rel=\"noopener noreferrer\">Sipoon kanoottiklubin saaristo-opas<\/a><br \/>\n<a href=\"https:\/\/www.saimaanvirkistysalueyhdistys.fi\/\" target=\"_blank\" rel=\"noopener noreferrer\">Saimaan virkistysalueyhdistys<\/a><br \/>\n<a href=\"https:\/\/ekarjala-retkeily.fi\/ekvas\/\" target=\"_blank\" rel=\"noopener noreferrer\">Etel\u00e4-Karjalan virkistysalueyhdistys<\/a><br \/>\n<a href=\"http:\/\/www.veneilysaimaa.com\/sisallysluettelo.htm\" target=\"_blank\" rel=\"noopener noreferrer\">Veneily-Saimaa<\/a><br \/>\n<a href=\"http:\/\/www.paijanteenvirkistysalueyhdistys.fi\/\" target=\"_blank\" rel=\"noopener noreferrer\">P\u00e4ij\u00e4nteen virkistysalueyhdistys<\/a><br \/>\n<a href=\"http:\/\/www.blueflag.org\/\" target=\"_blank\" rel=\"noopener noreferrer\">Sinilippusatamia<\/a> \/\/ Blue Flag<br \/>\n<a href=\"http:\/\/www.maringuiden.se\/gasthamnar\/\" target=\"_blank\" rel=\"noopener noreferrer\">Ruotsin satamia, Maringuiden<\/a><br \/>\n<a href=\"http:\/\/www.batsidan.com\/hamn\/index.php\" target=\"_blank\" rel=\"noopener noreferrer\">Ruotsin satamia, B\u00e5tsidan<\/a><br \/>\n<a href=\"https:\/\/www.visitestonia.com\/fi\/miksi-juuri-viro\/viron-vierailemisen-arvoiset-venesatamat\" target=\"_blank\" rel=\"noopener noreferrer\">Viron satamia<\/a><!-- previously referred to nautilus.ee which seems to no longer provide a marina service --><br \/>\n<a href=\"http:\/\/www.euro-agent.com\/marine\/index.htm\" target=\"_blank\" rel=\"noopener noreferrer\"> Kroatian satamia, Euro-Agent<\/a><br \/>\n<a href=\"http:\/\/www.croatiacharter.com\/marinas.asp\" target=\"_blank\" rel=\"noopener noreferrer\">Kroatian satamia, Croatia Charter<\/a><br \/>\n<!--\nTODO: broken link: <a href=\"http:\/\/www.uusikaupunki.fi\/%7Ewalcko\/\" target=\"_blank\" rel=\"noopener noreferrer\">Walcko, satamia Turun seudulla<\/a>\nTODO: broken link: <a href=\"http:\/\/www.tt.ee\/\" target=\"_blank\" rel=\"noopener noreferrer\">L\u00e4nsi-Viron satamia<\/a>\nTODO: broken link: <a href=\"http:\/\/www.croatia.hr\/English\/Lokacije\/LokacijaPretrazivanje.aspx?idLocationType=Marina\" target=\"_blank\" rel=\"noopener noreferrer\">Kroatian satamia, valtion matkailusivut<\/a>\nTODO: broken link: <a href=\"http:\/\/www.slovenia.info\/?maritame_travel=0\" target=\"_blank\" rel=\"noopener noreferrer\"> Slovenian satamia<\/a>\n--><\/p>\n<p><strong>Kouluttautumis- ja tutkintomahdollisuuksia<\/strong> \/\/ <em>Opportunities for training and qualifications<\/em><\/p>\n<ul>\n<li><a href=\"http:\/\/www.punainenristi.fi\/opi-ensiapua\" target=\"_blank\" rel=\"noopener noreferrer\">Ensiapukurssit, Suomen Punainen Risti<\/a> \/\/ <a href=\"https:\/\/www.redcross.fi\/first-aid\/\" target=\"_blank\" rel=\"noopener noreferrer\">First Aid courses, Finnish Red Cross<\/a> <!-- TODO: add which course TRIP would actually recommend; link directly to course calendar --><\/li>\n<li><a href=\"http:\/\/www.purjehduksenopettajat.fi\/\" target=\"_blank\" rel=\"noopener noreferrer\">Purjehduskursseja ja -tutkintoja, Pory<\/a> \/\/ Finnish Sailing Teacher Association (Finnish only)<\/li>\n<li><a href=\"http:\/\/www.suh.fi\/\" target=\"_blank\" rel=\"noopener noreferrer\">Vesipelastuskursseja ja uimakouluja, SUH<\/a> \/\/ Swimming and water rescue courses (Finnish only)<\/li>\n<li><a href=\"https:\/\/www.securitas.fi\/koulutus\/palo--ja-pelastuskoulutukset\/alkusammutuskoulutukset\/\" target=\"_blank\" rel=\"noopener noreferrer\">Sammutuskoulutusta, Securitas<\/a> \/\/ Firefighting training (Finnish only)<\/li>\n<li><a href=\"https:\/\/www.traficom.fi\/fi\/liikenne\/veneily\/veneilijoiden-radiotutkinnot-ja-patevyystodistukset\" target=\"blank\" rel=\"noopener noreferrer\">Meri-VHF-p\u00e4tevyystutkinto<\/a> \/\/ Marine VHF certificates<\/li>\n<\/ul>\n<p><!--\nTODO: remove? seems to be out of date: <a href=\"http:\/\/www.evty.fi\/\" target=\"_blank\" rel=\"noopener noreferrer\">Navigointikoulutusta, Espoon veneilyturvallisuusyhdistys<\/a>\nTODO: remove\/update link? link broken: <a href=\"http:\/\/www.purjehdusjaveneily.fi\/\" target=\"_blank\" rel=\"noopener noreferrer\">Cevni-tenttej\u00e4, Suomen Veneilyliitto<\/a>\n--><\/p>\n<p><!-- TODO: no idea what this is about, but the link is dead\n<strong>GPS<\/strong>\n<a href=\"http:\/\/www.pbk-pvk.fi\/loki\/1999\/2\/gps.htm\" target=\"_blank\" rel=\"noopener noreferrer\">Vinkkej\u00e4 GPS:n k\u00e4ytt\u00f6\u00f6n veneilyss\u00e4<\/a>\n--><\/p>\n<p><strong>S\u00e4\u00e4nt\u00f6j\u00e4, vinkkej\u00e4 ja ohjeita<\/strong> \/\/ <em>Rules, tips, and guidelines<\/em><br \/>\n<a href=\"https:\/\/www.ymparisto.fi\/fi-FI\/Luonto\/jokamiehenoikeudet(16989)\" target=\"_blank\" rel=\"noopener noreferrer\">Jokamiehenoikeudet<\/a> \/\/ <a href=\"https:\/\/www.ymparisto.fi\/en-us\/nature\/everymans_rights\" target=\"_blank\" rel=\"noopener noreferrer\">Everyman&#8217;s rights<\/a><br \/>\n<a href=\"http:\/\/www.yachtsurvey.com\/index.html\" target=\"_blank\" rel=\"noopener noreferrer\">Yacht Survey Online<\/a><br \/>\n<!--\nTODO: dead link: <a href=\"http:\/\/www.cruise-charter.net\/sailing-guide\/\" target=\"_blank\" rel=\"noopener noreferrer\">UK Sailing Guide, cruise-charter.net<\/a>\nTODO: not sure how this is still relevant: <a href=\"http:\/\/www.ukhalsey.com\/LearningCenter\/encyclopedia\/encyclopedia.asp\" target=\"_blank\" rel=\"noopener noreferrer\">UK Halsey - The Encyclopedia of Sails<\/a>\nTODO: link is dead: <a href=\"http:\/\/www.uta.fi\/%7Efipeku\/skigla.htm\" target=\"_blank\" rel=\"noopener noreferrer\">Pieni skiglaussanasto<\/a>\n--><\/p>\n<p><strong>Muodollisuuksia ulkomaille purjehdittaessa<\/strong> \/\/ <em>Formalities when sailing abroad<\/em><br \/>\n<a href=\"https:\/\/raja.fi\/ohjeet-veneilijoille-rajanylitykseen\" target=\"_blank\" rel=\"noopener noreferrer\">Huviveneiden rajatarkastukset, RVL<\/a> \/\/ Finnish boarder guard<br \/>\n<a href=\"https:\/\/tulli.fi\/henkiloasiakkaat\/matkailijalle\/ohjeet-huviveneilijoille\" target=\"_blank\" rel=\"noopener noreferrer\">Tullin ohjeita huviveneilij\u00f6ille<\/a> \/\/ Finnish Customs<br \/>\n<a href=\"https:\/\/www.politsei.ee\/\" target=\"_blank\" rel=\"noopener noreferrer\">Viron rajavartiolaitos<\/a> \/\/ Estonian border guard<br \/>\n<a href=\"https:\/\/www.emta.ee\/en\" target=\"_blank\" rel=\"noopener noreferrer\">Ohjeita matkailijoille, Viron tulli<\/a> \/\/ Estonian Customs<br \/>\n<a href=\"http:\/\/www.kustbevakningen.se\/\" target=\"_blank\" rel=\"noopener noreferrer\">Ruotsin rajavartiolaitos<\/a> \/\/ Swedish border guard<br \/>\n<a href=\"http:\/\/www.tullverket.se\/en\/\" target=\"_blank\" rel=\"noopener noreferrer\">Ohjeita veneilij\u00f6ille, Ruotsin tulli<\/a> \/\/ Swedish Customs<\/p>\n<p><!-- TODO: not sure what this adds.\n<strong>Venetyyppien sivuja<\/strong> \/\/ <em>Boat classes<\/em>\n<a href=\"http:\/\/www.fe83.org\/\" target=\"_blank\" rel=\"noopener noreferrer\">FE83.org<\/a>\nTODO: link needs updating: <a href=\"http:\/\/www.windrider.com\/wr16.shtml\" target=\"_blank\" rel=\"noopener noreferrer\">Wind Rider 16<\/a>\n--><\/p>\n<p><strong>Vene- ja moottoritarvikkeita<\/strong> \/\/ <em>Boat and engine parts<\/em><br \/>\n<a href=\"http:\/\/www.maritim.fi\/\" target=\"_blank\" rel=\"noopener noreferrer\">Maritim<\/a><br \/>\n<a href=\"http:\/\/www.marinea.fi\/\" target=\"_blank\" rel=\"noopener noreferrer\">Marinea<\/a><br \/>\n<a href=\"http:\/\/www.marnela.fi\/\" target=\"_blank\" rel=\"noopener noreferrer\">Marnela<\/a><br \/>\n<a href=\"http:\/\/www.leevene.fi\/\" target=\"_blank\" rel=\"noopener noreferrer\">Leevene<\/a><br \/>\n<a href=\"http:\/\/www.vestek.fi\/\" target=\"_blank\" rel=\"noopener noreferrer\">Vestek<\/a><\/p>\n<p><strong>Purjeneulomoita<\/strong> \/\/ <em>Sailmakers<\/em><br \/>\n<a href=\"http:\/\/www.wb-sails.fi\/\" target=\"_blank\" rel=\"noopener noreferrer\">WB-Sails<\/a><br \/>\n<a href=\"https:\/\/www.northsails.com\/sailing\/en\/locations\/helsinki-finland\" target=\"_blank\" rel=\"noopener noreferrer\">North Sails<\/a><br \/>\n<a href=\"http:\/\/www.uksails.fi\/\" target=\"_blank\" rel=\"noopener noreferrer\">Meripurje \/ UK Sailmakers Finland<\/a> (<a href=\"https:\/\/www.uksailmakers.com\/lofts-europe\/finland\" target=\"_blank\" rel=\"noopener noreferrer\">English homepage<\/a>)<br \/>\n<a href=\"http:\/\/www.gransegel.se\/\" target=\"_blank\" rel=\"noopener noreferrer\">Gransegel<\/a><\/p>\n<p><strong>Muita pursiseuroja<\/strong> \/\/ <em>Other sailing clubs<\/em><br \/>\n<a href=\"http:\/\/www.koivusaarenpursiseura.fi\/\" target=\"_blank\" rel=\"noopener noreferrer\">Koivusaaren Pursiseura<\/a><br \/>\n<a href=\"http:\/\/www.otavene.net\/\" target=\"_blank\" rel=\"noopener noreferrer\">Otaniemen Venekerho<\/a><br \/>\n<a href=\"https:\/\/njk.fi\/sailingcenter\/\" target=\"_blank\" rel=\"noopener noreferrer\">NJK Sailing Center<\/a>, match race \/ opi kilpapurjehdus centerin omistamilla veneill\u00e4<br \/>\n<a href=\"https:\/\/helsinkisailing.com\/en\/adultsailing\/\" target=\"_blank\" rel=\"noopener noreferrer\">HSS Sailing Center<\/a><br \/>\n<a href=\"https:\/\/hoski.fi\/\" target=\"_blank\" rel=\"noopener noreferrer\">HSK<\/a><br \/>\n<a href=\"http:\/\/www.mikkelinpursiseura.fi\/\" target=\"_blank\" rel=\"noopener noreferrer\">Mikkelin Pursiseura<\/a><\/p>\n<p><strong>Akateemisia pursiseuroja<\/strong> \/\/ <em>University sailing clubs<\/em><br \/>\nHelsinki: <a href=\"https:\/\/www.kysail.fi\/\" target=\"_blank\" rel=\"noopener noreferrer\">KY-Sail<\/a><br \/>\nTampere: <a href=\"https:\/\/www.purjehduskerhopii.fi\/\" target=\"_blank\" rel=\"noopener noreferrer\">Purjehduskerho Pii<\/a><\/p>\n<p><strong>Purjehduskilpailuja<\/strong> \/\/ <em>Sailing competitions<\/em><br \/>\n<a href=\"https:\/\/www.theoceanrace.com\/\" target=\"_blank\" rel=\"noopener noreferrer\">The Ocean Race<\/a> (formerly Volvo Ocean Race)<br \/>\n<a href=\"http:\/\/www.americascup.com\/\" target=\"_blank\" rel=\"noopener noreferrer\">America&#8217;s Cup<\/a><\/p>\n<p><strong>J\u00e4rjest\u00f6j\u00e4 ja viranomaisia<\/strong> \/\/ <em>Organisations and authorities<\/em><br \/>\n<a href=\"http:\/\/www.pidasaaristosiistina.fi\/\" target=\"_blank\" rel=\"noopener noreferrer\">Pid\u00e4 Saaristo Siistin\u00e4 ry<\/a> \/\/ <a href=\"https:\/\/www.pidasaaristosiistina.fi\/en\" target=\"_blank\" rel=\"noopener noreferrer\">Keep the Archipelago Tidy Association<\/a><br \/>\n<a href=\"http:\/\/www.meripelastus.fi\/\" target=\"_blank\" rel=\"noopener noreferrer\">Suomen Meripelastusseura<\/a> \/\/ Finnish Sea Rescue Association (Finnish\/Swedish only)<br \/>\n<a href=\"http:\/\/www.avomeripurjehtijat.fi\/\" target=\"_blank\" rel=\"noopener noreferrer\">Avomeripurjehtijat<\/a> \/\/ Finnish Offshore Sailing Association (Finnish only)<br \/>\n<a href=\"https:\/\/spv.fi\/\" target=\"_blank\" rel=\"noopener noreferrer\">Suomen Purjehdus ja Veneily ry<\/a> \/\/ Finnish Sailing Federation (Finnish\/Swedish only)<br \/>\n<a href=\"http:\/\/www.suomennavigaatioliitto.com\/\" target=\"_blank\" rel=\"noopener noreferrer\">Suomen Navigaatioliitto<\/a> \/\/ Finnish Navigation Association (Finnish\/Swedish only)<br \/>\n<a href=\"http:\/\/www.sailing.org\/\" target=\"_blank\" rel=\"noopener noreferrer\">World Sailing<\/a> (formerly International Sailing Federation)<br \/>\n<a href=\"http:\/\/www.finnboat.fi\/\" target=\"_blank\" rel=\"noopener noreferrer\">Finnboat<\/a> \/\/ <a href=\"http:\/\/www.finnboat.fi\/en\/\" target=\"_blank\" rel=\"noopener noreferrer\">Finnish Marine Industries Federation<\/a><br \/>\n<a href=\"http:\/\/www.tulli.fi\/\" target=\"_blank\" rel=\"noopener noreferrer\">Tulli<\/a> \/\/ <a href=\"https:\/\/tulli.fi\/en\/\" target=\"_blank\" rel=\"noopener noreferrer\">Finnish Customs<\/a><br \/>\n<a href=\"http:\/\/www.raja.fi\/\" target=\"_blank\" rel=\"noopener noreferrer\">Rajavartiolaitos<\/a> \/\/ <a href=\"https:\/\/raja.fi\/en\/\" target=\"_blank\" rel=\"noopener noreferrer\">Finnish Border Guard<\/a><br \/>\n<a href=\"http:\/\/www.itameriportaali.fi\/\" target=\"_blank\" rel=\"noopener noreferrer\">Merentutkimuslaitos \/\/ Baltic Sea Portal<\/a><\/p>\n<p><strong>S\u00e4\u00e4d\u00f6ksi\u00e4<\/strong> \/\/ <em>Laws and regulations (in Finnish)<\/em><br \/>\n<a href=\"http:\/\/www.finlex.fi\/fi\/sopimukset\/sopsteksti\/1977\/19770030\" target=\"_blank\" rel=\"noopener noreferrer\"> Meriteiden s\u00e4\u00e4nn\u00f6t, alkuper\u00e4isteksti 30\/1977<\/a><br \/>\n<a href=\"https:\/\/www.doria.fi\/bitstream\/handle\/10024\/140482\/mkl1805.pdf?sequence=1\" target=\"_blank\" rel=\"noopener noreferrer\"> Meriteiden s\u00e4\u00e4nn\u00f6t, muutoksia 928\/2003<\/a> <!-- previously linked to http:\/\/www.fma.fi\/palvelut\/tietopalvelut\/julkaisut\/tiedotuslehti\/avaa.php?id=202 --><br \/>\n<a href=\"http:\/\/www.finlex.fi\/fi\/laki\/ajantasa\/1996\/19960463\" target=\"_blank\" rel=\"noopener noreferrer\"> Vesiliikennelaki 463\/1996<\/a><br \/>\n<a href=\"http:\/\/www.finlex.fi\/fi\/laki\/ajantasa\/1997\/19970124\" target=\"_blank\" rel=\"noopener noreferrer\"> Vesiliikenneasetus 124\/1997<\/a><br \/>\n<a href=\"http:\/\/www.finlex.fi\/fi\/laki\/ajantasa\/2006\/20060976\" target=\"_blank\" rel=\"noopener noreferrer\"> Laki vesikulkuneuvorekisterist\u00e4 976\/2006<\/a><br \/>\n<a href=\"http:\/\/www.finlex.fi\/fi\/laki\/alkup\/2008\/20060901\" target=\"_blank\" rel=\"noopener noreferrer\"> Rajanylityspaikat, asetus 901\/2006<\/a><br \/>\n<a href=\"http:\/\/www.finlex.fi\/fi\/laki\/alkup\/2008\/20080534\" target=\"_blank\" rel=\"noopener noreferrer\"> Uudet rajanylityspaikat, asetus 534\/2008<\/a><br \/>\n<a href=\"http:\/\/eur-lex.europa.eu\/LexUriServ\/LexUriServ.do?uri=OJ:L:2006:105:0001:0032:FI:PDF\" target=\"_blank\" rel=\"noopener noreferrer\"> EU:n rajanylitysasetus<\/a><br \/>\n<a href=\"http:\/\/www.finlex.fi\/fi\/laki\/alkup\/1994\/19940674\" target=\"_blank\" rel=\"noopener noreferrer\"> Merilaki<\/a><\/p>\n<p><strong>Cevni<\/strong><br \/>\n<a href=\"http:\/\/fi.wikipedia.org\/wiki\/CEVNI\" target=\"_blank\" rel=\"noopener noreferrer\">Mik\u00e4 on Cevni?<\/a> \/\/ <a href=\"https:\/\/en.wikipedia.org\/wiki\/CEVNI\" target=\"_blank\" rel=\"noopener noreferrer\">What is Cevni?<\/a><br \/>\n<a href=\"http:\/\/www.unece.org\/trans\/doc\/finaldocs\/sc3\/ECE-TRANS-SC3-115r3e.pdf\" target=\"_blank\" rel=\"noopener noreferrer\">Vuoden 2007 Cevni-s\u00e4\u00e4nn\u00f6t englanniksi<\/a><br \/>\n<a href=\"http:\/\/www.cruisingschool.co.uk\/cevni\/cevni.htm\" target=\"_blank\" rel=\"noopener noreferrer\">Testaa tietojasi<\/a><br \/>\n<a href=\"http:\/\/www.sailtrain.co.uk\/cevni\/images\/cevni1.htm\" target=\"_blank\" rel=\"noopener noreferrer\">Testaa lis\u00e4\u00e4 tietojasi<\/a><\/p>\n<p><strong>Lehti\u00e4<\/strong> \/\/ <em>Magazines<\/em><br \/>\n<a href=\"https:\/\/venelehti.fi\/\" target=\"_blank\" rel=\"noopener noreferrer\">Vene<\/a><br \/>\n<!--\nTODO: remove section \/ add more \/ link to e.g. http:\/\/www.finnboat.fi\/en\/linkit_3.html ?\nTODO: link dead: <a href=\"http:\/\/www.prosail.fi\/\" target=\"_blank\" rel=\"noopener noreferrer\">Pro Sail<\/a>\nTODO: missing link\/dead? Navigare\n--><\/p>\n<p><strong>Venealan palvelimia<\/strong><br \/>\n<a href=\"http:\/\/keskustelu.suomi24.fi\/debate\/18\" target=\"_blank\" rel=\"noopener noreferrer\">Suomi24.fi:n veneilysivut<\/a><\/p>\n<p><strong>Linkkikokoelmia<\/strong><br \/>\n<a href=\"http:\/\/www.pbk-pvk.fi\/links.htm\" target=\"_blank\" rel=\"noopener noreferrer\">PVK:n linkkisivu<\/a><br \/>\n<a href=\"http:\/\/www.fe83.org\/links\/\">FE83.org:n monipuolinen linkkikokoelma<\/a><\/p>\n","protected":false},"excerpt":{"rendered":"<p>S\u00e4\u00e4 \/\/ Weather Ilmatieteen laitos \/\/ Finnish Meteorological Institute: Meris\u00e4\u00e4 \/\/ Marine weather J\u00e4\u00e4tilanne \/\/ Ice conditions Merivedenkorkeus \/\/ Sea level WindGURU, Helsinki Aaltopoiju \/\/ wave heights Tiedotuksia \/\/ Announcements Puolustusvoimien ammunnat \/\/ Finnish Navy firings Tiedonantoja merenkulkijoille \/\/ Notices to Mariners Purjehduskohteita \/\/ Sailing destinations Vierassatamat \/\/ &#8220;All official &hellip;<\/p>\n","protected":false},"author":1,"featured_media":7364,"parent":34,"menu_order":0,"comment_status":"closed","ping_status":"closed","template":"","meta":{"footnotes":""},"_links":{"self":[{"href":"https:\/\/teekkaripurjehtijat.fi\/wordpress\/index.php?rest_route=\/wp\/v2\/pages\/42"}],"collection":[{"href":"https:\/\/teekkaripurjehtijat.fi\/wordpress\/index.php?rest_route=\/wp\/v2\/pages"}],"about":[{"href":"https:\/\/teekkaripurjehtijat.fi\/wordpress\/index.php?rest_route=\/wp\/v2\/types\/page"}],"author":[{"embeddable":true,"href":"https:\/\/teekkaripurjehtijat.fi\/wordpress\/index.php?rest_route=\/wp\/v2\/users\/1"}],"replies":[{"embeddable":true,"href":"https:\/\/teekkaripurjehtijat.fi\/wordpress\/index.php?rest_route=%2Fwp%2Fv2%2Fcomments&post=42"}],"version-history":[{"count":30,"href":"https:\/\/teekkaripurjehtijat.fi\/wordpress\/index.php?rest_route=\/wp\/v2\/pages\/42\/revisions"}],"predecessor-version":[{"id":7372,"href":"https:\/\/teekkaripurjehtijat.fi\/wordpress\/index.php?rest_route=\/wp\/v2\/pages\/42\/revisions\/7372"}],"up":[{"embeddable":true,"href":"https:\/\/teekkaripurjehtijat.fi\/wordpress\/index.php?rest_route=\/wp\/v2\/pages\/34"}],"wp:featuredmedia":[{"embeddable":true,"href":"https:\/\/teekkaripurjehtijat.fi\/wordpress\/index.php?rest_route=\/wp\/v2\/media\/7364"}],"wp:attachment":[{"href":"https:\/\/teekkaripurjehtijat.fi\/wordpress\/index.php?rest_route=%2Fwp%2Fv2%2Fmedia&parent=42"}],"curies":[{"name":"wp","href":"https:\/\/api.w.org\/{rel}","templated":true}]}}