{"id":40,"date":"2012-03-19T18:19:28","date_gmt":"2012-03-19T16:19:28","guid":{"rendered":"http:\/\/trip.ayy.fi\/wordpress\/?page_id=40"},"modified":"2024-11-04T19:52:26","modified_gmt":"2024-11-04T17:52:26","slug":"kipparit-ja-avaimet","status":"publish","type":"page","link":"https:\/\/teekkaripurjehtijat.fi\/wordpress\/?page_id=40","title":{"rendered":"Kipparit ja avaimet"},"content":{"rendered":"<p><strong>P\u00e4tevyys<\/strong><br \/>\nPer\u00e4mies saa toimia kerhon saaristopursien (s\/y Electrip ja s\/y Gintrip) kipparina. Kapteeni saa toimia my\u00f6s rannikkopurren kipparina (s\/y FirsTrip). Kipparina toimiminen edellytt\u00e4\u00e4 lis\u00e4ksi venekohtaista perehdytyst\u00e4.<\/p>\n<p><strong>My\u00f6nnetty<\/strong><br \/>\nMy\u00f6nt\u00f6vuosi, jolloin hallitus hyv\u00e4ksynyt p\u00e4tevyyden.<\/p>\n<p><strong>SPV<\/strong><br \/>\nSuomen Purjehdus ja Veneilyn ry:n hyv\u00e4ksym\u00e4 tutkinto.<\/p>\n<p><strong>Veneiden avaimet<\/strong><br \/>\nKaikilla kipparilistaan merkityill\u00e4 aktiivikippareilla on veneen avaimet. Uusi kippari saa avaimet rahastonhoitajalta maksettuaan 40 euron pantin Tripin tilille (Nordea: FI96 1309 3000 2052 52, viite 47416) ja allekirjoitettuaan avainsopimuksen (panttimaksu on 20 euroa ennen marraskuuta 2024 luovutetuille avaimille). Avainta palauttaessa maksettu pantti palautetaan. Avain tulee palauttaa, kun sille ei ole en\u00e4\u00e4 aktiivista k\u00e4ytt\u00f6\u00e4. Avaimen voi palauttaa rahastonhoitajalle tai muulle hallituksen j\u00e4senelle.<\/p>\n<p><iframe loading=\"lazy\" src=\"https:\/\/docs.google.com\/spreadsheets\/d\/e\/2PACX-1vS5us9153YnOUrpIMGOfBykb2eLVAykczEImzzIhE2hZ7J96GgGkSxL6p3HBnMlixIvl5t-8aJoJbza\/pubhtml?gid=2106927945&amp;single=true&amp;widget=false&amp;headers=false\" width=\"770\" height=\"1350\" frameborder=\"0\"><\/iframe><\/p>\n<p><iframe loading=\"lazy\" src=\"https:\/\/docs.google.com\/spreadsheets\/d\/e\/2PACX-1vSdp90Lu56jCfDfpK5unTzMWUXRs81BPfB5inKZQ1E_qRyrm3QoloXFfseAoN9TgmLdcnEqSqCBKSHl\/pubhtml?gid=1686736852&amp;single=true&amp;gid=0&amp;output=html&amp;widget=false\" width=\"635\" height=\"600\" frameborder=\"0\"><\/iframe><\/p>\n","protected":false},"excerpt":{"rendered":"<p>P\u00e4tevyys Per\u00e4mies saa toimia kerhon saaristopursien (s\/y Electrip ja s\/y Gintrip) kipparina. Kapteeni saa toimia my\u00f6s rannikkopurren kipparina (s\/y FirsTrip). Kipparina toimiminen edellytt\u00e4\u00e4 lis\u00e4ksi venekohtaista perehdytyst\u00e4. My\u00f6nnetty My\u00f6nt\u00f6vuosi, jolloin hallitus hyv\u00e4ksynyt p\u00e4tevyyden. SPV Suomen Purjehdus ja Veneilyn ry:n hyv\u00e4ksym\u00e4 tutkinto. Veneiden avaimet Kaikilla kipparilistaan merkityill\u00e4 aktiivikippareilla on veneen avaimet. Uusi &hellip;<\/p>\n","protected":false},"author":1,"featured_media":7364,"parent":38,"menu_order":0,"comment_status":"closed","ping_status":"closed","template":"","meta":{"footnotes":""},"_links":{"self":[{"href":"https:\/\/teekkaripurjehtijat.fi\/wordpress\/index.php?rest_route=\/wp\/v2\/pages\/40"}],"collection":[{"href":"https:\/\/teekkaripurjehtijat.fi\/wordpress\/index.php?rest_route=\/wp\/v2\/pages"}],"about":[{"href":"https:\/\/teekkaripurjehtijat.fi\/wordpress\/index.php?rest_route=\/wp\/v2\/types\/page"}],"author":[{"embeddable":true,"href":"https:\/\/teekkaripurjehtijat.fi\/wordpress\/index.php?rest_route=\/wp\/v2\/users\/1"}],"replies":[{"embeddable":true,"href":"https:\/\/teekkaripurjehtijat.fi\/wordpress\/index.php?rest_route=%2Fwp%2Fv2%2Fcomments&post=40"}],"version-history":[{"count":64,"href":"https:\/\/teekkaripurjehtijat.fi\/wordpress\/index.php?rest_route=\/wp\/v2\/pages\/40\/revisions"}],"predecessor-version":[{"id":8263,"href":"https:\/\/teekkaripurjehtijat.fi\/wordpress\/index.php?rest_route=\/wp\/v2\/pages\/40\/revisions\/8263"}],"up":[{"embeddable":true,"href":"https:\/\/teekkaripurjehtijat.fi\/wordpress\/index.php?rest_route=\/wp\/v2\/pages\/38"}],"wp:featuredmedia":[{"embeddable":true,"href":"https:\/\/teekkaripurjehtijat.fi\/wordpress\/index.php?rest_route=\/wp\/v2\/media\/7364"}],"wp:attachment":[{"href":"https:\/\/teekkaripurjehtijat.fi\/wordpress\/index.php?rest_route=%2Fwp%2Fv2%2Fmedia&parent=40"}],"curies":[{"name":"wp","href":"https:\/\/api.w.org\/{rel}","templated":true}]}}