{"id":36,"date":"2012-03-19T18:13:50","date_gmt":"2012-03-19T16:13:50","guid":{"rendered":"http:\/\/trip.ayy.fi\/wordpress\/?page_id=36"},"modified":"2023-02-14T14:20:45","modified_gmt":"2023-02-14T12:20:45","slug":"purjehtimaan","status":"publish","type":"page","link":"https:\/\/teekkaripurjehtijat.fi\/wordpress\/?page_id=36","title":{"rendered":"Purjehdukset"},"content":{"rendered":"<p>Teekkaripurjehtijat tarjoaa monia mahdollisuuksia purjehdukseen. Esittelypurjehduksista alkanut harrastus saattaa johtaa jopa kansainv\u00e4lisen huviveneenkuljettajan lupakirjan suorittamiseen tai purjehduksen SM- ja luokkamestaruustaistoihin. Retki- ja matkapurjehdukset tarjoavat ikimuistoisia el\u00e4myksi\u00e4 It\u00e4meren alueella.<\/p>\n<p><strong>Aloittelevalle<\/strong><\/p>\n<ul>\n<li><a title=\"Esittelypurjehdukset\" href=\"https:\/\/teekkaripurjehtijat.fi\/wordpress\/?page_id=200\">Esittelypurjehdukset<\/a><\/li>\n<li><a title=\"Yhteispurjehdukset\" href=\"https:\/\/teekkaripurjehtijat.fi\/wordpress\/?page_id=202\">Yhteispurjehdukset<\/a><\/li>\n<li><a title=\"Kevytveneet\" href=\"https:\/\/teekkaripurjehtijat.fi\/wordpress\/?page_id=204\">Kevytveneily<\/a><\/li>\n<\/ul>\n<p><strong title=\"Laivurikurssit\">Koulutus<\/strong><\/p>\n<ul>\n<li><a title=\"Koulutustarjonta\" href=\"https:\/\/teekkaripurjehtijat.fi\/wordpress\/?page_id=229\">Koulutustarjonta&#8230;<\/a><strong title=\"Laivurikurssit\"><br \/>\n<\/strong><\/li>\n<\/ul>\n<p><strong>Aktiiveille<\/strong><\/p>\n<ul>\n<li><a title=\"Kilpapurjehdus\" href=\"https:\/\/teekkaripurjehtijat.fi\/wordpress\/?page_id=233\">Kilpailut<\/a><\/li>\n<li><a title=\"Omat varaukset\" href=\"https:\/\/teekkaripurjehtijat.fi\/wordpress\/?page_id=235\">Omat varaukset ja talkootunnit<\/a>\u00a0 &#8211;\u00a0 <em>kuinka varaan veneit\u00e4?<\/em><a title=\"Omat varaukset\" href=\"https:\/\/teekkaripurjehtijat.fi\/wordpress\/?page_id=235\"><br \/>\n<\/a><\/li>\n<li><a title=\"Kippariksi\" href=\"https:\/\/teekkaripurjehtijat.fi\/wordpress\/?page_id=237\">Kippariksi<\/a>\u00a0 &#8211;\u00a0 <em>kuinka p\u00e4\u00e4sen kipparoimaan veneit\u00e4?<\/em><\/li>\n<li><a title=\"Pitk\u00e4 purjehdus\" href=\"https:\/\/teekkaripurjehtijat.fi\/wordpress\/?page_id=239\">Pitk\u00e4 purjehdus<\/a><\/li>\n<\/ul>\n","protected":false},"excerpt":{"rendered":"<p>Teekkaripurjehtijat tarjoaa monia mahdollisuuksia purjehdukseen. Esittelypurjehduksista alkanut harrastus saattaa johtaa jopa kansainv\u00e4lisen huviveneenkuljettajan lupakirjan suorittamiseen tai purjehduksen SM- ja luokkamestaruustaistoihin. Retki- ja matkapurjehdukset tarjoavat ikimuistoisia el\u00e4myksi\u00e4 It\u00e4meren alueella. Aloittelevalle Esittelypurjehdukset Yhteispurjehdukset Kevytveneily Koulutus Koulutustarjonta&#8230; Aktiiveille Kilpailut Omat varaukset ja talkootunnit\u00a0 &#8211;\u00a0 kuinka varaan veneit\u00e4? Kippariksi\u00a0 &#8211;\u00a0 kuinka p\u00e4\u00e4sen kipparoimaan veneit\u00e4? &hellip;<\/p>\n","protected":false},"author":1,"featured_media":534,"parent":0,"menu_order":0,"comment_status":"closed","ping_status":"closed","template":"","meta":{"footnotes":""},"_links":{"self":[{"href":"https:\/\/teekkaripurjehtijat.fi\/wordpress\/index.php?rest_route=\/wp\/v2\/pages\/36"}],"collection":[{"href":"https:\/\/teekkaripurjehtijat.fi\/wordpress\/index.php?rest_route=\/wp\/v2\/pages"}],"about":[{"href":"https:\/\/teekkaripurjehtijat.fi\/wordpress\/index.php?rest_route=\/wp\/v2\/types\/page"}],"author":[{"embeddable":true,"href":"https:\/\/teekkaripurjehtijat.fi\/wordpress\/index.php?rest_route=\/wp\/v2\/users\/1"}],"replies":[{"embeddable":true,"href":"https:\/\/teekkaripurjehtijat.fi\/wordpress\/index.php?rest_route=%2Fwp%2Fv2%2Fcomments&post=36"}],"version-history":[{"count":21,"href":"https:\/\/teekkaripurjehtijat.fi\/wordpress\/index.php?rest_route=\/wp\/v2\/pages\/36\/revisions"}],"predecessor-version":[{"id":7740,"href":"https:\/\/teekkaripurjehtijat.fi\/wordpress\/index.php?rest_route=\/wp\/v2\/pages\/36\/revisions\/7740"}],"wp:featuredmedia":[{"embeddable":true,"href":"https:\/\/teekkaripurjehtijat.fi\/wordpress\/index.php?rest_route=\/wp\/v2\/media\/534"}],"wp:attachment":[{"href":"https:\/\/teekkaripurjehtijat.fi\/wordpress\/index.php?rest_route=%2Fwp%2Fv2%2Fmedia&parent=36"}],"curies":[{"name":"wp","href":"https:\/\/api.w.org\/{rel}","templated":true}]}}