{"id":3576,"date":"2020-05-16T20:29:23","date_gmt":"2020-05-16T18:29:23","guid":{"rendered":"https:\/\/trip.ayy.fi\/wordpress\/?page_id=3576"},"modified":"2023-11-15T19:07:37","modified_gmt":"2023-11-15T17:07:37","slug":"firstrip","status":"publish","type":"page","link":"https:\/\/teekkaripurjehtijat.fi\/wordpress\/?page_id=3576","title":{"rendered":"s\/y FirsTrip"},"content":{"rendered":"<figure id=\"attachment_3606\" aria-describedby=\"caption-attachment-3606\" style=\"width: 654px\" class=\"wp-caption aligncenter\"><a href=\"https:\/\/teekkaripurjehtijat.fi\/wordpress\/wp-content\/uploads\/2020\/05\/FirsTrip_Osterskar_2019_EskelinenPatrik-scaled.jpg\"><img decoding=\"async\" loading=\"lazy\" class=\"wp-image-3606 size-large\" src=\"https:\/\/teekkaripurjehtijat.fi\/wordpress\/wp-content\/uploads\/2020\/05\/FirsTrip_Osterskar_2019_EskelinenPatrik-654x1024.jpg\" alt=\"FirsTrip \u00d6stersk\u00e4r\" width=\"654\" height=\"1024\" srcset=\"https:\/\/teekkaripurjehtijat.fi\/wordpress\/wp-content\/uploads\/2020\/05\/FirsTrip_Osterskar_2019_EskelinenPatrik-654x1024.jpg 654w, https:\/\/teekkaripurjehtijat.fi\/wordpress\/wp-content\/uploads\/2020\/05\/FirsTrip_Osterskar_2019_EskelinenPatrik-192x300.jpg 192w, https:\/\/teekkaripurjehtijat.fi\/wordpress\/wp-content\/uploads\/2020\/05\/FirsTrip_Osterskar_2019_EskelinenPatrik-768x1202.jpg 768w, https:\/\/teekkaripurjehtijat.fi\/wordpress\/wp-content\/uploads\/2020\/05\/FirsTrip_Osterskar_2019_EskelinenPatrik-981x1536.jpg 981w, https:\/\/teekkaripurjehtijat.fi\/wordpress\/wp-content\/uploads\/2020\/05\/FirsTrip_Osterskar_2019_EskelinenPatrik-1308x2048.jpg 1308w, https:\/\/teekkaripurjehtijat.fi\/wordpress\/wp-content\/uploads\/2020\/05\/FirsTrip_Osterskar_2019_EskelinenPatrik-scaled.jpg 1635w\" sizes=\"(max-width: 654px) 100vw, 654px\" \/><\/a><figcaption id=\"caption-attachment-3606\" class=\"wp-caption-text\">FirsTrip kylkikiinnitettyn\u00e4 \u00d6stersk\u00e4rin laituriin pitk\u00e4n purjehduksen aikana, kuva Patrik Eskelinen 2019<\/figcaption><\/figure>\n<p>Tuttavallisemmin First on kerhomme lippulaiva. Vene on kerhossa rannikkopurren tittelill\u00e4 ja sill\u00e4 tehd\u00e4\u00e4n kerhon pitk\u00e4t purjehdukset. Firstin kipparilta edellytet\u00e4\u00e4nkin <a title=\"P\u00e4\u00e4llikk\u00f6tutkinto\" href=\"https:\/\/teekkaripurjehtijat.fi\/wordpress\/?page_id=431\">p\u00e4\u00e4llikk\u00f6tutkinnon<\/a> suorittamista. Vene hankittiin syksyll\u00e4 2018 ja otettiin k\u00e4ytt\u00f6\u00f6n 2019 kaudella.<\/p>\n<table border=\"0\" width=\"512\" cellspacing=\"0\" cellpadding=\"3\">\n<tbody>\n<tr align=\"left\" valign=\"top\">\n<td><strong>Malli<\/strong><br \/>\n<strong>Suunnittelija<\/strong><br \/>\n<strong>Valmistaja<\/strong><\/td>\n<td><a href=\"https:\/\/sailboatdata.com\/sailboat\/first-317-beneteau?units=metric\">First 31.7<\/a><br \/>\n<a href=\"http:\/\/www.finot.com\/bateaux\/batproduction\/beneteau\/first31_7\/f31_7_ang.htm\">Finot Conq et Associ\u00e9s<\/a><br \/>\nBeneteau SA<\/td>\n<td><strong>Valmistusvuosi<\/strong><br \/>\n<strong>Hankittu kerholle<\/strong><\/td>\n<td>2007<br \/>\n2018<\/td>\n<\/tr>\n<tr align=\"left\" valign=\"top\">\n<td><strong>Purjenumero<\/strong><br \/>\n<strong>Rekisterinumero<\/strong><\/td>\n<td>FIN-12033<br \/>\nU317<\/td>\n<td><strong>Radiotunnus<\/strong><br \/>\n<strong>Meriradionumero<\/strong><\/td>\n<td>OH8382<br \/>\n230036190<\/td>\n<\/tr>\n<tr align=\"left\" valign=\"top\">\n<td><strong>Kokonaispituus<\/strong><br \/>\n<strong>Vesilinjan pituus<\/strong><\/td>\n<td>9.50 m<br \/>\n8.80 m<\/td>\n<td><strong>Runko<\/strong><br \/>\n<strong>Kansi<\/strong><\/td>\n<td>L\u00e4pilaminaattia<\/td>\n<\/tr>\n<tr align=\"left\" valign=\"top\">\n<td><strong>Leveys<\/strong><br \/>\n<strong>Syv\u00e4ys<\/strong><br \/>\n<strong>Korkeus<br \/>\nAlituskorkeus<br \/>\n<\/strong><\/td>\n<td>3.23 m<br \/>\n1.90 m<br \/>\n14.50 m<br \/>\nEi mitattu<\/td>\n<td><strong>Esitepaino<\/strong><br \/>\n<strong>Uppouma varustein<br \/>\nMitattu varustein<\/strong><\/td>\n<td>3750 kg<br \/>\n4915 kg<br \/>\nEi mitattu<\/td>\n<\/tr>\n<tr align=\"left\" valign=\"top\">\n<td><strong>LYS-mittaluku<\/strong><\/td>\n<td>&#8211;<\/td>\n<td><strong>K\u00f6li<\/strong><\/td>\n<td>Valurauta bulb 1025 kg<\/td>\n<\/tr>\n<tr align=\"left\" valign=\"top\">\n<td><strong>Moottori<br \/>\n<\/strong><strong>Teho<\/strong><br \/>\n<strong>Kantama<\/strong><\/td>\n<td>Yanmar 3YM20C (2007)<br \/>\n20.5 hv<br \/>\nMax X M @ X.X kn<\/td>\n<td><strong>Polttoainetankki<\/strong><br \/>\n<strong> Kulutus<\/strong><\/td>\n<td>Diesel 57 l<br \/>\n1.5 l\/h @ 2200rpm \/ x.x kn<br \/>\n3.2 l\/h @ 3000rpm \/ x.x kn<\/td>\n<\/tr>\n<tr align=\"left\" valign=\"top\">\n<td><strong>Katsastusluokka<\/strong><\/td>\n<td>Pelastusliivit 3. luokka<br \/>\nKaikki muu 2. luokka<\/td>\n<td><strong>Makuupaikkoja<\/strong><\/td>\n<td>6 hengelle<\/td>\n<\/tr>\n<tr align=\"left\" valign=\"top\">\n<td><strong>Purjepinta-ala<\/strong><\/td>\n<td><\/td>\n<td><strong>Vesitankit<\/strong><\/td>\n<td>1x 170 l + varakanisteri<\/td>\n<\/tr>\n<tr align=\"left\" valign=\"top\">\n<td><strong>Purjevarustus<\/strong><\/td>\n<td colspan=\"3\">NorthSails (iso + G1, 2020)<br \/>\nIsopurje 25.5 m\u00b2<br \/>\nRullagenoa 140% (A=29.31m\u00b2; I=12,09m; J=3.50m;\u00a0 Nordac Radian NDR7.5)<br \/>\nSpinaakkeri (~65 m\u00b2)<br \/>\nAlbatross varapurjeet (2007)<\/td>\n<\/tr>\n<tr align=\"left\" valign=\"top\">\n<td><strong>Kiinnitys<\/strong><\/td>\n<td colspan=\"3\">2x Kiinnitysk\u00f6ysi pikalukoin ja kumijoustimin<br \/>\n2x Pitk\u00e4 kiinnitysk\u00f6ysi<br \/>\nPer\u00e4n kiinnitysk\u00f6ysi joustimin<br \/>\nJuoksuk\u00f6ysi 50m<br \/>\nAnkkurit (bruce, naara, kettinki, uppoava k\u00f6ysi 50m)<br \/>\n7x Lepuuttaja<\/td>\n<\/tr>\n<tr align=\"left\" valign=\"top\">\n<td><strong>S\u00e4hk\u00f6<\/strong><\/td>\n<td colspan=\"3\">VHF (DSC-, GPS- ja AIS-vastaanotin), FM-radio<br \/>\nMaas\u00e4hk\u00f6pistorasiat 230VAC shuko<br \/>\n2-akkuj\u00e4rjestelm\u00e4 maas\u00e4hk\u00f6laturilla<br \/>\nMaas\u00e4hk\u00f6kaapeli, jatkojohtokela, adapteri<br \/>\n12V tupakansytytinpistorasia<\/td>\n<\/tr>\n<tr align=\"left\" valign=\"top\">\n<td><strong>Turvallisuus<\/strong><\/td>\n<td colspan=\"3\">Veneilyliivit (50-70kg, 4&#215;70-90kg, 90+kg, vara), 2x turvavaljaat. Ensiapulaukku, 2x heittoliina, pelastusrengas merkkivalolla, h\u00e4t\u00e4soihdut, puhallettava torvi, voimapihdit, rautasaha, vuototapit, 1x k\u00e4sik\u00e4ytt\u00f6inen pilssipumppu, palosammuttimet (2kg+6kg), 1x sammutuspeite<\/td>\n<\/tr>\n<tr align=\"left\" valign=\"top\">\n<td><strong>Navigointi<\/strong><\/td>\n<td colspan=\"3\">Kompassi, loki, kaiku, tuulimittari, kiikarit, hakuvalo, navigointikolmio, harppi, merikarttasarjat (A+B+C, Ruotsi, Viro), satamakirjat, kulkuvalot, moottoriajovalo, ankkurivalo, p\u00e4iv\u00e4merkit, tutkaheijastin, karttaplotteri<\/td>\n<\/tr>\n<tr align=\"left\" valign=\"top\">\n<td><strong>Keitti\u00f6<\/strong><\/td>\n<td colspan=\"3\">Kaasuhella ja uuni, painevesi, j\u00e4\u00e4kaappi, lautaset, mukit, aterimet, leikkuulauta, pannut ja kattilat, tiskivati, ruokap\u00f6yt\u00e4<\/td>\n<\/tr>\n<tr align=\"left\" valign=\"top\">\n<td><strong>Mukavuus<\/strong><\/td>\n<td colspan=\"3\">Webasto ThermoTop EVO 3900 l\u00e4mmitin (diesel, 2015), erillinen vesi-WC, septitankki, patjat, sis\u00e4valaistus<\/td>\n<\/tr>\n<tr align=\"left\" valign=\"top\">\n<td><strong>Huolto ja ty\u00f6kalut<\/strong><\/td>\n<td colspan=\"3\"><a href=\"http:\/\/trip.ayy.fi\/wiki\/index.php?title=Ty%C3%B6kalupakit\">Ty\u00f6kalupakki ja varaosalaatikko.<\/a> Purjeteippi. Kirves, pokasaha. Puosuntuoli, puoshaka, kansiharja, \u00e4mp\u00e4ri. Moottorin vara siipipy\u00f6r\u00e4, laturin hihna<\/td>\n<\/tr>\n<tr align=\"left\" valign=\"top\">\n<td><strong>Muu varustus<\/strong><\/td>\n<td colspan=\"3\">Lokikirja, Suomen lippu seuran tunnuksella, kohteliaisuusliput (Ruotsi, Viro, Latvia), varadieselkanisteri, varakaasupullo, moottorin t\u00e4ytt\u00f6\u00f6ljy, siivoustarvikkeet, WC-paperi<\/td>\n<\/tr>\n<\/tbody>\n<\/table>\n<h2>Sijoituskaavio<\/h2>\n<p><a href=\"https:\/\/teekkaripurjehtijat.fi\/wordpress\/wp-content\/uploads\/2020\/05\/SijoituskaavioFirst.png\"><img decoding=\"async\" loading=\"lazy\" class=\"alignnone wp-image-3617 \" src=\"https:\/\/teekkaripurjehtijat.fi\/wordpress\/wp-content\/uploads\/2020\/05\/SijoituskaavioFirst-300x112.png\" alt=\"\" width=\"517\" height=\"193\" srcset=\"https:\/\/teekkaripurjehtijat.fi\/wordpress\/wp-content\/uploads\/2020\/05\/SijoituskaavioFirst-300x112.png 300w, https:\/\/teekkaripurjehtijat.fi\/wordpress\/wp-content\/uploads\/2020\/05\/SijoituskaavioFirst-1024x382.png 1024w, https:\/\/teekkaripurjehtijat.fi\/wordpress\/wp-content\/uploads\/2020\/05\/SijoituskaavioFirst-768x287.png 768w, https:\/\/teekkaripurjehtijat.fi\/wordpress\/wp-content\/uploads\/2020\/05\/SijoituskaavioFirst-1536x573.png 1536w, https:\/\/teekkaripurjehtijat.fi\/wordpress\/wp-content\/uploads\/2020\/05\/SijoituskaavioFirst-2048x764.png 2048w\" sizes=\"(max-width: 517px) 100vw, 517px\" \/><\/a><br \/>\nKaaviota p\u00e4ivitet\u00e4\u00e4n (alla Tonicin vanha kaavio); periaate = styyr\u00e4 venevarusteille, paara muu varustus<\/p>\n<p><a href=\"https:\/\/teekkaripurjehtijat.fi\/wordpress\/wp-content\/uploads\/2012\/03\/Sijoituskaavio_Tonic.jpg\"><img decoding=\"async\" loading=\"lazy\" class=\"alignnone wp-image-1705\" src=\"https:\/\/teekkaripurjehtijat.fi\/wordpress\/wp-content\/uploads\/2012\/03\/Sijoituskaavio_Tonic-723x1024.jpg\" alt=\"Sijoituskaavio_Tonic\" width=\"506\" height=\"717\" srcset=\"https:\/\/teekkaripurjehtijat.fi\/wordpress\/wp-content\/uploads\/2012\/03\/Sijoituskaavio_Tonic-723x1024.jpg 723w, https:\/\/teekkaripurjehtijat.fi\/wordpress\/wp-content\/uploads\/2012\/03\/Sijoituskaavio_Tonic-212x300.jpg 212w, https:\/\/teekkaripurjehtijat.fi\/wordpress\/wp-content\/uploads\/2012\/03\/Sijoituskaavio_Tonic.jpg 1413w\" sizes=\"(max-width: 506px) 100vw, 506px\" \/><\/a><\/p>\n<h2>L\u00e4piviennit<\/h2>\n<p><a href=\"https:\/\/teekkaripurjehtijat.fi\/wordpress\/wp-content\/uploads\/2021\/03\/Lapiviennit_First.png\"><img decoding=\"async\" loading=\"lazy\" class=\"alignnone wp-image-4461 \" src=\"https:\/\/teekkaripurjehtijat.fi\/wordpress\/wp-content\/uploads\/2021\/03\/Lapiviennit_First-300x153.png\" alt=\"\" width=\"575\" height=\"293\" srcset=\"https:\/\/teekkaripurjehtijat.fi\/wordpress\/wp-content\/uploads\/2021\/03\/Lapiviennit_First-300x153.png 300w, https:\/\/teekkaripurjehtijat.fi\/wordpress\/wp-content\/uploads\/2021\/03\/Lapiviennit_First-1024x523.png 1024w, https:\/\/teekkaripurjehtijat.fi\/wordpress\/wp-content\/uploads\/2021\/03\/Lapiviennit_First-768x392.png 768w, https:\/\/teekkaripurjehtijat.fi\/wordpress\/wp-content\/uploads\/2021\/03\/Lapiviennit_First-1536x785.png 1536w, https:\/\/teekkaripurjehtijat.fi\/wordpress\/wp-content\/uploads\/2021\/03\/Lapiviennit_First-2048x1046.png 2048w\" sizes=\"(max-width: 575px) 100vw, 575px\" \/><\/a><\/p>\n<h2>Purjeiden tuulirajat<\/h2>\n<p>FirsTrip:n tuulirajat kehitteill\u00e4.<\/p>\n<p>Rajat ovat ohjeellisia. Maksimit ovat jo aika urheilullisia ja tekniset laitapainot ovat enemm\u00e4n kuin tarpeen. <span data-sheets-value=\"[null,2,&quot;Kaaviossa annetut tuulirajat ovat ohjeellisia ja valintaan vaikuttaa moni tekij\\u00e4 miehist\\u00f6st\\u00e4 s\\u00e4\\u00e4n kehittymiseen ja aallokon ja merialueen peitteisyyteen asti. Yl\\u00e4rajalla purje on urheilullinen ja laitapainon k\\u00e4ytt\\u00f6 on tarpeelllista.&quot;]\" data-sheets-userformat=\"[null,null,513,[null,0],null,null,null,null,null,null,null,null,0]\">Valintaan vaikuttaa moni tekij\u00e4 miehist\u00f6n taidoista, vireydest\u00e4 ja v\u00e4symyksest\u00e4 alkaen aina s\u00e4\u00e4n kehittymiseen, aallokon luonteeseen ja merialueen peitteisyyteen asti.<br \/>\n<\/span><\/p>\n<p><span data-sheets-value=\"[null,2,&quot;ElecTripin purjeitten ominaisuudet loppuvat jo ennen myrskylukemia. Myrsky- ja avomeripurjehduksesta kiinnostuneiden kannattaa tutustua Adlard Coles: Heavy Weather Sailing, joka sis\\u00e4lt\\u00e4\\u00e4 kertomuksia myrskypurjehduksesta valtamerill\\u00e4 ja osion venetekniikasta.&quot;]\" data-sheets-userformat=\"[null,null,513,[null,0],null,null,null,null,null,null,null,null,0]\">Purjevalikoiman ominaisuudet loppuvat jo ennen myrskylukemia. Myrsky- ja avomeripurjehduksesta kiinnostuneiden kannattaa tutustua Adlard Coles: Heavy Weather Sailing, joka sis\u00e4lt\u00e4\u00e4 kertomuksia myrskypurjehduksesta valtamerill\u00e4 ja osion venetekniikasta.<\/span><\/p>\n<p><span data-sheets-value=\"[null,2,&quot;https:\/\/www.youtube.com\/watch?v=hriGMouqiWg&quot;]\" data-sheets-userformat=\"[null,null,513,[null,0],null,null,null,null,null,null,null,null,0]\"><a class=\"in-cell-link\" href=\"\/\/www.google.com\/url?q=https%3A%2F%2Fwww.youtube.com%2Fwatch%3Fv%3DhriGMouqiWg\" target=\"_blank\" rel=\"noopener noreferrer\">https:\/\/www.youtube.com\/watch?v=hriGMouqiWg<\/a><\/span><\/p>\n<p><span data-sheets-value=\"[null,2,&quot;Jos ep\\u00e4ilytt\\u00e4\\u00e4, valitse pienempi. Jos vauhtia kaipaa lis\\u00e4\\u00e4 -&gt; arvioi s\\u00e4\\u00e4n kehittyminen -&gt; maaston antama suoja -&gt; miehist\\u00f6n kunto, mieli ja vireys -&gt; vaihdoksen vaatima tila ja liikenne -&gt; jos kaikki OK -&gt; lis\\u00e4\\u00e4 purjeita.&quot;]\" data-sheets-userformat=\"[null,null,513,[null,0],null,null,null,null,null,null,null,null,0]\">Jos ep\u00e4ilytt\u00e4\u00e4, valitse pienempi. Jos vauhtia kaipaa lis\u00e4\u00e4 -&gt; arvioi s\u00e4\u00e4n kehittyminen -&gt; maaston antama suoja -&gt; miehist\u00f6n kunto, mieli ja vireys -&gt; vaihdoksen vaatima tila ja liikenne -&gt; jos kaikki OK -&gt; lis\u00e4\u00e4 purjeita.<\/span><\/p>\n<p><span data-sheets-value=\"[null,2,&quot;Aina voit j\\u00e4\\u00e4d\\u00e4 satamaan. Odota suotuisaa keli\\u00e4 tai tule autolla kotiin. Ilmoita tilanne ja seuraava kippari el\\u00e4\\u00e4 sen mukaan.&quot;]\" data-sheets-userformat=\"[null,null,513,[null,0],null,null,null,null,null,null,null,null,0]\">Aina voit j\u00e4\u00e4d\u00e4 satamaan. Odota suotuisaa keli\u00e4 tai tule autolla kotiin. Ilmoita tilanne ja seuraava kippari el\u00e4\u00e4 sen mukaan.<\/span><\/p>\n<h2>Trimmaus<\/h2>\n<p><span data-sheets-value=\"[null,2,&quot;1. L\\u00f6ys\\u00e4\\u00e4 kunnes lepattaa. Kirist\\u00e4 sentti.&quot;]\" data-sheets-userformat=\"[null,null,513,[null,0],null,null,null,null,null,null,null,null,0]\">1. L\u00f6ys\u00e4\u00e4 kunnes lepattaa. Kirist\u00e4 v\u00e4h\u00e4n.<br \/>\n<span data-sheets-value=\"[null,2,&quot;2. Katso sit\\u00e4 purjetta.&quot;]\" data-sheets-userformat=\"[null,null,513,[null,0],null,null,null,null,null,null,null,null,0]\">2. Katso sit\u00e4 purjetta.<\/span><\/span><br \/>\n<span data-sheets-value=\"[null,2,&quot;3. Kevyess\\u00e4 keliss\\u00e4 paljon pussia.&quot;]\" data-sheets-userformat=\"[null,null,513,[null,0],null,null,null,null,null,null,null,null,0]\">3. Kevyess\u00e4 keliss\u00e4 paljon pussia.<\/span> <span data-sheets-value=\"[null,2,&quot;4. Kovassa latistetut purjeet.&quot;]\" data-sheets-userformat=\"[null,null,513,[null,0],null,null,null,null,null,null,null,null,0]\">Kovassa latistetut purjeet.<\/span><em><br \/>\n<\/em><span data-sheets-value=\"[null,2,&quot;5. Ison ylin virtauslanka on ujo.&quot;]\" data-sheets-userformat=\"[null,null,513,[null,0],null,null,null,null,null,null,null,null,0]\">5. Ison ylin virtauslanka on ujo.<\/span><br \/>\n<span data-sheets-value=\"[null,2,&quot;6. Genoaa siirret\\u00e4\\u00e4n lepattavan langan suuntaan.&quot;]\" data-sheets-userformat=\"[null,null,513,[null,0],null,null,null,null,null,null,null,null,0]\">6. Keulaa siirret\u00e4\u00e4n lepattavan langan puolelle.<\/span><\/p>\n<p><span data-sheets-value=\"[null,2,&quot;Lis\\u00e4\\u00e4 aiheesta http:\/\/www.fe83.org\/files\/Purjeiden_trimmausta.pdf&quot;]\" data-sheets-userformat=\"[null,null,513,[null,0],null,null,null,null,null,null,null,null,0]\">Lis\u00e4\u00e4 aiheesta <a href=\"http:\/\/www.fe83.org\/files\/Purjeiden_trimmausta.pdf\">http:\/\/www.fe83.org\/files\/Purjeiden_trimmausta.pdf<\/a><\/span><\/p>\n<p><span data-sheets-value=\"[null,2,&quot;http:\/\/suomenalbinpurjehtijat.purjehdusportaali.com\/Tiedostoja\/VegaVinkit_Purjehdi_Vegalla_osa_7.pdf&quot;]\" data-sheets-userformat=\"[null,null,513,[null,0],null,null,null,null,null,null,null,null,0]\"><a class=\"in-cell-link\" href=\"\/\/www.google.com\/url?q=http%3A%2F%2Fsuomenalbinpurjehtijat.purjehdusportaali.com%2FTiedostoja%2FVegaVinkit_Purjehdi_Vegalla_osa_7.pdf\" target=\"_blank\" rel=\"noopener noreferrer\">http:\/\/suomenalbinpurjehtijat.purjehdusportaali.com\/Tiedostoja\/VegaVinkit_Purjehdi_Vegalla_osa_7.pdf<\/a><\/span><\/p>\n<p><a href=\"http:\/\/www.fe83.org\/gallery\/view_photo.php?full=1&amp;set_albumName=album125&amp;id=WB_news_1_95_s2\">http:\/\/www.fe83.org\/gallery\/view_photo.php?full=1&amp;set_albumName=album125&amp;id=WB_news_1_95_s2<\/a><\/p>\n","protected":false},"excerpt":{"rendered":"<p>Tuttavallisemmin First on kerhomme lippulaiva. Vene on kerhossa rannikkopurren tittelill\u00e4 ja sill\u00e4 tehd\u00e4\u00e4n kerhon pitk\u00e4t purjehdukset. Firstin kipparilta edellytet\u00e4\u00e4nkin p\u00e4\u00e4llikk\u00f6tutkinnon suorittamista. Vene hankittiin syksyll\u00e4 2018 ja otettiin k\u00e4ytt\u00f6\u00f6n 2019 kaudella. Malli Suunnittelija Valmistaja First 31.7 Finot Conq et Associ\u00e9s Beneteau SA Valmistusvuosi Hankittu kerholle 2007 2018 Purjenumero Rekisterinumero FIN-12033 U317 &hellip;<\/p>\n","protected":false},"author":1,"featured_media":7364,"parent":146,"menu_order":0,"comment_status":"closed","ping_status":"closed","template":"","meta":{"footnotes":""},"_links":{"self":[{"href":"https:\/\/teekkaripurjehtijat.fi\/wordpress\/index.php?rest_route=\/wp\/v2\/pages\/3576"}],"collection":[{"href":"https:\/\/teekkaripurjehtijat.fi\/wordpress\/index.php?rest_route=\/wp\/v2\/pages"}],"about":[{"href":"https:\/\/teekkaripurjehtijat.fi\/wordpress\/index.php?rest_route=\/wp\/v2\/types\/page"}],"author":[{"embeddable":true,"href":"https:\/\/teekkaripurjehtijat.fi\/wordpress\/index.php?rest_route=\/wp\/v2\/users\/1"}],"replies":[{"embeddable":true,"href":"https:\/\/teekkaripurjehtijat.fi\/wordpress\/index.php?rest_route=%2Fwp%2Fv2%2Fcomments&post=3576"}],"version-history":[{"count":16,"href":"https:\/\/teekkaripurjehtijat.fi\/wordpress\/index.php?rest_route=\/wp\/v2\/pages\/3576\/revisions"}],"predecessor-version":[{"id":4464,"href":"https:\/\/teekkaripurjehtijat.fi\/wordpress\/index.php?rest_route=\/wp\/v2\/pages\/3576\/revisions\/4464"}],"up":[{"embeddable":true,"href":"https:\/\/teekkaripurjehtijat.fi\/wordpress\/index.php?rest_route=\/wp\/v2\/pages\/146"}],"wp:featuredmedia":[{"embeddable":true,"href":"https:\/\/teekkaripurjehtijat.fi\/wordpress\/index.php?rest_route=\/wp\/v2\/media\/7364"}],"wp:attachment":[{"href":"https:\/\/teekkaripurjehtijat.fi\/wordpress\/index.php?rest_route=%2Fwp%2Fv2%2Fmedia&parent=3576"}],"curies":[{"name":"wp","href":"https:\/\/api.w.org\/{rel}","templated":true}]}}