{"id":2479,"date":"2023-02-13T20:00:00","date_gmt":"2023-02-13T18:00:00","guid":{"rendered":"http:\/\/trip.ayy.fi\/wordpress\/?page_id=2479"},"modified":"2026-04-21T03:31:20","modified_gmt":"2026-04-21T00:31:20","slug":"tripventure","status":"publish","type":"page","link":"https:\/\/teekkaripurjehtijat.fi\/wordpress\/?page_id=2479","title":{"rendered":"TripVenture 2026"},"content":{"rendered":"\r\n<h1><strong>Ahoy seilori! &#x1f30a;&#x26f5; Tripventure on t\u00e4\u00e4ll\u00e4 taas!<\/strong><\/h1>\r\n<p>Tripventure, eli Teekkaripurjehtijoiden vuoden kuumin purjehdusreissu V\u00e4limerell\u00e4 osuu t\u00e4ll\u00e4 kertaa Syyskuun puoliv\u00e4liin. T\u00e4n\u00e4 vuonna suuntaamme Kreikan upeisiin sinisiin laguuneihin Lavrioniin. <strong>Venture seilaa 12. \u2013 19. Syyskuuta 2026.<\/strong> Tripventure on tarkoitettu vain TRIP-j\u00e4senille. Osallistujilta ei vaadita aiempaa purjehduskokemusta &#x1f6a4;\u00a0<\/p>\r\n<h4>Vuoden 2026 Tripventure suuntaa kohti Kreikan sinisi\u00e4 laguuneja Lavrionin kaupungista.<\/h4>\r\n<p><span style=\"font-weight: 400;\">&#x231b; Aika: 12.-19.9.2026<\/span><\/p>\r\n<p><span style=\"font-weight: 400;\">&#x1f1ec;&#x1f1f7; Kohde: Lavrion, Kreikka<\/span><\/p>\r\n<p><span style=\"font-weight: 400;\">&#x1f4cd; L\u00e4ht\u00f6satama: Lavrion<\/span><\/p>\r\n<p><span style=\"font-weight: 400;\">&#x1f4b0; Hinta: 650 \u2013 750 \u20ac, riippuen osallistujam\u00e4\u00e4r\u00e4st\u00e4. Varausmaksu 300\u20ac maksettava viikon kuluessa ilmoittautumisesta.<\/span><\/p>\r\n<h4><strong>Ilmoittautuminen<\/strong><\/h4>\r\n<p><strong><a href=\"https:\/\/docs.google.com\/forms\/d\/e\/1FAIpQLSdyZWQSz7qz4qTPCu4CTv-djmPympgZ5cNTDMf5-AFCIL0Q0w\/viewform?usp=publish-editor\">ILMOITTAUDU T\u00c4ST\u00c4<\/a><\/strong><\/p>\r\n<p><span style=\"font-weight: 400;\">Huomaa, ett\u00e4 Tripventure on tarkoitettu vain Teekkaripurjehtijoiden j\u00e4senille ja sinun tulee olla kirjautunut TRIP-j\u00e4senen\u00e4 n\u00e4hd\u00e4ksesi lomakkeen. Jos et ole viel\u00e4 j\u00e4sen, muista liitty\u00e4 j\u00e4seneksi <\/span><a href=\"https:\/\/teekkaripurjehtijat.fi\/wordpress\/?page_id=4813&amp;lang=en\"><span style=\"font-weight: 400;\">t\u00e4\u00e4ll\u00e4.<\/span><\/a><span style=\"font-weight: 400;\">\u00a0<\/span><\/p>\r\n<h4><strong>Kulut<\/strong><\/h4>\r\n<p><span style=\"font-weight: 400;\">T\u00e4m\u00e4n vuoden hinta asettuu johonkin 650 ja 750 \u20ac v\u00e4lill\u00e4 osallistujam\u00e4\u00e4r\u00e4st\u00e4 riippuen. Hintaan sis\u00e4ltyy veneen vuokra, vuodevaatteet, loppusiivous ja veneen vakuutus. Ruoka, bensiini ja muut tarvikkeet maksetaan yhdess\u00e4 miehist\u00f6n kanssa. Vastaat itse lennoista matkakohteeseen, majoituksesta ennen sek\u00e4 j\u00e4lkeen purjehduksen, sek\u00e4 niiden kuluista.<\/span><\/p>\r\n<p><span style=\"font-weight: 400;\">Huom: Ilmoittautuminen on sitova. Varausmaksua ei palauteta, ellei sijaisosallistujaa l\u00f6ydy.<\/span><\/p>\r\n<p><b>Lis\u00e4tietoja saat osoitteesta <\/b><b>venture@teekkaripurjehtijat.fi<\/b><b>.<\/b><\/p>\r\n<h4><b>Infoa matkaa koskien<\/b><\/h4>\r\n<p><span style=\"font-weight: 400;\">Osallistuja kantaa itse mahdollisiin matkustusrajoituksiin liittyv\u00e4n riskin. Mik\u00e4li osallistuja p\u00e4\u00e4tt\u00e4\u00e4 tai joutuu mist\u00e4 tahansa syyst\u00e4 (esim. koronavirustartunta tai muu sairastuminen) perua osallistumisensa purjehdukselle, Teekkaripurjehtijat ei palauta jo maksettua varausmaksua eik\u00e4 lopullista osallistumismaksua takaisin osallistujalle. Osallistuja voi itse etsi\u00e4 tilalleen toisen l\u00e4htij\u00e4n, jolle myyd\u00e4 paikkansa purjehduksella. J\u00e4rjest\u00e4j\u00e4t auttavat etsim\u00e4\u00e4n peruuttajan tilalle korvaavan osallistujan, mutta ei voi taata t\u00e4t\u00e4. Teekkaripurjehtijat kehottaa my\u00f6s osallistujia hankkimaan matkavakuutuksen. Mik\u00e4li Teekkaripurjehtijat p\u00e4\u00e4tt\u00e4\u00e4 pakottavasta syyst\u00e4 (esim. koronavirustilanteesta johtuen) peruuttaa purjehduksen, Teekkaripurjehtijat maksaa maksetut varaus- ja osallistumismaksut t\u00e4ysim\u00e4\u00e4r\u00e4isen\u00e4 takaisin osallistujille, mutta ei korvaa mahdollisista oheiskuluista, kuten lennoista tai majoituksesta, aiheutuvia peruutus- tai muita kuluja. Purjehdus j\u00e4rjestet\u00e4\u00e4n, mik\u00e4li vallitseva tilanne sen vain sallii.<\/span><\/p>\r\n<p>&nbsp;<\/p>\r\n<h4><strong>Ilmoittautumis lomake<\/strong><\/h4>\r\n<p><!-- \/wp:paragraph --><\/p>\r\n<p><!-- wp:paragraph --><!-- \/wp:paragraph --><\/p>\r\n<p><!-- wp:shortcode --><!-- \/wp:shortcode --><\/p>\r\n<!-- wp:paragraph -->\r\n<p><iframe loading=\"lazy\" src=\"https:\/\/docs.google.com\/forms\/d\/e\/1FAIpQLSdyZWQSz7qz4qTPCu4CTv-djmPympgZ5cNTDMf5-AFCIL0Q0w\/viewform?embedded=true\" width=\"640\" height=\"4084\" frameborder=\"0\" marginwidth=\"0\" marginheight=\"0\">Loading\u2026<\/iframe><\/p>\r\n<!-- \/wp:paragraph -->","protected":false},"excerpt":{"rendered":"<p>Ahoy seilori! &#x1f30a;&#x26f5; Tripventure on t\u00e4\u00e4ll\u00e4 taas! Tripventure, eli Teekkaripurjehtijoiden vuoden kuumin purjehdusreissu V\u00e4limerell\u00e4 osuu t\u00e4ll\u00e4 kertaa Syyskuun puoliv\u00e4liin. T\u00e4n\u00e4 vuonna suuntaamme Kreikan upeisiin sinisiin laguuneihin Lavrioniin. Venture seilaa 12. \u2013 19. Syyskuuta 2026. Tripventure on tarkoitettu vain TRIP-j\u00e4senille. Osallistujilta ei vaadita aiempaa purjehduskokemusta &#x1f6a4;\u00a0 Vuoden 2026 Tripventure suuntaa kohti &hellip;<\/p>\n","protected":false},"author":1,"featured_media":7364,"parent":36,"menu_order":0,"comment_status":"closed","ping_status":"closed","template":"","meta":{"footnotes":""},"_links":{"self":[{"href":"https:\/\/teekkaripurjehtijat.fi\/wordpress\/index.php?rest_route=\/wp\/v2\/pages\/2479"}],"collection":[{"href":"https:\/\/teekkaripurjehtijat.fi\/wordpress\/index.php?rest_route=\/wp\/v2\/pages"}],"about":[{"href":"https:\/\/teekkaripurjehtijat.fi\/wordpress\/index.php?rest_route=\/wp\/v2\/types\/page"}],"author":[{"embeddable":true,"href":"https:\/\/teekkaripurjehtijat.fi\/wordpress\/index.php?rest_route=\/wp\/v2\/users\/1"}],"replies":[{"embeddable":true,"href":"https:\/\/teekkaripurjehtijat.fi\/wordpress\/index.php?rest_route=%2Fwp%2Fv2%2Fcomments&post=2479"}],"version-history":[{"count":126,"href":"https:\/\/teekkaripurjehtijat.fi\/wordpress\/index.php?rest_route=\/wp\/v2\/pages\/2479\/revisions"}],"predecessor-version":[{"id":8640,"href":"https:\/\/teekkaripurjehtijat.fi\/wordpress\/index.php?rest_route=\/wp\/v2\/pages\/2479\/revisions\/8640"}],"up":[{"embeddable":true,"href":"https:\/\/teekkaripurjehtijat.fi\/wordpress\/index.php?rest_route=\/wp\/v2\/pages\/36"}],"wp:featuredmedia":[{"embeddable":true,"href":"https:\/\/teekkaripurjehtijat.fi\/wordpress\/index.php?rest_route=\/wp\/v2\/media\/7364"}],"wp:attachment":[{"href":"https:\/\/teekkaripurjehtijat.fi\/wordpress\/index.php?rest_route=%2Fwp%2Fv2%2Fmedia&parent=2479"}],"curies":[{"name":"wp","href":"https:\/\/api.w.org\/{rel}","templated":true}]}}