{"id":239,"date":"2012-03-25T16:54:34","date_gmt":"2012-03-25T14:54:34","guid":{"rendered":"http:\/\/trip.ayy.fi\/wordpress\/?page_id=239"},"modified":"2024-01-19T11:29:34","modified_gmt":"2024-01-19T09:29:34","slug":"pitka-purjehdus","status":"publish","type":"page","link":"https:\/\/teekkaripurjehtijat.fi\/wordpress\/?page_id=239","title":{"rendered":"Pitk\u00e4 purjehdus"},"content":{"rendered":"<p>Omien varausten yhteydess\u00e4 j\u00e4rjestet\u00e4\u00e4n vuosittain l\u00e4hivesi\u00e4 pidemm\u00e4lle suuntautuva purjehdus vaihtomiehist\u00f6in kerhon rannikkopurrella. Pitk\u00e4 purjehdus sijoittuu yleens\u00e4 hein\u00e4kuulle ja sen aikana voidaan k\u00e4yd\u00e4 esimerkiksi l\u00e4nsi- tai it\u00e4naapurimme vesill\u00e4, jopa Tanskassa asti. Pitk\u00e4n purjehduksen ajankohdasta ja vuoroista p\u00e4\u00e4tet\u00e4\u00e4n\u00a0pitk\u00e4n purjehduksen kokouksessa, joka pidet\u00e4\u00e4n juuri ennen kipparikokousta\u00a0toukokuussa. K\u00e4yt\u00e4nn\u00f6ss\u00e4 vuorot sumplitaan p\u00e4\u00e4tett\u00e4v\u00e4\u00e4n muotoon jo kev\u00e4tkaudella kiinnostuneiden kesken.<\/p>\n<p>Purjehduksella on mukana aina v\u00e4hint\u00e4\u00e4n yksi Tripin kapteeni ja per\u00e4mies. Loppumiehist\u00f6n liittouma voi valita mieltymystens\u00e4 mukaan.<\/p>\n<p>Esimerkiksi vuonna 2014 pitk\u00e4 suuntasi Turun saariston l\u00e4pi Ahvenanmaan kautta Ruotsin rannikolle, Gotlantiin, Latviaan ja Saarenmaan kautta takaisin Helsinkiin. Aikaisempina vuosina on k\u00e4yty Saimaalla ja Ruotsin rannikkoa molempiin suuntiin.<\/p>\n<p>Miehist\u00f6jen vaihdot sovitaan liikenneyhteyksien kannalta suotuisiin paikkoihin, kuten Hankoon, Turkuun, Maarianhaminaan, Tukholmaa, Gotlantiin tai muuhun sovittuun paikkaan.<\/p>\n<p>Pitk\u00e4\u00e4n purjehdukseen liittyv\u00e4t kysymykset: hallitus(at)teekkaripurjehtijat.fi<\/p>\n","protected":false},"excerpt":{"rendered":"<p>Omien varausten yhteydess\u00e4 j\u00e4rjestet\u00e4\u00e4n vuosittain l\u00e4hivesi\u00e4 pidemm\u00e4lle suuntautuva purjehdus vaihtomiehist\u00f6in kerhon rannikkopurrella. Pitk\u00e4 purjehdus sijoittuu yleens\u00e4 hein\u00e4kuulle ja sen aikana voidaan k\u00e4yd\u00e4 esimerkiksi l\u00e4nsi- tai it\u00e4naapurimme vesill\u00e4, jopa Tanskassa asti. Pitk\u00e4n purjehduksen ajankohdasta ja vuoroista p\u00e4\u00e4tet\u00e4\u00e4n\u00a0pitk\u00e4n purjehduksen kokouksessa, joka pidet\u00e4\u00e4n juuri ennen kipparikokousta\u00a0toukokuussa. K\u00e4yt\u00e4nn\u00f6ss\u00e4 vuorot sumplitaan p\u00e4\u00e4tett\u00e4v\u00e4\u00e4n muotoon jo kev\u00e4tkaudella &hellip;<\/p>\n","protected":false},"author":1,"featured_media":7364,"parent":36,"menu_order":0,"comment_status":"closed","ping_status":"closed","template":"","meta":{"footnotes":""},"_links":{"self":[{"href":"https:\/\/teekkaripurjehtijat.fi\/wordpress\/index.php?rest_route=\/wp\/v2\/pages\/239"}],"collection":[{"href":"https:\/\/teekkaripurjehtijat.fi\/wordpress\/index.php?rest_route=\/wp\/v2\/pages"}],"about":[{"href":"https:\/\/teekkaripurjehtijat.fi\/wordpress\/index.php?rest_route=\/wp\/v2\/types\/page"}],"author":[{"embeddable":true,"href":"https:\/\/teekkaripurjehtijat.fi\/wordpress\/index.php?rest_route=\/wp\/v2\/users\/1"}],"replies":[{"embeddable":true,"href":"https:\/\/teekkaripurjehtijat.fi\/wordpress\/index.php?rest_route=%2Fwp%2Fv2%2Fcomments&post=239"}],"version-history":[{"count":10,"href":"https:\/\/teekkaripurjehtijat.fi\/wordpress\/index.php?rest_route=\/wp\/v2\/pages\/239\/revisions"}],"predecessor-version":[{"id":7562,"href":"https:\/\/teekkaripurjehtijat.fi\/wordpress\/index.php?rest_route=\/wp\/v2\/pages\/239\/revisions\/7562"}],"up":[{"embeddable":true,"href":"https:\/\/teekkaripurjehtijat.fi\/wordpress\/index.php?rest_route=\/wp\/v2\/pages\/36"}],"wp:featuredmedia":[{"embeddable":true,"href":"https:\/\/teekkaripurjehtijat.fi\/wordpress\/index.php?rest_route=\/wp\/v2\/media\/7364"}],"wp:attachment":[{"href":"https:\/\/teekkaripurjehtijat.fi\/wordpress\/index.php?rest_route=%2Fwp%2Fv2%2Fmedia&parent=239"}],"curies":[{"name":"wp","href":"https:\/\/api.w.org\/{rel}","templated":true}]}}