{"id":235,"date":"2012-03-25T16:45:00","date_gmt":"2012-03-25T14:45:00","guid":{"rendered":"http:\/\/trip.ayy.fi\/wordpress\/?page_id=235"},"modified":"2024-03-18T16:14:43","modified_gmt":"2024-03-18T14:14:43","slug":"omalla-porukalla","status":"publish","type":"page","link":"https:\/\/teekkaripurjehtijat.fi\/wordpress\/?page_id=235","title":{"rendered":"Omalla porukalla"},"content":{"rendered":"<p>Haluaisitko purjeveneen omaan k\u00e4ytt\u00f6\u00f6si kes\u00e4ll\u00e4? Kiinnostaako mahdollisuus tarjota upeita purjehdusel\u00e4myksi\u00e4 itsellesi ja kavereillesi? TRIPin j\u00e4senen\u00e4 t\u00e4m\u00e4 kaikki on mahdollista, ja mik\u00e4 parasta &#8211; opiskelijayst\u00e4v\u00e4llisesti ilman paksua lompakkoa! Alla on esitelty, miten omien varausten tekeminen k\u00e4yt\u00e4nn\u00f6ss\u00e4 tapahtuu.<\/p>\n<p><strong>1) L\u00e4hde mukaan talkoisiin ja ker\u00e4\u00e4 tarvittavat ty\u00f6tunnit<\/strong><\/p>\n<p>Omien varausten tekeminen perustuu kerhon hyv\u00e4ksi tehtyyn ty\u00f6h\u00f6n, joka palkitaan purjehdusp\u00e4ivill\u00e4. Ty\u00f6tunteja saa veneiden kunnostuksista, tempauksista ja muusta kerhon hyv\u00e4ksi teht\u00e4v\u00e4st\u00e4 ty\u00f6st\u00e4, joka on erikseen m\u00e4\u00e4ritelty. Omat ty\u00f6tunnit merkit\u00e4\u00e4n ty\u00f6tuntilistaan sit\u00e4 mukaa kun tunteja kertyy.<\/p>\n<p>Varaus- ja tuntien keruukausi on yksi vuosi aina toukokuusta toukokuuhun, jolloin listat palautetaan. Listojen palauttamisen j\u00e4lkeen ker\u00e4tyt tunnit kerrytt\u00e4v\u00e4t siten seuraavan vuoden purjehdusp\u00e4ivi\u00e4. Veneit\u00e4 voi varata, kun tunteja on varauskauden aikana kertynyt 20. Kippareilta vaaditaan lis\u00e4ksi v\u00e4hint\u00e4\u00e4n yhden esittelypurjehduksen kipparointia.<\/p>\n<p>Halutessaan voi my\u00f6s muodostaa useamman j\u00e4senen liittouman, jolloin kaikkien ty\u00f6tunnit lasketaan yhteen. Liittoumaa k\u00e4sitell\u00e4\u00e4n venevarauksissa kuin yht\u00e4 henke\u00e4, eli riitt\u00e4\u00e4 kun yhteenlasketut tunnit ylitt\u00e4v\u00e4t 20 h!<\/p>\n<p>Tarkemmat ty\u00f6tuntiohjeet ja ty\u00f6tuntilistapohjan l\u00f6yd\u00e4t t\u00e4\u00e4lt\u00e4: <a href=\"https:\/\/teekkaripurjehtijat.fi\/wordpress\/?page_id=465\">Ty\u00f6tuntiohjeet ja talkootuntilistapohja<\/a><\/p>\n<p><strong> 2) Saavu kipparikokoukseen varaamaan omat p\u00e4iv\u00e4si<\/strong><\/p>\n<p>TRIPin matkaveneiden FirsTripin, GinTripin ja ElecTripin varaukset kes\u00e4lle tehd\u00e4\u00e4n kipparikokouksessa, joka j\u00e4rjestet\u00e4\u00e4n toukokuussa ty\u00f6tuntilistojen palauttamisen j\u00e4lkeen. Varaukset tehd\u00e4\u00e4n ty\u00f6tuntien perusteella siten, ett\u00e4 varausp\u00e4ivi\u00e4 saa tehtyjen ty\u00f6tuntien suhteessa ja eniten ty\u00f6tunteja ker\u00e4nneet saavat varata haluamansa p\u00e4iv\u00e4t ensin. Varausmenettely on kuvattu tarkemmin <a href=\"https:\/\/teekkaripurjehtijat.fi\/wordpress\/wp-content\/uploads\/2012\/03\/Veneenvarauss\u00e4\u00e4nn\u00f6t2016.pdf\">veneenvarauss\u00e4\u00e4nn\u00f6iss\u00e4<\/a>.<\/p>\n<p><strong>3) Hanki varauksillesi kippari<\/strong><\/p>\n<p>Jos olet jo hankkinut TRIPin per\u00e4miehen tai kapteenin p\u00e4tevyyden, voit toimia itse veneen kipparina. Voit kuitenkin varata veneit\u00e4 vaikka sinulla ei olisikaan oikeutta kipparoida veneit\u00e4; t\u00e4ll\u00f6in vastuullesi j\u00e4\u00e4 ainoastaan hankkia reissulle mukaan p\u00e4tev\u00e4 kippari. K\u00e4tev\u00e4 tapa lis\u00e4t\u00e4 kipparin saamisen todenn\u00e4k\u00f6isyytt\u00e4 on tehd\u00e4 liittouma kipparin kanssa. Per\u00e4miehen p\u00e4tevyydell\u00e4 saa kipparoida saaristopursia GinTripi\u00e4 ja ElecTripi\u00e4 ja kapteenin p\u00e4tevyydella kaikkia TRIPin matkaveneit\u00e4. TRIPin kipparit yhteystietoineen l\u00f6ytyv\u00e4t t\u00e4\u00e4lt\u00e4: <a title=\"Kipparit ja avaimet\" href=\"https:\/\/teekkaripurjehtijat.fi\/wordpress\/?page_id=40\">Kipparit<\/a><\/p>\n<p><strong>4) Navigare necesse est!<\/strong><\/p>\n<p><strong>5) Kes\u00e4n purjehdusten j\u00e4lkeen&#8230;<\/strong><\/p>\n<p>Veneiden varauksesta perit\u00e4\u00e4n maksu, jolla katetaan veneiden yll\u00e4pito. Maksut m\u00e4\u00e4r\u00e4ytyv\u00e4t varausp\u00e4ivien perusteella, ja maksut laskutetaan j\u00e4lkik\u00e4teen toteutuneiden varausten mukaan. TRIPiss\u00e4 periaattena on, ett\u00e4 raha ei ratkaise mahdollisuutta p\u00e4\u00e4st\u00e4 purjehtimaan, joten varausmaksut ovat verrattain hyvin alhaiset ja opiskelijayst\u00e4v\u00e4lliset. Maksujen suuruudet p\u00e4\u00e4tet\u00e4\u00e4n vuosittain vuosikokouksessa ja ilmoitetaan lis\u00e4ksi <a title=\"J\u00e4senille\" href=\"https:\/\/teekkaripurjehtijat.fi\/wordpress\/?page_id=465\">kipparikirjeess\u00e4<\/a>.<\/p>\n<p><strong>Kevytveneet<\/strong><\/p>\n<p>Yll\u00e4 kuvattu varausmenettely ei koske kevytveneit\u00e4 (Pinkee ja Flipper Scow), vaan niiden\u00a0 varaaminen hoidetaan suoraan <a title=\"Tapahtuma- ja varauskalenteri\" href=\"https:\/\/teekkaripurjehtijat.fi\/wordpress\/?page_id=53\">varauskalenteriin<\/a>. Varaaminen edellytt\u00e4\u00e4 perehdytyst\u00e4, jonka antamisesta vastaa <a title=\"Yhteystiedot\" href=\"https:\/\/teekkaripurjehtijat.fi\/wordpress\/?page_id=38\">kevytvenevastaava<\/a>.<\/p>\n","protected":false},"excerpt":{"rendered":"<p>Haluaisitko purjeveneen omaan k\u00e4ytt\u00f6\u00f6si kes\u00e4ll\u00e4? Kiinnostaako mahdollisuus tarjota upeita purjehdusel\u00e4myksi\u00e4 itsellesi ja kavereillesi? TRIPin j\u00e4senen\u00e4 t\u00e4m\u00e4 kaikki on mahdollista, ja mik\u00e4 parasta &#8211; opiskelijayst\u00e4v\u00e4llisesti ilman paksua lompakkoa! Alla on esitelty, miten omien varausten tekeminen k\u00e4yt\u00e4nn\u00f6ss\u00e4 tapahtuu. 1) L\u00e4hde mukaan talkoisiin ja ker\u00e4\u00e4 tarvittavat ty\u00f6tunnit Omien varausten tekeminen perustuu kerhon hyv\u00e4ksi &hellip;<\/p>\n","protected":false},"author":1,"featured_media":7364,"parent":36,"menu_order":0,"comment_status":"closed","ping_status":"closed","template":"","meta":{"footnotes":""},"_links":{"self":[{"href":"https:\/\/teekkaripurjehtijat.fi\/wordpress\/index.php?rest_route=\/wp\/v2\/pages\/235"}],"collection":[{"href":"https:\/\/teekkaripurjehtijat.fi\/wordpress\/index.php?rest_route=\/wp\/v2\/pages"}],"about":[{"href":"https:\/\/teekkaripurjehtijat.fi\/wordpress\/index.php?rest_route=\/wp\/v2\/types\/page"}],"author":[{"embeddable":true,"href":"https:\/\/teekkaripurjehtijat.fi\/wordpress\/index.php?rest_route=\/wp\/v2\/users\/1"}],"replies":[{"embeddable":true,"href":"https:\/\/teekkaripurjehtijat.fi\/wordpress\/index.php?rest_route=%2Fwp%2Fv2%2Fcomments&post=235"}],"version-history":[{"count":11,"href":"https:\/\/teekkaripurjehtijat.fi\/wordpress\/index.php?rest_route=\/wp\/v2\/pages\/235\/revisions"}],"predecessor-version":[{"id":7837,"href":"https:\/\/teekkaripurjehtijat.fi\/wordpress\/index.php?rest_route=\/wp\/v2\/pages\/235\/revisions\/7837"}],"up":[{"embeddable":true,"href":"https:\/\/teekkaripurjehtijat.fi\/wordpress\/index.php?rest_route=\/wp\/v2\/pages\/36"}],"wp:featuredmedia":[{"embeddable":true,"href":"https:\/\/teekkaripurjehtijat.fi\/wordpress\/index.php?rest_route=\/wp\/v2\/media\/7364"}],"wp:attachment":[{"href":"https:\/\/teekkaripurjehtijat.fi\/wordpress\/index.php?rest_route=%2Fwp%2Fv2%2Fmedia&parent=235"}],"curies":[{"name":"wp","href":"https:\/\/api.w.org\/{rel}","templated":true}]}}