{"id":231,"date":"2023-06-19T11:39:00","date_gmt":"2023-06-19T08:39:00","guid":{"rendered":"http:\/\/trip.ayy.fi\/wordpress\/?page_id=231"},"modified":"2026-03-31T10:29:38","modified_gmt":"2026-03-31T07:29:38","slug":"purjehtija-ja-peramieskurssit","status":"publish","type":"page","link":"https:\/\/teekkaripurjehtijat.fi\/wordpress\/?page_id=231","title":{"rendered":"Purjehduskurssit"},"content":{"rendered":"<h1>Mit\u00e4?<\/h1>\n<p>TRIP on Purjehduksenopettajat ry:n (PORY) auktorisoima purjehduskoulu ja j\u00e4rjest\u00e4mme vuosittain Purjehtija- ja Saaristop\u00e4\u00e4llikk\u00f6kursseja PORY:n koulutusj\u00e4rjestelm\u00e4n mukaisesti. Kurssien sis\u00e4lt\u00f6 perustuu PORY:n laatuk\u00e4sikirjaan. Kurssien k\u00e4yt\u00e4nn\u00f6n toteutuksesta vastaavat PORY:n auktorisoimat purjehduksenopettajat ja -ohjaajat yhdess\u00e4 apuopettajien kanssa.<\/p>\n<h6>\u00a0<\/h6>\n\n\n<div class=\"wp-block-columns has-normal-font-size is-layout-flex wp-container-8 wp-block-columns-is-layout-flex\">\n<div class=\"wp-block-column is-layout-flow wp-block-column-is-layout-flow\">\n<h3>Purjehtijakurssi (<strong>FIN+ENG<\/strong>)<\/h3>\n\n\n\n<p>Purjehtijakurssi on tarkoitettu aloittelijoille ja tavoitteena on saavuttaa kurssin aikana taidot, joiden avulla kykenee toimimaan miehist\u00f6n j\u00e4senen\u00e4 purjeveneell\u00e4.<\/p>\n\n\n\n<h4 class=\"wp-block-heading\"> <\/h4>\n\n\n\n<p>Purjehtijakurssilla opetellaan merimiestaitoja, purjehdusta ja veneenk\u00e4sittely\u00e4. Kurssilla ei vaadita aikaisempaa tiet\u00e4myst\u00e4 tai osaamista purjehduksesta ja navigoinnista.<\/p>\n\n\n\n<h6>\u00a0<\/h6>\n\n\n\n<p>Lis\u00e4tietoa Purjehtijakurssin aihesis\u00e4ll\u00f6st\u00e4 l\u00f6yd\u00e4t PORY:n <a href=\"https:\/\/www.pory.fi\/purjehduskurssit\/purjehtijakurssi\/\">nettisivuilta<\/a>.<\/p>\n\n\n\n<h6>\u00a0<\/h6>\n\n\n\n<h6>\u00a0<\/h6>\n\n\n\n<p>Purjehtijakurssia j\u00e4rjestet\u00e4\u00e4n my\u00f6s englanniksi opettajien saatavuuden ja j\u00e4senien kiinnostuksen perusteella. Englanniksi j\u00e4rjestett\u00e4v\u00e4\u00e4n Purjehtijakurssiin (Sailing Crew course) p\u00e4\u00e4set tutustumaan <a href=\"https:\/\/teekkaripurjehtijat.fi\/wordpress\/?page_id=4785&amp;lang=en\">t\u00e4\u00e4ll\u00e4<\/a>.<\/p>\n\n\n\n<h4 class=\"wp-block-heading\"><\/h4>\n\n\n\n<p><\/p>\n\n\n\n<div class=\"wp-block-buttons is-content-justification-center is-layout-flex wp-container-1 wp-block-buttons-is-layout-flex\"><\/div>\n<\/div>\n\n\n\n<div class=\"wp-block-column is-layout-flow wp-block-column-is-layout-flow\">\n<h3>Purjehtijakurssin jatkokurssi (<strong>FIN<\/strong>)<\/h3>\n\n\n\n<div class=\"wp-block-buttons is-content-justification-center is-layout-flex wp-container-3 wp-block-buttons-is-layout-flex\"><\/div>\n\n\n\n<p>Purjehtijakurssin jatkokurssi on tarkoitettu purjehduskokemusta jo jonkin verran hankkineille henkil\u00f6ille, jotka tahtovat syvent\u00e4\u00e4 osaamistaan. Tavoitteena on saavuttaa kurssin aikana taidot, joiden avulla kykenee toimia <em>itsen\u00e4isesti<\/em> purjeveneen miehist\u00f6n j\u00e4senen\u00e4.<\/p>\n<h6>\u00a0<\/h6>\n<p>Jatkokurssilla nostetaan osallistujan miehist\u00f6taitoja rutiinitasolle, syvennet\u00e4\u00e4n purjeveneen k\u00e4sittelytaitoja ja laajennetaan k\u00e4sityst\u00e4 turvallisesta purjehduksesta. Kurssin j\u00e4lkeen osallistujalla on valmiuksia hoitaa miehist\u00f6n j\u00e4senen teht\u00e4vi\u00e4 oma-aloitteisemmin ja ymm\u00e4rt\u00e4\u00e4 paremmin syy-seuraus -suhteita.<\/p>\n<h6>\u00a0<\/h6>\n<p>Kurssille osallistumiseksi tulee olla k\u00e4ynyt Purjehtijakurssi tai olla purjehtinut v\u00e4hint\u00e4\u00e4n nelj\u00e4 p\u00e4iv\u00e4\u00e4 purjeveneen miehist\u00f6n j\u00e4senen\u00e4. Kurssille ei vaadita navigointiosaamista.<\/p>\n<h6>\u00a0<\/h6>\n\n\n\n\n<div class=\"wp-block-buttons is-content-justification-center is-layout-flex wp-container-4 wp-block-buttons-is-layout-flex\"><\/div>\n<\/div>\n\n\n\n<div class=\"wp-block-column is-layout-flow wp-block-column-is-layout-flow\">\n<h3 class=\"wp-block-heading\">Saaristop\u00e4\u00e4llikk\u00f6kurssi <strong>(FIN+ENG)<\/strong><\/h3>\n\n\n\n<p>Saaristop\u00e4\u00e4llikk\u00f6kurssi on tarkoitettu jo kokeneemmille ja tavoitteena on, ett\u00e4 osaa toimia kurssin j\u00e4lkeen purjeveneen kipparina tutuilla vesill\u00e4 p\u00e4iv\u00e4saikaan.<\/p>\n<h6>\u00a0<\/h6>\n<p>Saaristop\u00e4\u00e4llikk\u00f6kurssilla perehdyt\u00e4\u00e4n l\u00e4ht\u00f6- ja paluuvalmisteluihin satamassa, veneen ajamiseen moottorilla ja purjeilla, kiinnitt\u00e4miseen, kipparoinnin perusteisiin, navigointiin, reittisuunnitteluun\u00a0ja turvallisuusasioihin. Esitietovaatimuksena kurssille on hyv\u00e4ksytysti suoritettu Navigointi 1 \u2013 tai vastaavantasoinen tutkinto sek\u00e4 v\u00e4hint\u00e4\u00e4n 100 purjehdittua merimailia miehist\u00f6n j\u00e4senen\u00e4. Aiempaa kipparointikokemusta ei edellytet\u00e4.<\/p>\n<h6>\u00a0<\/h6>\n<p>Lis\u00e4tietoa Saaristop\u00e4\u00e4llikk\u00f6kurssin aihesis\u00e4ll\u00f6st\u00e4 l\u00f6yd\u00e4t PORY:n <a href=\"https:\/\/www.pory.fi\/purjehduskurssit\/saaristopaallikkokurssi\/\">nettisivuilta<\/a>.<\/p>\n<h6>\u00a0<\/h6>\n\n<h6>\u00a0<\/h6>\n\n\n\n\n<div class=\"wp-block-buttons is-content-justification-center is-layout-flex wp-container-6 wp-block-buttons-is-layout-flex\"><\/div>\n<\/div>\n<\/div>\n\n\n<h1>Milloin, miss\u00e4 ja miten?<\/h1>\n<p>Purjehduskursseja j\u00e4rjestet\u00e4\u00e4n p\u00e4\u00e4s\u00e4\u00e4nt\u00f6isesti loppukev\u00e4\u00e4st\u00e4\/alkukes\u00e4st\u00e4 touko- ja kes\u00e4kuussa sek\u00e4 syksyisin elo- ja syyskuussa.<\/p>\n<h6>\u00a0<\/h6>\n<p>Purjehtija- ja Saaristop\u00e4\u00e4llikk\u00f6kurssit sis\u00e4lt\u00e4v\u00e4t molemmat 32 tuntia opetusta, johon sis\u00e4ltyy\u00a0maissa j\u00e4rjestett\u00e4v\u00e4 teoriaosuus (yht. 8h opetusta) ja k\u00f6liveneill\u00e4mme pidett\u00e4v\u00e4 k\u00e4yt\u00e4nn\u00f6n osuus (yht. 24h opetusta). Teoriaosuudet j\u00e4rjestet\u00e4\u00e4n l\u00e4ht\u00f6kohtaisesti Otaniemess\u00e4 kahtena tai kolmena iltana ja\/tai et\u00e4toteutuksena. Luennot\u00a0pidet\u00e4\u00e4n luonnollisesti erisis\u00e4lt\u00f6isille kursseille erikseen, mutta ovat kuitenkin kunkin kurssitason ryhmille yhteisi\u00e4.<\/p>\n<h6>\u00a0<\/h6>\n<p>Kukin kurssilainen kuuluu yhteen 3\u20134 henkil\u00f6n ryhm\u00e4\u00e4n. Ryhmill\u00e4 ei ole teoriaosuuden kannalta merkityst\u00e4, kuten yll\u00e4 todetaan, mutta k\u00e4yt\u00e4nn\u00f6n osuuden totetutus perustuu ryhm\u00e4jakoon. Purjehdusopetuksen ajankohta ja k\u00e4ytett\u00e4v\u00e4 vene m\u00e4\u00e4r\u00e4ytyy ryhm\u00e4kohtaisesti. Yhden ryhm\u00e4n purjehdukset j\u00e4rjestet\u00e4\u00e4n tiivisti, yleens\u00e4 yhden viikon aikana. Opetus toteutetaan TRIP:in k\u00f6liveneill\u00e4, FirsTripill\u00e4, GinTripill\u00e4 ja ElecTripill\u00e4, joiden kotisatama on <a href=\"https:\/\/teekkaripurjehtijat.fi\/wordpress\/?page_id=161\">Ruoholahdessa<\/a>.\u00a0<\/p>\n<h6>\u00a0<\/h6>\n<p>K\u00e4yt\u00e4nn\u00f6n osuuden toteutus vaihtelee ryhmitt\u00e4in ja sis\u00e4lt\u00e4\u00e4 opetusta p\u00e4\u00e4s\u00e4\u00e4nt\u00f6isesti joko arki-iltaisin tai viikonloppuisin. Purjehduksia on aikaisemmin toteutettu esimerkiksi kokonaan arki-iltaisin (6 x 4h = 24h), arki-iltojen ja viikonloppup\u00e4ivien yhdistelm\u00e4n\u00e4 (2 x 4h + 2 x 8h = 24h) ja arki-iltojen ja y\u00f6n yli kest\u00e4v\u00e4n retkipurjehduksen yhdistelm\u00e4n\u00e4 (2 x 4h + 2 x 8h = 24h). Viikonloppuisin voidaan pit\u00e4\u00e4 opetusta joko niin, ett\u00e4 palataan y\u00f6ksi maihin tai toisaalta y\u00f6n yli kest\u00e4v\u00e4n\u00e4 retkipurjehduksena. Retkimuotoinen purjehdus voi olla 2\u20134 p\u00e4iv\u00e4\u00e4 pitk\u00e4 ja sis\u00e4lt\u00e4\u00e4 1\u20133 y\u00f6pymist\u00e4.\u00a0 Opetus jakaantuu retkikurssien p\u00e4iville tilanteen mukaaan. \u00a0<\/p>\n<h6>\u00a0<\/h6>\n<p>Purjehdukset alkavat ja p\u00e4\u00e4ttyv\u00e4t lopulta <a href=\"https:\/\/teekkaripurjehtijat.fi\/wordpress\/?page_id=161\">Ruoholahden venesatamaan<\/a>. Kaikki purjehdukset kest\u00e4v\u00e4t todellisuudessa yli nelj\u00e4 tai kahdeksan tuntia, sill\u00e4 edell\u00e4 mainitut ovat vain itse opetukseen kuluvia aikoja. Aikaa kuluu my\u00f6s veneen valmisteluun ennen l\u00e4ht\u00f6\u00e4 sek\u00e4 loppusiivoukseen ja muihin lopputoimenpiteisiin purjehduksen p\u00e4\u00e4tteeksi. My\u00f6s turvallisuusasioiden ja muun ohjeistuksen l\u00e4pik\u00e4ynti alussa ja purjehduksen yhteenveto lopussa viev\u00e4t oman aikansa. Luonnollisesti purjehdusp\u00e4iv\u00e4n keli on my\u00f6s mukana vaikuttamassa aikatauluun.<\/p>\n<h6>\u00a0<\/h6>\n<p>Arkisin tapahtuvilla iltapurjehduksilla (opetusta 4h) ja viikonlopun p\u00e4iv\u00e4purjehduksilla (opetusta 8h) opetellaan purjehdustaitoja l\u00e4hivesill\u00e4 Espoossa ja\/tai Helsingiss\u00e4. Arki-iltasin ja viikonloppuisin pidett\u00e4vill\u00e4 kotisatamaan p\u00e4\u00e4ttyvill\u00e4 purjehduksilla ei v\u00e4ltt\u00e4m\u00e4tt\u00e4 ole mahdollisuutta rantautua uuteen paikkaan opetukseen kuuluvien rantautumisharjoitusten lis\u00e4ksi. Retkipurjehduksilla taas rantaudutaan saaristoon 1\u20133 y\u00f6ksi, mik\u00e4 mahdollistaa uusiin paikkoihin tutustumisen sek\u00e4 kenties saunomisenkin. Kaikille on nukkumapaikat veneess\u00e4, mink\u00e4 lis\u00e4ksi nukkua voi my\u00f6s saaressa, esimerkiksi riippumatossa. Kohde tai kohteet riippuvat kipparista, ajasta ja s\u00e4\u00e4olosuhteista.<\/p>\n<h6>\u00a0<\/h6>\n<p>Lyhyen kestonsa vuoksi iltapurjehdukseen ei kuulu l\u00e4mmint\u00e4 ateriaa, mutta osallistujille on yleens\u00e4 varattu pient\u00e4 ev\u00e4st\u00e4. Viikonloppuisin j\u00e4rjestett\u00e4viin purjehduksiin kuuluu tyypillisesti\u00a0 aamupala, lounas ja p\u00e4iv\u00e4llinen. Ruokailujen sis\u00e4lt\u00f6 ja m\u00e4\u00e4r\u00e4 tarkentuu kuitenkin ryhm\u00e4- ja tilannekohtaisesti. Omia herkkuja ja ev\u00e4it\u00e4 kannattaa joka tapauksessa varata mukaan. Ateriat valmistetaan veneill\u00e4, joten pidempiin purjehduksiin sis\u00e4ltyy my\u00f6s kokkausta veneen keitti\u00f6ss\u00e4.<\/p>\n<h6>\u00a0<\/h6>\n<p>Purjehtija- ja Saaristop\u00e4\u00e4llikk\u00f6kursseihin ei sis\u00e4lly tutkintosuoritusta. Kerhon veneill\u00e4 on aikaisemmin j\u00e4rjestetty Saaristo- ja Rannikkop\u00e4\u00e4llikk\u00f6tutkintoja tutkinnonsuorittajan itse j\u00e4rjest\u00e4m\u00e4n\u00e4. Pyydett\u00e4ess\u00e4 kurssin kouluttaja voi tehd\u00e4 merkint\u00f6j\u00e4 PORY:n Suoritus- ja lokikirjaan, joka on tilattavissa ilmoittautumisen yhteydess\u00e4. Kurssin k\u00e4ymisest\u00e4 ei jaeta erillist\u00e4 todistusta.<\/p>\n<h1>Miksi?<\/h1>\n<ul>\n<li>Saat kokemusta ja varmuutta merell\u00e4 liikkumiseen asiantuntevien ja auktorisoitujen Trippil\u00e4isten johdolla turvallisesti.<\/li>\n<li>Kurssit ovat hyv\u00e4 keino p\u00e4\u00e4st\u00e4 k\u00e4ytt\u00e4m\u00e4\u00e4n esimerkiksi navigointikursseilla opittuja tietoja ja taitoja k\u00e4yt\u00e4nn\u00f6ss\u00e4.<\/li>\n<li>Saaristop\u00e4\u00e4llikk\u00f6kurssilla opetellaan kipparointitaitoja, joista voi olla hy\u00f6ty\u00e4 my\u00f6s veneilyharrastuksen ulkopuolella.<\/li>\n<li>P\u00e4\u00e4set varmasti nauttimaan luontoel\u00e4myksist\u00e4 sek\u00e4 todenn\u00e4k\u00f6isesti n\u00e4kem\u00e4\u00e4n ja kokemaan uusia paikkoja ja satamia.<\/li>\n<li>K\u00e4ym\u00e4ll\u00e4 Saaristop\u00e4\u00e4llikk\u00f6kurssin saat hyv\u00e4t ev\u00e4\u00e4t suorittaa halutessasi my\u00f6s TRIP:in Kipparikoe tai Saaristop\u00e4\u00e4llikk\u00f6tutkinto, jonka voit j\u00e4rjest\u00e4\u00e4 itsen\u00e4isesti TRIP:in veneell\u00e4 tai suorittaa jonkin muun toimijan kautta.<\/li>\n<li>Saaristop\u00e4\u00e4llikk\u00f6kurssin j\u00e4lkeen voit osallistua TRIP:in ulkopuolella rannikkop\u00e4\u00e4llikk\u00f6kurssille ja -tutkintoon tai j\u00e4rjest\u00e4\u00e4 itsen\u00e4isesti tutkinnon TRIP:in veneell\u00e4. Rannikkop\u00e4\u00e4llikk\u00f6tutkinto on yksi vaatimuksista p\u00e4\u00e4st\u00e4 Tripin kapteeniksi rannikkopursi FirstTripille.<\/li>\n<li>Saaristop\u00e4\u00e4llikk\u00f6tutkinto tai Rannikkop\u00e4\u00e4llikk\u00f6kurssi hyv\u00e4ksyt\u00e4\u00e4n Traficomilla riitt\u00e4v\u00e4ksi k\u00e4yt\u00e4nn\u00f6n osaamiseksi haettaessa Kansainv\u00e4list\u00e4 huviveneenkuljettajankirjaa.<\/li>\n<\/ul>\n<h6>\u00a0<\/h6>\n<p>Ja ei unohdeta sit\u00e4, ett\u00e4 kursseilla voi tutustua kivoihin samanhenkisiin tyyppeihin ja vaikka l\u00f6yt\u00e4\u00e4 kavereita tuleville purjehduksille!\u00a0<\/p>\n<h1>Kenelle?<\/h1>\n<p>Purjehduskurssit ovat TRIP:in muiden kurssien tavoin on tarkoitettu ainoastaan j\u00e4senille. Mik\u00e4li et ole viel\u00e4 j\u00e4senemme, liity ihmeess\u00e4 \u2013 liittymislomakkeelle p\u00e4\u00e4set klikkaamaan\u00a0<a title=\"J\u00e4seneksi\" href=\"https:\/\/teekkaripurjehtijat.fi\/wordpress\/?page_id=178\">t\u00e4\u00e4lt\u00e4<\/a>. Liittyess\u00e4si Teekkaripurjehtijoihin liityt samalla Suomen Purjehdus ja Veneily ry:hyn (SPV), sill\u00e4 TRIP on SPV:n j\u00e4senseura. SPV:n j\u00e4senen\u00e4 sinut on vakuutettu If:n tapaturmavakuutuksella. Lue lis\u00e4\u00e4 vakuutuksesta <a href=\"https:\/\/www.if.fi\/henkiloasiakkaat\/jarjestot\/spv\/jasenvakuutukset\/ryhmatapaturmavakuutus\">t\u00e4\u00e4ll\u00e4<\/a>.<\/p>\n<h6>\u00a0<\/h6>\n<p>Purjehtija- ja Saaristop\u00e4\u00e4llikk\u00f6kurssit ovat saatavilla sek\u00e4 suomeksi ett\u00e4 englanniksi. Kurssitarjonta mukautuu kouluttajien saatavuuden ja j\u00e4senien kiinnostuksen mukaan. Englanninkielisiin kursseihin p\u00e4\u00e4set tutustumaan <a href=\"https:\/\/teekkaripurjehtijat.fi\/wordpress\/?page_id=4785&amp;lang=en\">t\u00e4\u00e4lt\u00e4<\/a>.\u00a0<\/p>\n<h6>\u00a0<\/h6>\n<p>Purjehtijakurssille ei vaadita aikaisempaa tiet\u00e4myst\u00e4 tai kokemusta purjehduksesta \u2013 kiinnostus ja oppimisenhalu riitt\u00e4v\u00e4t. Saaristop\u00e4\u00e4llikk\u00f6kurssille sen sijaan vaaditaan hyv\u00e4ksytty Navigointi 1 tai vastaavantasoinen tutkinto sek\u00e4 v\u00e4hint\u00e4\u00e4n 100 purjehdittua merimailia miehist\u00f6n j\u00e4senen\u00e4. Aiempaa kipparointikokemusta ei edellytet\u00e4. Ilmoittautuminen Saaristop\u00e4\u00e4llikk\u00f6kurssille ei takaa p\u00e4\u00e4sy\u00e4 kurssille, sill\u00e4 suoritukset tarkistetaan ennen kurssivahvistusta.\u00a0<\/p>\n<h1>Mit\u00e4 maksaa?<\/h1>\n<p>Purjehduskurssien osallistujille syntyy kustannuksia kurssi- ja materiaalimaksuista, matkoista Ruoholahden venesatamaan sek\u00e4 mahdollisista vapaaehtoisista kuluista satamissa. Kurssien ja materiaalien hinnasto on n\u00e4kyviss\u00e4 <a href=\"https:\/\/teekkaripurjehtijat.fi\/wordpress\/?page_id=5978\">t\u00e4\u00e4ll\u00e4<\/a>. Huomioithan, ett\u00e4 TRIP:in j\u00e4senyys tulee olla voimassa ja j\u00e4senyysmaksu maksettuna kurssille osallistumiseksi.\u00a0<\/p>\n<h6>\u00a0<\/h6>\n<p>Kurssiin ei kuulu tutkintoa tai kurssitodistusta, joten kurssimaksu ei my\u00f6sk\u00e4\u00e4n kata niit\u00e4.<\/p>\n<h6>\u00a0<\/h6>\n<p>Vahvistamme paikkasi erillisell\u00e4 viestill\u00e4 mahdollisimman pian ilmoittautumisesi j\u00e4lkeen ja lasku kurssista l\u00e4hetet\u00e4\u00e4n vahvistuksn j\u00e4lkeen. Sinulla on 14 vuorokautta aikaa maksaa lasku sen j\u00e4lkeen kun olet sen saanut. Ota materiaalien noutoon kuitti mukaan maksetuista maksuista lunastaaksesi kurssimateriaalit.<\/p>\n<p>\u00a0<\/p>\n<h1>Mit\u00e4 tarvitsee mukaan?<\/h1>\n<p>Kurssien teoriaosuudelle tarvitsee mukaan kurssikirjan ja muistiinpanov\u00e4lineet sek\u00e4 halutessaan PORY:n Suoritus- ja lokikirjan. Purjehtijakurssilla kurssikirjana k\u00e4ytet\u00e4\u00e4n PORY:n\u00a0<em>Purjehtimaan &#8211; opas purjehtijakurssille<\/em> -kirjaa ja Saaristop\u00e4\u00e4llikk\u00f6kurssilla <em>Purjeveneen p\u00e4\u00e4llik\u00f6ksi &#8211; opas saaristo- ja rannikkop\u00e4\u00e4llikk\u00f6kursseille<\/em> -kirjaa. Purjehtijakurssin jatkokurssille ei ole erillist\u00e4 kurssikirjaa.<\/p>\n<h6>\u00a0<\/h6>\n<p>Kurssikirjoja, Suoritus- ja lokikirjoja sek\u00e4 muita aiheeseen liityvi\u00e4 materiaaleja p\u00e4\u00e4see tilaamaan k\u00e4tev\u00e4sti kurssi-ilmoittautumisen yhteydess\u00e4. Hinnasto l\u00f6ytyy <a href=\"https:\/\/teekkaripurjehtijat.fi\/wordpress\/?page_id=5828\">t\u00e4\u00e4lt\u00e4<\/a>. Materiaaleja jaetaan kurssien ensimm\u00e4isill\u00e4 kerroilla kuittia vastaan.<\/p>\n<p>\u00a0<\/p>\n<p>K\u00e4yt\u00e4nn\u00f6n osuudelle tarvitsee toteutustavasta riippuen erilaisia varusteita. P\u00e4\u00e4set tutustumaan varustelistoihin <a href=\"https:\/\/teekkaripurjehtijat.fi\/wordpress\/?page_id=6001\">t\u00e4\u00e4ll\u00e4<\/a>.\u00a0<\/p>\n<h1>Mist\u00e4 saa lis\u00e4\u00e4 tietoa?<\/h1>\n<p>Lis\u00e4tietoa purjehduskursseista saat l\u00e4hett\u00e4m\u00e4ll\u00e4 viesti\u00e4 koulutusvastaavalle s\u00e4hk\u00f6postiosoitteeseen emil.huttunen@teekkaripurjehtijat.fi. Jos olet jo Teekkaripurjehtijat ry:n j\u00e4sen, suosittelemme kysymyksesi jakamista sis\u00e4isell\u00e4 <strong>#koulutus<\/strong>-Slack-kanavalla.<\/p>\n<h6>\u00a0<\/h6>\n<p>Kannattaa my\u00f6s vierailla PORY:n nettisivuilla, <a href=\"https:\/\/www.pory.fi\">t\u00e4\u00e4ll\u00e4<\/a>.<\/p>\n<h6>\u00a0<\/h6>","protected":false},"excerpt":{"rendered":"<p>Mit\u00e4? TRIP on Purjehduksenopettajat ry:n (PORY) auktorisoima purjehduskoulu ja j\u00e4rjest\u00e4mme vuosittain Purjehtija- ja Saaristop\u00e4\u00e4llikk\u00f6kursseja PORY:n koulutusj\u00e4rjestelm\u00e4n mukaisesti. Kurssien sis\u00e4lt\u00f6 perustuu PORY:n laatuk\u00e4sikirjaan. Kurssien k\u00e4yt\u00e4nn\u00f6n toteutuksesta vastaavat PORY:n auktorisoimat purjehduksenopettajat ja -ohjaajat yhdess\u00e4 apuopettajien kanssa. \u00a0 Purjehtijakurssi (FIN+ENG) Purjehtijakurssi on tarkoitettu aloittelijoille ja tavoitteena on saavuttaa kurssin aikana taidot, joiden avulla &hellip;<\/p>\n","protected":false},"author":1,"featured_media":535,"parent":229,"menu_order":0,"comment_status":"closed","ping_status":"closed","template":"","meta":{"footnotes":""},"_links":{"self":[{"href":"https:\/\/teekkaripurjehtijat.fi\/wordpress\/index.php?rest_route=\/wp\/v2\/pages\/231"}],"collection":[{"href":"https:\/\/teekkaripurjehtijat.fi\/wordpress\/index.php?rest_route=\/wp\/v2\/pages"}],"about":[{"href":"https:\/\/teekkaripurjehtijat.fi\/wordpress\/index.php?rest_route=\/wp\/v2\/types\/page"}],"author":[{"embeddable":true,"href":"https:\/\/teekkaripurjehtijat.fi\/wordpress\/index.php?rest_route=\/wp\/v2\/users\/1"}],"replies":[{"embeddable":true,"href":"https:\/\/teekkaripurjehtijat.fi\/wordpress\/index.php?rest_route=%2Fwp%2Fv2%2Fcomments&post=231"}],"version-history":[{"count":355,"href":"https:\/\/teekkaripurjehtijat.fi\/wordpress\/index.php?rest_route=\/wp\/v2\/pages\/231\/revisions"}],"predecessor-version":[{"id":8580,"href":"https:\/\/teekkaripurjehtijat.fi\/wordpress\/index.php?rest_route=\/wp\/v2\/pages\/231\/revisions\/8580"}],"up":[{"embeddable":true,"href":"https:\/\/teekkaripurjehtijat.fi\/wordpress\/index.php?rest_route=\/wp\/v2\/pages\/229"}],"wp:featuredmedia":[{"embeddable":true,"href":"https:\/\/teekkaripurjehtijat.fi\/wordpress\/index.php?rest_route=\/wp\/v2\/media\/535"}],"wp:attachment":[{"href":"https:\/\/teekkaripurjehtijat.fi\/wordpress\/index.php?rest_route=%2Fwp%2Fv2%2Fmedia&parent=231"}],"curies":[{"name":"wp","href":"https:\/\/api.w.org\/{rel}","templated":true}]}}