{"id":229,"date":"2012-03-25T16:31:59","date_gmt":"2012-03-25T14:31:59","guid":{"rendered":"http:\/\/trip.ayy.fi\/wordpress\/?page_id=229"},"modified":"2023-12-02T15:52:10","modified_gmt":"2023-12-02T13:52:10","slug":"purjehduskoulutus","status":"publish","type":"page","link":"https:\/\/teekkaripurjehtijat.fi\/wordpress\/?page_id=229","title":{"rendered":"Koulutus"},"content":{"rendered":"<p align=\"left\">Teekkaripurjehtijat on PORY:n auktorisoima purjehduskoulu, ja j\u00e4rjest\u00e4mme Suomen Navigoinninopettajien auktorisoimia navigointikursseja. Tarjoamme sek\u00e4 teoria- ett\u00e4 k\u00e4yt\u00e4nn\u00f6n kursseja vasta-alkajille ja hieman kokeneemmille purjehtijoille. Purjehdusuraansa aloittelevat p\u00e4tev\u00f6ityv\u00e4t Tripiss\u00e4 osaaviksi gasteiksi opettajiemme johdolla. Pidemm\u00e4lle ehtineet voivat kouluttautua per\u00e4miehiksi ja veneen p\u00e4\u00e4llik\u00f6iksi.<\/p>\n<p align=\"left\"><strong>K\u00e4yt\u00e4nn\u00f6n purjehduskoulutus<\/strong><\/p>\n<p align=\"left\"><a title=\"Purjehtija- ja per\u00e4mieskurssit\" href=\"https:\/\/teekkaripurjehtijat.fi\/wordpress\/?page_id=231\">Purjehtijakurssi<\/a> (Sailing Crew) &#8211; <i>Opi purjehduksen perusteet ilman esitietovaatimuksia.<br \/>\n<\/i><a href=\"https:\/\/teekkaripurjehtijat.fi\/wordpress\/?page_id=231\">Saaristop\u00e4\u00e4llikk\u00f6kurssi<\/a> (Inshore Skipper) &#8211;<i> Opi veneen ja miehist\u00f6n hallinta suotuisissa olosuhteissa<em>.<\/em><br \/>\n<\/i><a href=\"https:\/\/teekkaripurjehtijat.fi\/wordpress\/?page_id=671\">Teemakoulutukset<\/a><i>&#8211; opi mm. k\u00e4ytt\u00e4m\u00e4\u00e4n spinaakkeria, trimmaamaan purjeita tai navigoi<em>maan pime\u00e4ll\u00e4.<br \/>\n<\/em>Kipparikoulu &#8211; Kerhon oma koulutus kerhon k\u00f6liveneiden kipparointia silm\u00e4ll\u00e4 pit\u00e4en.<\/i><\/p>\n<p align=\"left\"><strong>Teoriakoulutus<\/strong><\/p>\n<p align=\"left\"><a title=\"Saaristolaivurikurssi 2012\" href=\"https:\/\/teekkaripurjehtijat.fi\/wordpress\/?page_id=211\">Navigointi 1 -kurssi<\/a>\u00a0&#8211;\u00a0<em>navigoinnin ja merenkulun s\u00e4\u00e4d\u00f6sten alkeiskurssi.<\/em><br \/>\n<a title=\"Rannikkolaivurikurssi 2012\" href=\"https:\/\/teekkaripurjehtijat.fi\/wordpress\/?page_id=211\">Navigointi 2 -kurssi<\/a>\u00a0&#8211;\u00a0<em>navigoinnin ja merenkulkuopin jatkokurssi.<\/em><br \/>\n<a title=\"SRC-\/LRC-radiokurssi\" href=\"https:\/\/teekkaripurjehtijat.fi\/wordpress\/?page_id=5974\">SRC\/LRC-radiokurssit<\/a>\u00a0&#8211;\u00a0<em>veneilij\u00e4n VHF- ja HF-radioliikenteen perusteet ja k\u00e4ytt\u00f6\u00f6n oikeuttava p\u00e4tevyys.<br \/>\n<\/em>CEVNI-tentti<em>\u00a0&#8211; Euroopan sis\u00e4vesip\u00e4tevyys KV-lupakirjan i-tunnusta varten.<br \/>\n<\/em><\/p>\n<p align=\"left\"><strong>Tutkinnot<\/strong><\/p>\n<p align=\"left\"><a title=\"P\u00e4\u00e4llikk\u00f6tutkinto\" href=\"https:\/\/teekkaripurjehtijat.fi\/wordpress\/?page_id=431\">P\u00e4\u00e4llikk\u00f6tutkinto<\/a>\u00a0(Coastal Skipper) &#8211; <em>osoitus k\u00e4yt\u00e4nn\u00f6n osaamisesta KV-lupakirjaa ja rannikkopurren kipparioikeuksia varten.<\/em><\/p>\n<p align=\"left\"><strong>Vapaamuotoinen harjoittelu<\/strong><\/p>\n<p align=\"left\">TRIPin veneill\u00e4 harjoitellaan purjehdustaitoja jatkuvasti. Viikkokilpailuissa harjoitellaan kilpailemista ja retkipurjehdukset ovat oivallinen paikka harjoitella rutiineja. Kipparit voivat j\u00e4rjest\u00e4\u00e4 my\u00f6s harjoitteluun painottuvia yhteispurjehduksia esim. p\u00e4\u00e4llikk\u00f6tutkinnon vaatimuksiin.<\/p>\n<p align=\"left\"><strong>Miten mukaan kurssille?<\/strong><\/p>\n<p align=\"left\">Kurssien ilmoittautuminen tapahtuu niiden omien sivujen kautta yll\u00e4 olevista linkeist\u00e4. Seuraa n\u00e4it\u00e4 internetsivuja sek\u00e4 trip-jas-s\u00e4hk\u00f6postilistaa saadaksesi viimeisimm\u00e4n tiedon kurssien aikatauluista ja ilmoittautumisesta. Kaikki koulutukset on tarkoitettu Teekkaripurjehtijat ry:n j\u00e4senist\u00f6lle.<\/p>\n<p align=\"left\"><strong>Mik\u00e4 kurssi sopii minulle?<\/strong><\/p>\n<p align=\"left\">Merenkulun parissa koulutusj\u00e4rjestelm\u00e4 saattaa olla hieman haastavaa sit\u00e4 tuntemattomalle. P\u00e4tevyyksi\u00e4 on eri tasoisia ja eri asioihin. Se, mille kurssille haluaa osallistua, on henkil\u00f6st\u00e4, tavoitteista ja kokemuksesta kiinni.<\/p>\n<p align=\"left\">Suosittelemme vasta-alkajia aloittamaan k\u00e4yt\u00e4nn\u00f6n kouluttautumisen purjehtijakurssista (j\u00e4rjestet\u00e4\u00e4n kev\u00e4isin ja usein my\u00f6s syksyll\u00e4), jossa tutustutaan purjehduksen perusteisiin ja ker\u00e4t\u00e4\u00e4n kokemusta auktorisoitujen opettajien ohjaamana. Teoria\/navigointiosaamisen kerrytt\u00e4minen kannattaa aloittaa Navigointi 1 -kurssilla.<\/p>\n<p align=\"left\">Jos olet purjehtinut jo muutaman vuoden ja kerhon veneet ovat tuttuja, ja olet kiinnostunut kipparoinnista, sinun kannattaa suunnata katseesi kipparointia valmentaviin kursseihin. Teekkaripurjehtijat j\u00e4rjest\u00e4v\u00e4t vuosittain saaristop\u00e4\u00e4llikkokurssin, jolla tutustut kipparoinnin saloihin. Lis\u00e4\u00e4 kipparointikokemusta saat turvallisesti hankittua kerhon omassa kipparikoulussa, jolloin p\u00e4\u00e4set harjoittelemaan enemm\u00e4n veneen p\u00e4\u00e4llikk\u00f6n\u00e4 toimimista, ennen kerhon per\u00e4mieskokeen ottamista. Hyv\u00e4ksytyn per\u00e4mieskokeen j\u00e4lkeen voit kipparoida kerhon saaristopursia. Kipparoinnin harjoittelussa rutiini on yst\u00e4v\u00e4, joten kannattaa my\u00f6s osallistua aktiivisesti yhteispurjehduksiin. T\u00e4ss\u00e4 vaiheessa on hyv\u00e4 my\u00f6s suorittaa viestint\u00e4ministeri\u00f6n SRC-meriradiotutkinto.<\/p>\n<p align=\"left\">Kun kokemusta kipparoinnista kertyy, rannikkotason kurssit kutsuvat. Navigointi 2 -kurssi rakentaa Navigointi 1 -kurssin p\u00e4\u00e4lle. Kipparin on hyv\u00e4 k\u00e4yd\u00e4 EA1-kurssi. Kerhon rannikkopurtta kipparoidakseen tarvitaan PORY:n p\u00e4\u00e4llikk\u00f6tutkinto, johon voi harjoitella kerhon veneill\u00e4 esimerkiksi pit\u00e4m\u00e4ll\u00e4 MOB-yhteispurjehduksia. Kun suunnittelet kansainv\u00e4lisen veneenkuljettajankirjan hakemista, sinulla alkaakin olla jo kaikki valmiina. Voit halutessasi suorittaa CEVNI-tentin, jolloin saat I-merkinn\u00e4n KV-lupaasi.<\/p>\n<p align=\"left\">TRIPin koulutusvastaava auttaa mielell\u00e4\u00e4n\u00a0 koulutuspolun suunnittelussa. Voit ottaa h\u00e4neen yhteytt\u00e4 s\u00e4hk\u00f6postitse: hallitus@teekkaripurjehtijat.fi<\/p>\n","protected":false},"excerpt":{"rendered":"<p>Teekkaripurjehtijat on PORY:n auktorisoima purjehduskoulu, ja j\u00e4rjest\u00e4mme Suomen Navigoinninopettajien auktorisoimia navigointikursseja. Tarjoamme sek\u00e4 teoria- ett\u00e4 k\u00e4yt\u00e4nn\u00f6n kursseja vasta-alkajille ja hieman kokeneemmille purjehtijoille. Purjehdusuraansa aloittelevat p\u00e4tev\u00f6ityv\u00e4t Tripiss\u00e4 osaaviksi gasteiksi opettajiemme johdolla. Pidemm\u00e4lle ehtineet voivat kouluttautua per\u00e4miehiksi ja veneen p\u00e4\u00e4llik\u00f6iksi. K\u00e4yt\u00e4nn\u00f6n purjehduskoulutus Purjehtijakurssi (Sailing Crew) &#8211; Opi purjehduksen perusteet ilman esitietovaatimuksia. Saaristop\u00e4\u00e4llikk\u00f6kurssi &hellip;<\/p>\n","protected":false},"author":1,"featured_media":2295,"parent":0,"menu_order":3,"comment_status":"closed","ping_status":"closed","template":"","meta":{"footnotes":""},"_links":{"self":[{"href":"https:\/\/teekkaripurjehtijat.fi\/wordpress\/index.php?rest_route=\/wp\/v2\/pages\/229"}],"collection":[{"href":"https:\/\/teekkaripurjehtijat.fi\/wordpress\/index.php?rest_route=\/wp\/v2\/pages"}],"about":[{"href":"https:\/\/teekkaripurjehtijat.fi\/wordpress\/index.php?rest_route=\/wp\/v2\/types\/page"}],"author":[{"embeddable":true,"href":"https:\/\/teekkaripurjehtijat.fi\/wordpress\/index.php?rest_route=\/wp\/v2\/users\/1"}],"replies":[{"embeddable":true,"href":"https:\/\/teekkaripurjehtijat.fi\/wordpress\/index.php?rest_route=%2Fwp%2Fv2%2Fcomments&post=229"}],"version-history":[{"count":33,"href":"https:\/\/teekkaripurjehtijat.fi\/wordpress\/index.php?rest_route=\/wp\/v2\/pages\/229\/revisions"}],"predecessor-version":[{"id":7456,"href":"https:\/\/teekkaripurjehtijat.fi\/wordpress\/index.php?rest_route=\/wp\/v2\/pages\/229\/revisions\/7456"}],"wp:featuredmedia":[{"embeddable":true,"href":"https:\/\/teekkaripurjehtijat.fi\/wordpress\/index.php?rest_route=\/wp\/v2\/media\/2295"}],"wp:attachment":[{"href":"https:\/\/teekkaripurjehtijat.fi\/wordpress\/index.php?rest_route=%2Fwp%2Fv2%2Fmedia&parent=229"}],"curies":[{"name":"wp","href":"https:\/\/api.w.org\/{rel}","templated":true}]}}