{"id":211,"date":"2020-01-15T14:06:31","date_gmt":"2020-01-15T12:06:31","guid":{"rendered":"http:\/\/trip.ayy.fi\/wordpress\/?page_id=211"},"modified":"2026-01-19T13:16:44","modified_gmt":"2026-01-19T11:16:44","slug":"saaristolaivurikurssi-2012","status":"publish","type":"page","link":"https:\/\/teekkaripurjehtijat.fi\/wordpress\/?page_id=211","title":{"rendered":"Navigointikurssit"},"content":{"rendered":"<h1>Mit\u00e4?<\/h1>\n<p>TRIP j\u00e4rjest\u00e4\u00e4 kev\u00e4isin navigointikursseja ja -tenttej\u00e4 Suomen Navigoinninopettajien kurssij\u00e4rjestelm\u00e4n mukaisesti. Kurssien sis\u00e4ll\u00f6st\u00e4 ja opettamisesta vastaavat Suomen Navigoinninopettajien auktorisoimat vastuuopettajat yhdess\u00e4 opettajien sek\u00e4 apuopettajien kanssa.\u00a0<\/p>\n<h6>\u00a0<\/h6>\n\n\n<div class=\"wp-block-columns is-layout-flex wp-container-3 wp-block-columns-is-layout-flex\">\n<div class=\"wp-block-column is-layout-flow wp-block-column-is-layout-flow\">\n<h3>Navigointi 1 -kurssit (Sis\u00e4vedet ja It\u00e4meri) <strong>(FIN+ENG)<\/strong><\/h3>\n<p>Navigointi 1 -kurssi on navigoinnin teorian ja vesiliikenteen s\u00e4\u00e4d\u00f6sten alkeiskurssi. Opit l\u00f6yt\u00e4m\u00e4\u00e4n tiesi oikeiden viittojen v\u00e4list\u00e4, ottamaan suuntia kartalta ja tunnistamaan muita aluksia valojen perusteella. Opetus alkaa perusteista, joten esitietoja ei vaadita.<\/p>\n<p>Navigointi 1 kurssi j\u00e4rjestet\u00e4\u00e4n kev\u00e4isin suomeksi helmi-huhtikuun aikana ja\u00a0 englanniksi syksyisin loka-joulukuun aikana. Kurssin tentti on kuitenkin mahdollista suorittaa sek\u00e4 kev\u00e4\u00e4ll\u00e4 ett\u00e4 syksyll\u00e4.Tarkempia tietoja kurssist\u00e4 l\u00f6yd\u00e4t t\u00e4lt\u00e4 sivulta. Aikataulun sek\u00e4 ilmoittautumiset <a href=\"https:\/\/teekkaripurjehtijat.fi\/wordpress\/?page_id=5840\">t\u00e4\u00e4lt\u00e4<\/a> sek\u00e4 hinnaston <a href=\"https:\/\/teekkaripurjehtijat.fi\/wordpress\/?page_id=5828\">t\u00e4\u00e4lt\u00e4<\/a>.<\/p>\n<h6>\u00a0<\/h6>\n<h6>\u00a0<\/h6>\n<\/div>\n\n\n\n<div class=\"wp-block-column is-layout-flow wp-block-column-is-layout-flow\">\n<h3>Navigointi 2 -kurssi (Vuorovesialueet ja V\u00e4limeri) <strong>(FIN+ENG)<\/strong><\/h3>\n<p>Navigointi 2 -kurssi on jatkoa Navigointi 1 -kurssille ja antaa lis\u00e4tietoja mm. vuorovedest\u00e4, s\u00e4\u00e4st\u00e4 ja tutkan k\u00e4yt\u00f6st\u00e4, mutta syvent\u00e4\u00e4 my\u00f6s opittua navigointitaitoa. Navigointi 2 -tutkintoon voi osallistua, vaikka ei olisi alempaa tutkintoa suoritettuna.<\/p>\n<p>Navigointi 2 kurssi j\u00e4rjestet\u00e4\u00e4n kev\u00e4isin englanniksi helmi-huhtikuun aikana ja\u00a0 suomeksi syksyisin loka-joulukuun aikana. Kurssin tentti on kuitenkin mahdollista suorittaa sek\u00e4 kev\u00e4\u00e4ll\u00e4 ett\u00e4 syksyll\u00e4. Tarkempia tietoja kurssist\u00e4 l\u00f6yd\u00e4t t\u00e4lt\u00e4 sivulta. Aikataulun sek\u00e4 ilmoittautumiset <a href=\"https:\/\/teekkaripurjehtijat.fi\/wordpress\/?page_id=5840\">t\u00e4\u00e4lt\u00e4<\/a> sek\u00e4 hinnaston <a href=\"https:\/\/teekkaripurjehtijat.fi\/wordpress\/?page_id=5828\">t\u00e4\u00e4lt\u00e4<\/a>.<\/p>\n<h6>\u00a0<\/h6>\n<\/div>\n<\/div>\n\n\n\n\n<h1>Milloin, miss\u00e4 ja miten?<\/h1>\n<p>Kurssit sis\u00e4lt\u00e4v\u00e4t seitsem\u00e4n kolmen tunnin opetuskertaa sek\u00e4 viimeisell\u00e4 viikolla j\u00e4rjestett\u00e4v\u00e4n tentin. Kurssit j\u00e4rjestet\u00e4\u00e4n\u00a0 arki-iltaisin Otaniemess\u00e4. Tarkemman aikataulun l\u00f6yd\u00e4t <a href=\"https:\/\/teekkaripurjehtijat.fi\/wordpress\/?page_id=5840\">t\u00e4\u00e4lt\u00e4<\/a>.\u00a0<\/p>\n<h6>\u00a0<\/h6>\n<p>Luennoilla k\u00e4yd\u00e4\u00e4n l\u00e4pi Suomen Navigoinninopettajien sis\u00e4lt\u00f6ihin pohjautuvia materiaaleja, tehd\u00e4\u00e4n lasku- ja karttaharjoituksia sek\u00e4 opetellaan k\u00e4ytt\u00e4m\u00e4\u00e4n navigoinnin apuv\u00e4lineit\u00e4. Kurssit ovat tiiviit\u00e4 paketteja ja harjoituksia on syyt\u00e4 tehd\u00e4 my\u00f6s kotona.\u00a0L\u00e4sn\u00e4olo ei ole pakollista, mutta se on eritt\u00e4in suositeltavaa kokonaisuuden hahmottamisen ja tenttiin valmistautumisen vuoksi.\u00a0<\/p>\n<h6>\u00a0<\/h6>\n<p>Tentti on mahdollista suorittaa tenttip\u00e4iv\u00e4n\u00e4 paikan p\u00e4\u00e4ll\u00e4 perinteisen\u00e4 paperitenttin\u00e4 tai netiss\u00e4 joustavana et\u00e4tenttin\u00e4. Paperitentti sis\u00e4ltyy kurssimaksuun \u2013 nettitentti sen sijaan tuo hintaan 10 euron lis\u00e4n. My\u00f6s pelkk\u00e4\u00e4n paperi- tai nettitenttiin osallistuminen on mahdollista, mik\u00e4li tentti olisi esimerkiksi j\u00e4\u00e4nyt aikaisemmin suorittamatta. Mik\u00e4li ilmenee tarpeeksi kysynt\u00e4\u00e4, TRIP j\u00e4rjest\u00e4\u00e4 mahdollisesti uusintatentin syksyll\u00e4. Ilmoita halukkuudestasi tentti\u00e4 syksyll\u00e4 koulutusvastaavalle osoitteeseen emil.huttunen(a)teekkaripurjehtijat.fi. Hyv\u00e4ksytyn tentin j\u00e4lkeen saat s\u00e4hk\u00f6postitse tutkintotodistuksen Suomen Navigoinninopettajilta.<\/p>\n<h1>Miksi?<\/h1>\n<ul class=\"x1e56ztr x1xmf6yo x1xfsgkm xtaz4m5\">\n<li>Navigointikurssit ovat hyv\u00e4 keino oppia t\u00e4rkeit\u00e4 merenkulun tietoja ja taitoja, joiden avulla liikut vesill\u00e4 varmemmin ja turvallisemmin.\u00a0<\/li>\n<li>Osallistumalla kev\u00e4\u00e4n kursseille pystyt soveltamaan opittua heti k\u00e4yt\u00e4nn\u00f6ss\u00e4 seuraavalla kaudella.<\/li>\n<li>\n<div class=\"x1e56ztr\"><span class=\"x193iq5w xeuugli x13faqbe x1vvkbs xlh3980 xvmahel x1n0sxbx x6prxxf xvq8zen xo1l8bm xzsf02u\">L\u00e4p\u00e4isty Navigointi 1 -tentti on yksi kerhon vaatimuksista p\u00e4\u00e4st\u00e4 <a class=\"x1i10hfl xjbqb8w x6umtig x1b1mbwd xaqea5y xav7gou x9f619 x1ypdohk xt0psk2 xe8uvvx xdj266r x11i5rnm xat24cr x1mh8g0r xexx8yu x4uap5 x18d9i69 xkhd6sd x16tdsg8 x1hl2dhg xggy1nq x1a2a7pz xt0b8zv x1fey0fg\" tabindex=\"0\" role=\"link\" href=\"https:\/\/teekkaripurjehtijat.fi\/wordpress\/?page_id=237\" target=\"_blank\" rel=\"nofollow noopener noreferrer\">TRIP:in per\u00e4mieheksi.<\/a><\/span><\/div>\n<\/li>\n<li>\n<div class=\"x1e56ztr\"><span class=\"x193iq5w xeuugli x13faqbe x1vvkbs xlh3980 xvmahel x1n0sxbx x6prxxf xvq8zen xo1l8bm xzsf02u\">L\u00e4p\u00e4isty Navigointi 2 -tentti on yksi kerhon vaatimuksista p\u00e4\u00e4st\u00e4 <a class=\"x1i10hfl xjbqb8w x6umtig x1b1mbwd xaqea5y xav7gou x9f619 x1ypdohk xt0psk2 xe8uvvx xdj266r x11i5rnm xat24cr x1mh8g0r xexx8yu x4uap5 x18d9i69 xkhd6sd x16tdsg8 x1hl2dhg xggy1nq x1a2a7pz xt0b8zv x1fey0fg\" tabindex=\"0\" role=\"link\" href=\"https:\/\/teekkaripurjehtijat.fi\/wordpress\/?page_id=237\" target=\"_blank\" rel=\"nofollow noopener noreferrer\">TRIP:in kapteeniksi.<\/a><\/span><\/div>\n<\/li>\n<li>\n<div class=\"x1e56ztr\"><span style=\"font-size: inherit; text-indent: 0em;\">Navigointi 2 -todistusta tarvitset, jos haluat hakea <\/span><a class=\"x1i10hfl xjbqb8w x6umtig x1b1mbwd xaqea5y xav7gou x9f619 x1ypdohk xt0psk2 xe8uvvx xdj266r x11i5rnm xat24cr x1mh8g0r xexx8yu x4uap5 x18d9i69 xkhd6sd x16tdsg8 x1hl2dhg xggy1nq x1a2a7pz xt0b8zv x1fey0fg\" style=\"font-size: inherit; text-indent: 0em;\" tabindex=\"0\" role=\"link\" href=\"https:\/\/www.traficom.fi\/fi\/asioi-kanssamme\/hae-kansainvalista-huviveneen-kuljettajan-patevyyskirjaa\" target=\"_blank\" rel=\"nofollow noopener noreferrer\">kansainv\u00e4list\u00e4 huviveneenkuljettajankirjaa<\/a><span style=\"font-size: inherit; text-indent: 0em;\">. Navigointi 1 -tutkinto voidaan my\u00f6s hyv\u00e4ksy\u00e4, jos suoritat siihen t\u00e4ydent\u00e4v\u00e4n vuorovesitutkinnon.<\/span><\/div>\n<\/li>\n<\/ul>\n<h6>\u00a0<\/h6>\n<p class=\"x1e56ztr\">Ja ei unohdeta sit\u00e4, ett\u00e4 kursseilla voi tutustua kivoihin samanhenkisiin tyyppeihin ja vaikka l\u00f6yt\u00e4\u00e4 kavereita ensi kes\u00e4n purjehduksille!\u00a0<\/p>\n<h1>Kenelle?<\/h1>\n<p>Navigointikurssit TRIP:in muiden kurssien tavoin on tarkoitettu ainoastaan j\u00e4senille. Mik\u00e4li et ole viel\u00e4 j\u00e4senemme, liity ihmeess\u00e4 \u2013 liittymislomakkeelle p\u00e4\u00e4set klikkaamaan\u00a0<a title=\"J\u00e4seneksi\" href=\"https:\/\/teekkaripurjehtijat.fi\/wordpress\/?page_id=178\">t\u00e4\u00e4lt\u00e4.<\/a><\/p>\n<h6>\u00a0<\/h6>\n<p>J\u00e4rjest\u00e4mme kursseja suomeksi ja englanniksi.\u00a0Navigointi 1 -kurssille ei ole esitietovaatimuksia, kiinnostus ja oppimisenhalu riitt\u00e4v\u00e4t. Navigointi 2 -kurssille osallistuvilla sen sijaan olisi suositeltavaa olla Navigointi 1 -kurssin tai vastaavaan, esimerkiksi Saaristolaivurikurssin, mukainen osaamistaso. Navigointi 2 -tutkintoon voi osallistua, vaikka ei olisi alempaa tutkintoa suoritettuna.<\/p>\n<h6>\u00a0<\/h6>\n<p>Matematiikan osalta Tripin kursseilla odotetaan hieman korkeampaa l\u00e4ht\u00f6tasoa kuin ty\u00f6v\u00e4enopistojen kursseilla, mutta peruskoulumatematiikan hallinta riitt\u00e4\u00e4.\u00a0<\/p>\n<h1>Mit\u00e4 maksaa?<\/h1>\n<p>Kurssien, tenttien ja materiaalien hinnasto on n\u00e4kyvill\u00e4 <a href=\"https:\/\/teekkaripurjehtijat.fi\/wordpress\/?page_id=5828\">t\u00e4\u00e4ll\u00e4<\/a>.<\/p>\n<h6>\u00a0<\/h6>\n<p>Kurssimaksut kattavat itse kurssin lis\u00e4ksi yhden paperitentin tenttimaksun sek\u00e4 hyv\u00e4ksytyn tenttisuorituksen j\u00e4lkeen s\u00e4hk\u00f6postitse l\u00e4hetett\u00e4v\u00e4n todistuksen.\u00a0<\/p>\n<h6>\u00a0<\/h6>\n<p>T\u00e4ytetty\u00e4si ilmoittautumislomakkeen saat s\u00e4hk\u00f6postiisi maksutiedot &#8211; muista k\u00e4ytt\u00e4\u00e4 annettua viitett\u00e4 maksaessasi! Sinulla on 14 vuorokautta aikaa maksaa lasku sen j\u00e4lkeen, kun olet l\u00e4hett\u00e4nyt ilmoittautumislomakkeen. Ota materiaalien noutoon kuitti mukaan maksetuista maksuista lunastaaksesi kurssimateriaalit.<\/p>\n<h6>\u00a0<\/h6>\n<p>Kurssit toteutetaan vapaaehtoisten voimin ja kurssimaksuilla kustannetaan tilavuokria sek\u00e4 tenteist\u00e4 syntyvi\u00e4 kustannuksia. Tuotoilla tuetaan Teekkaripurjehtijoiden toimintaa.\u00a0<\/p>\n<h1>Mit\u00e4 tarvitsee mukaan?<\/h1>\n<p>Molemmilla kursseilla v\u00e4ltt\u00e4m\u00e4tt\u00f6mi\u00e4 ovat kurssikirja, harjoituskartta, astelevy, (navigaatio)harppi, viivain, lyijykyn\u00e4, kumi ja laskin. N\u00e4it\u00e4 kaikkia on mahdollista tilata k\u00e4tev\u00e4sti kurssi-ilmoittautumisen yhteydess\u00e4. Hinnaston l\u00f6yd\u00e4t <a href=\"https:\/\/teekkaripurjehtijat.fi\/wordpress\/?page_id=5828\">t\u00e4\u00e4lt\u00e4<\/a>. Materiaaleja l\u00f6ytyy toisinaan my\u00f6s k\u00e4ytettyn\u00e4 tai kirjastosta.<\/p>\n<h6>\u00a0<\/h6>\n<p>Astelevy on navigaatioon tarkoitettu astelevy, joka helpottaa astemittausta. TRIP:ilt\u00e4 tilattava harppi on navigaatioharppi, mutta my\u00f6s tavallinen harppi k\u00e4y.\u00a0<\/p>\n<h6>\u00a0<\/h6>\n<p>K\u00e4yt\u00e4mme Suomen Navigoinninopettajien tuottamia kirjoja ja harjoituskarttoja.<\/p>\n<h6>\u00a0<\/h6>\n<p>Navigointi 1 -kurssille tarvitset mukaan Navigointi 1 -kirjan (Sis\u00e4vedet ja It\u00e4meri) sek\u00e4 Navigointi 1 -harjoituskartan. Navigointi 2 -kurssille taas tarvitset Navigointi 2 -kirjan (Vuorovesialueet ja V\u00e4limeri) sek\u00e4 Ranskan rannikolla sijaitsevien Kanaalisaarten alueen harjoituskartan (Imaray C33A Channel Islands). Navigointi 2 -kirjasta on ilmestynyt vuonna 2023 uusi p\u00e4ivitetty versio, jossa on 100 sivua enemm\u00e4n teksti\u00e4 vanhaan painokseen verrattuna ja t\u00e4m\u00e4n lis\u00e4ksi se sis\u00e4lt\u00e4\u00e4 vuorovesitaulukot, jotka on ennen pit\u00e4nyt tulostaa erikseen.\u00a0<\/p>\n<h6>\u00a0<\/h6>\n<p>Materiaaleja jaetaan kurssien ensimm\u00e4isill\u00e4 kerroilla kuittia vastaan.<\/p>\n<h1>Mist\u00e4 saa lis\u00e4\u00e4 tietoa?<\/h1>\n<p>Lis\u00e4tietoa navigointikursseista saat l\u00e4hett\u00e4m\u00e4ll\u00e4 viesti\u00e4 koulutusvastaavalle emil.huttunen@teekkaripurjehtijat.fi. Jos olet jo Teekkaripurjehtijat ry:n j\u00e4sen, suosittelemme kysymyksesi jakamista sis\u00e4isell\u00e4 <strong>#koulutus<\/strong> -Slack-kanavalla.<\/p>\n<h6>\u00a0<\/h6>\n<p>Lis\u00e4materiaalia kursseille, esimerkiksi harjoitusteht\u00e4vi\u00e4, on saatavilla\u00a0<a href=\"https:\/\/www.navigoinninopettajat.fi\/kurssilaisille\/\">Suomen Navigoinninopettajien sivuilla<\/a>.<\/p>","protected":false},"excerpt":{"rendered":"<p>Mit\u00e4? TRIP j\u00e4rjest\u00e4\u00e4 kev\u00e4isin navigointikursseja ja -tenttej\u00e4 Suomen Navigoinninopettajien kurssij\u00e4rjestelm\u00e4n mukaisesti. Kurssien sis\u00e4ll\u00f6st\u00e4 ja opettamisesta vastaavat Suomen Navigoinninopettajien auktorisoimat vastuuopettajat yhdess\u00e4 opettajien sek\u00e4 apuopettajien kanssa.\u00a0 \u00a0 Navigointi 1 -kurssit (Sis\u00e4vedet ja It\u00e4meri) (FIN+ENG) Navigointi 1 -kurssi on navigoinnin teorian ja vesiliikenteen s\u00e4\u00e4d\u00f6sten alkeiskurssi. Opit l\u00f6yt\u00e4m\u00e4\u00e4n tiesi oikeiden viittojen v\u00e4list\u00e4, ottamaan &hellip;<\/p>\n","protected":false},"author":1,"featured_media":7364,"parent":229,"menu_order":0,"comment_status":"closed","ping_status":"closed","template":"","meta":{"footnotes":""},"_links":{"self":[{"href":"https:\/\/teekkaripurjehtijat.fi\/wordpress\/index.php?rest_route=\/wp\/v2\/pages\/211"}],"collection":[{"href":"https:\/\/teekkaripurjehtijat.fi\/wordpress\/index.php?rest_route=\/wp\/v2\/pages"}],"about":[{"href":"https:\/\/teekkaripurjehtijat.fi\/wordpress\/index.php?rest_route=\/wp\/v2\/types\/page"}],"author":[{"embeddable":true,"href":"https:\/\/teekkaripurjehtijat.fi\/wordpress\/index.php?rest_route=\/wp\/v2\/users\/1"}],"replies":[{"embeddable":true,"href":"https:\/\/teekkaripurjehtijat.fi\/wordpress\/index.php?rest_route=%2Fwp%2Fv2%2Fcomments&post=211"}],"version-history":[{"count":640,"href":"https:\/\/teekkaripurjehtijat.fi\/wordpress\/index.php?rest_route=\/wp\/v2\/pages\/211\/revisions"}],"predecessor-version":[{"id":8517,"href":"https:\/\/teekkaripurjehtijat.fi\/wordpress\/index.php?rest_route=\/wp\/v2\/pages\/211\/revisions\/8517"}],"up":[{"embeddable":true,"href":"https:\/\/teekkaripurjehtijat.fi\/wordpress\/index.php?rest_route=\/wp\/v2\/pages\/229"}],"wp:featuredmedia":[{"embeddable":true,"href":"https:\/\/teekkaripurjehtijat.fi\/wordpress\/index.php?rest_route=\/wp\/v2\/media\/7364"}],"wp:attachment":[{"href":"https:\/\/teekkaripurjehtijat.fi\/wordpress\/index.php?rest_route=%2Fwp%2Fv2%2Fmedia&parent=211"}],"curies":[{"name":"wp","href":"https:\/\/api.w.org\/{rel}","templated":true}]}}