{"id":209,"date":"2012-03-25T15:01:46","date_gmt":"2012-03-25T13:01:46","guid":{"rendered":"http:\/\/trip.ayy.fi\/wordpress\/?page_id=209"},"modified":"2016-01-05T12:35:59","modified_gmt":"2016-01-05T10:35:59","slug":"laivurikurssit","status":"publish","type":"page","link":"https:\/\/teekkaripurjehtijat.fi\/wordpress\/?page_id=209","title":{"rendered":"Laivurikurssit"},"content":{"rendered":"<p>Teekkaripurjehtijat j\u00e4rjest\u00e4\u00e4 Saaristo- ja Rannikkolaivurikurssit seuraavan kerran kev\u00e4\u00e4ll\u00e4 2016. Kurssit alkavat helmikuussa.<\/p>\n<p><a title=\"Saaristolaivurikurssi 2014\" href=\"https:\/\/teekkaripurjehtijat.fi\/wordpress\/?page_id=211\">Saaristolaivurikurssi<\/a> on navigoinnin ja vesiliikenteen s\u00e4\u00e4d\u00f6sten alkeiskurssi. Opit l\u00f6yt\u00e4m\u00e4\u00e4n tiesi oikeiden viittojen v\u00e4list\u00e4, ottamaan suuntia kartalta ja tunnistamaan muita aluksia valojen perusteella. Opetus alkaa perusteista, joten esitietoja ei tarvita.<\/p>\n<p>My\u00f6hemmin voit jatkaa opintojasi <a title=\"Rannikkolaivurikurssi 2014\" href=\"https:\/\/teekkaripurjehtijat.fi\/wordpress\/?page_id=214\">rannikkolaivurikurssilla<\/a>, jossa mukaan tulevat mm. vuorovesi, s\u00e4\u00e4oppi ja tutkan k\u00e4ytt\u00f6. Voit my\u00f6s halutessasi k\u00e4yd\u00e4 molemmat kurssit samaan aikaan. Kurssien p\u00e4\u00e4tteeksi voit suorittaa tentill\u00e4 saaristo- ja rannikkolaivuritutkinnot. Niit\u00e4 tarvitset kansainv\u00e4list\u00e4 huviveneen kuljettajan kirjaa varten.<\/p>\n<p>Tripin erikoisuutena on ett\u00e4 kurssit on mahdollista suorittaa yht\u00e4aikaa. Mutta t\u00e4ll\u00f6in tulee ottaa huomioon ett\u00e4 samassa tenttitilaisuudessa tulee ehti\u00e4 tehd\u00e4 molempien kurssien tentit, joten k\u00e4sitelt\u00e4v\u00e4t asiat kannattaa olla hyvin hallussa.<\/p>\n<p>Avomerikurssia emme valitettavasti j\u00e4rjest\u00e4. K\u00e4\u00e4nny Suomen Navigaatioliiton puoleen t\u00e4ss\u00e4 asiassa.<\/p>\n","protected":false},"excerpt":{"rendered":"<p>Teekkaripurjehtijat j\u00e4rjest\u00e4\u00e4 Saaristo- ja Rannikkolaivurikurssit seuraavan kerran kev\u00e4\u00e4ll\u00e4 2016. Kurssit alkavat helmikuussa. Saaristolaivurikurssi on navigoinnin ja vesiliikenteen s\u00e4\u00e4d\u00f6sten alkeiskurssi. Opit l\u00f6yt\u00e4m\u00e4\u00e4n tiesi oikeiden viittojen v\u00e4list\u00e4, ottamaan suuntia kartalta ja tunnistamaan muita aluksia valojen perusteella. Opetus alkaa perusteista, joten esitietoja ei tarvita. My\u00f6hemmin voit jatkaa opintojasi rannikkolaivurikurssilla, jossa mukaan tulevat mm. &hellip;<\/p>\n","protected":false},"author":1,"featured_media":539,"parent":229,"menu_order":0,"comment_status":"closed","ping_status":"closed","template":"","meta":{"footnotes":""},"_links":{"self":[{"href":"https:\/\/teekkaripurjehtijat.fi\/wordpress\/index.php?rest_route=\/wp\/v2\/pages\/209"}],"collection":[{"href":"https:\/\/teekkaripurjehtijat.fi\/wordpress\/index.php?rest_route=\/wp\/v2\/pages"}],"about":[{"href":"https:\/\/teekkaripurjehtijat.fi\/wordpress\/index.php?rest_route=\/wp\/v2\/types\/page"}],"author":[{"embeddable":true,"href":"https:\/\/teekkaripurjehtijat.fi\/wordpress\/index.php?rest_route=\/wp\/v2\/users\/1"}],"replies":[{"embeddable":true,"href":"https:\/\/teekkaripurjehtijat.fi\/wordpress\/index.php?rest_route=%2Fwp%2Fv2%2Fcomments&post=209"}],"version-history":[{"count":15,"href":"https:\/\/teekkaripurjehtijat.fi\/wordpress\/index.php?rest_route=\/wp\/v2\/pages\/209\/revisions"}],"predecessor-version":[{"id":2464,"href":"https:\/\/teekkaripurjehtijat.fi\/wordpress\/index.php?rest_route=\/wp\/v2\/pages\/209\/revisions\/2464"}],"up":[{"embeddable":true,"href":"https:\/\/teekkaripurjehtijat.fi\/wordpress\/index.php?rest_route=\/wp\/v2\/pages\/229"}],"wp:featuredmedia":[{"embeddable":true,"href":"https:\/\/teekkaripurjehtijat.fi\/wordpress\/index.php?rest_route=\/wp\/v2\/media\/539"}],"wp:attachment":[{"href":"https:\/\/teekkaripurjehtijat.fi\/wordpress\/index.php?rest_route=%2Fwp%2Fv2%2Fmedia&parent=209"}],"curies":[{"name":"wp","href":"https:\/\/api.w.org\/{rel}","templated":true}]}}