{"id":184,"date":"2012-03-25T14:27:41","date_gmt":"2012-03-25T12:27:41","guid":{"rendered":"http:\/\/trip.ayy.fi\/wordpress\/?page_id=184"},"modified":"2024-02-21T11:03:30","modified_gmt":"2024-02-21T09:03:30","slug":"sahkopostilistat","status":"publish","type":"page","link":"https:\/\/teekkaripurjehtijat.fi\/wordpress\/?page_id=184","title":{"rendered":"Tiedotuskanavat"},"content":{"rendered":"<p>Kerhon tiedotus hoidetaan s\u00e4hk\u00f6postiryhmill\u00e4 ja Slackissa. Kaikki j\u00e4senet ovat automaattisesti j\u00e4senten s\u00e4hk\u00f6postilistalla, jonka seuraaminen on t\u00e4rke\u00e4\u00e4 toiminnassa mukana olevalle. Meid\u00e4t l\u00f6yt\u00e4\u00e4 my\u00f6s <a href=\"https:\/\/www.facebook.com\/Teekkaripurjehtijat\" target=\"_blank\" rel=\"noopener\">Facebookista<\/a> ja <a href=\"https:\/\/www.instagram.com\/teekkaripurjehtijat\/\" target=\"_blank\" rel=\"noopener\">Instagramista<\/a>!<\/p>\n<p>Yhdistyksen s\u00e4hk\u00f6postidomain on [a] teekkaripurjehtijat.fi. K\u00e4yt\u00e4mme yhdistyksess\u00e4 aktiviisesi Slackia. J\u00e4seneksi liittymisen yhteydess\u00e4 saat ohjeet miten p\u00e4\u00e4set sinne!<\/p>\n<p><strong>Hallitus<\/strong><br \/>\nT\u00e4m\u00e4 lista on Teekkaripurjehtijoiden virallinen s\u00e4hk\u00f6postiosoite. Lista on samalla hallituksen ja toimihenkil\u00f6iden yhteinen s\u00e4hk\u00f6postilista. \u00c4l\u00e4 ep\u00e4r\u00f6i l\u00e4hesty\u00e4 hallitusta t\u00e4m\u00e4n listan kautta jos v\u00e4h\u00e4nkin silt\u00e4 tuntuu..<\/p>\n<p><strong>Jasenet<\/strong><br \/>\nT\u00e4m\u00e4 lista on Tripin virallinen ilmoituskanava. Siihen l\u00e4hetet\u00e4\u00e4n tarkat tiedot kaikista yhteispurjehduksista ja tapahtumista. J\u00e4senten (<a title=\"J\u00e4seneksi\" href=\"https:\/\/teekkaripurjehtijat.fi\/wordpress\/?page_id=178\">tietoa j\u00e4seneksi liittymisest\u00e4<\/a>) on mahdollista rekister\u00f6ity\u00e4 ryhm\u00e4\u00e4n <a href=\"https:\/\/docs.google.com\/forms\/d\/e\/1FAIpQLScGN1bpmrZGonl0Q2b6Us7GOpS_T4qSYmIPi8bKUHnxtCHmMg\/viewform\">t\u00e4ll\u00e4 lomakkeella<\/a>.<\/p>\n<p><strong>Info<br \/>\n<\/strong>TRIPin toiminnasta kiinnostuneet, jotka eiv\u00e4t halua (viel\u00e4) liitty\u00e4 j\u00e4seneksi, voivat liitty\u00e4 Info-ryhm\u00e4\u00e4n. T\u00e4h\u00e4n ryhm\u00e4\u00e4n l\u00e4hetet\u00e4\u00e4n yleist\u00e4 tietoa Teekkaripurjehtijoiden toiminnasta. My\u00f6s tietoa monista tapahtumista, joita on hyv\u00e4 mainostaa tulevillekin j\u00e4senille, kuten laivurikurssit. Pelk\u00e4st\u00e4\u00e4n j\u00e4senille tarkoitetusta toiminnasta, kuten j\u00e4senpurjehduksista, ei t\u00e4ss\u00e4 ryhm\u00e4ss\u00e4 kuitenkaan ilmoiteta.<\/p>\n<p>Kuka tahansa voi tulla Info-ryhm\u00e4\u00e4n k\u00e4ytt\u00e4m\u00e4ll\u00e4 <a href=\"https:\/\/docs.google.com\/forms\/d\/e\/1FAIpQLScGN1bpmrZGonl0Q2b6Us7GOpS_T4qSYmIPi8bKUHnxtCHmMg\/viewform\">t\u00e4t\u00e4 lomakketta<\/a>. Kerhon ulkopuolisilla ei ole l\u00e4hetysoikeutta ryhm\u00e4\u00e4n.<\/p>\n<p>Info-ryhm\u00e4 l\u00f6ytyy nyt my\u00f6s Telegramista, voit liitty\u00e4 ryhm\u00e4\u00e4n <a href=\"https:\/\/t.me\/+FyY_ct17P2c3OTE0\" target=\"_blank\" rel=\"noopener\">t\u00e4\u00e4lt\u00e4<\/a>. Ryhm\u00e4 on tarkoitettu vain ilmoituksille, joten vain yll\u00e4pit\u00e4j\u00e4t voivat l\u00e4hett\u00e4\u00e4 viestej\u00e4.<\/p>\n<p><strong>Kipparit<\/strong><br \/>\nMatkaveneist\u00e4 ja niiden k\u00e4yt\u00f6st\u00e4 tiedotetaan ja keskustellaan tarkemmin kipparit -ryhm\u00e4ss\u00e4. Mm. havaitut viat raportoidaan t\u00e4\u00e4ll\u00e4 muillekin k\u00e4ytt\u00e4jille. Ryhm\u00e4ss\u00e4 ovat kaikki kipparit, hallitus ja toimihenkil\u00f6t sek\u00e4 l\u00e4hes kaikki veneit\u00e4 itselleen varaavat j\u00e4senet. My\u00f6s muut trip-aktiivit tai sellaiseksi aikovat ovat eritt\u00e4in tervetulleita.<\/p>\n<p>T\u00e4m\u00e4 lista on vain j\u00e4senille, voit liitty\u00e4 siihen k\u00e4ytt\u00e4m\u00e4ll\u00e4 <a href=\"https:\/\/docs.google.com\/forms\/d\/e\/1FAIpQLScGN1bpmrZGonl0Q2b6Us7GOpS_T4qSYmIPi8bKUHnxtCHmMg\/viewform\">t\u00e4t\u00e4 lomakketta<\/a>.<\/p>\n<p><strong>Kevytveneet<\/strong><br \/>\nT\u00e4m\u00e4 ryhm\u00e4 on tarkoitettu niille, jotka haluavat keskustella kevytveneiden tilanteesta, eiv\u00e4tk\u00e4 halua sp\u00e4mm\u00e4t\u00e4 muita listoja. Ryhm\u00e4 on viel\u00e4 aluillaan mutta kaikki j\u00e4senet voivat halutessaan liitty\u00e4 siihen k\u00e4ytt\u00e4m\u00e4ll\u00e4 <a href=\"https:\/\/docs.google.com\/forms\/d\/e\/1FAIpQLScGN1bpmrZGonl0Q2b6Us7GOpS_T4qSYmIPi8bKUHnxtCHmMg\/viewform\">t\u00e4t\u00e4 lomakketta<\/a>.<\/p>\n<p><strong>Toimihenkilot<\/strong><br \/>\nT\u00e4m\u00e4 ryhm\u00e4 sis\u00e4lt\u00e4\u00e4 teekkaripurjehtijoitten aktiiviset toimihenkil\u00f6t. Tapahtumien j\u00e4rjestelyn koordinaatioon ja muuhun vastaavaan tarkoitettu ryhm\u00e4, joka ei sp\u00e4mm\u00e4\u00e4 muita listoja. My\u00f6s Slackissa on oma kanava toimihenkil\u00f6ille ym. Jos olet kiinnostunut tapahtumien j\u00e4rjest\u00e4misest\u00e4 tai muutoin haluat aktivoitua, suosittelemme Slackia. T\u00e4m\u00e4 ryhm\u00e4 on viel\u00e4 aluillaan mutta kaikki j\u00e4senet voivat liitty\u00e4 k\u00e4ytt\u00e4m\u00e4ll\u00e4 <a href=\"https:\/\/docs.google.com\/forms\/d\/e\/1FAIpQLScGN1bpmrZGonl0Q2b6Us7GOpS_T4qSYmIPi8bKUHnxtCHmMg\/viewform\">t\u00e4t\u00e4 lomakketta<\/a>.<\/p>\n<p><strong>Alumnit<\/strong><br \/>\nS\u00e4hk\u00f6postilista suunnattu aiemmille j\u00e4senille, jotka haluavat satunnaisesti pysy\u00e4 ajan tasalla TRIPin toiminnasta. Kutsut avoimiin tapahtumiin, kuten Vuosijuhliin, l\u00e4hetet\u00e4\u00e4n t\u00e4lle postituslistalle.<br \/>\nLiity listalle t\u00e4ytt\u00e4m\u00e4ll\u00e4 <a href=\"https:\/\/docs.google.com\/forms\/d\/e\/1FAIpQLScGN1bpmrZGonl0Q2b6Us7GOpS_T4qSYmIPi8bKUHnxtCHmMg\/viewform\">t\u00e4m\u00e4 lomake<\/a>.<\/p>\n<p><strong>Trip-projekti<br \/>\n<\/strong>Veneiden suurempien remonttien ja kerhon rakenteluprojektien keskustelukanava.<\/p>\n<p><strong>Facebook-ryhm\u00e4<br \/>\n<\/strong><a href=\"https:\/\/www.facebook.com\/groups\/5215414759\/\">https:\/\/www.facebook.com\/groups\/5215414759\/<\/a><\/p>\n","protected":false},"excerpt":{"rendered":"<p>Kerhon tiedotus hoidetaan s\u00e4hk\u00f6postiryhmill\u00e4 ja Slackissa. Kaikki j\u00e4senet ovat automaattisesti j\u00e4senten s\u00e4hk\u00f6postilistalla, jonka seuraaminen on t\u00e4rke\u00e4\u00e4 toiminnassa mukana olevalle. Meid\u00e4t l\u00f6yt\u00e4\u00e4 my\u00f6s Facebookista ja Instagramista! Yhdistyksen s\u00e4hk\u00f6postidomain on [a] teekkaripurjehtijat.fi. K\u00e4yt\u00e4mme yhdistyksess\u00e4 aktiviisesi Slackia. J\u00e4seneksi liittymisen yhteydess\u00e4 saat ohjeet miten p\u00e4\u00e4set sinne! Hallitus T\u00e4m\u00e4 lista on Teekkaripurjehtijoiden virallinen s\u00e4hk\u00f6postiosoite. Lista &hellip;<\/p>\n","protected":false},"author":1,"featured_media":7364,"parent":34,"menu_order":0,"comment_status":"closed","ping_status":"closed","template":"","meta":{"footnotes":""},"_links":{"self":[{"href":"https:\/\/teekkaripurjehtijat.fi\/wordpress\/index.php?rest_route=\/wp\/v2\/pages\/184"}],"collection":[{"href":"https:\/\/teekkaripurjehtijat.fi\/wordpress\/index.php?rest_route=\/wp\/v2\/pages"}],"about":[{"href":"https:\/\/teekkaripurjehtijat.fi\/wordpress\/index.php?rest_route=\/wp\/v2\/types\/page"}],"author":[{"embeddable":true,"href":"https:\/\/teekkaripurjehtijat.fi\/wordpress\/index.php?rest_route=\/wp\/v2\/users\/1"}],"replies":[{"embeddable":true,"href":"https:\/\/teekkaripurjehtijat.fi\/wordpress\/index.php?rest_route=%2Fwp%2Fv2%2Fcomments&post=184"}],"version-history":[{"count":15,"href":"https:\/\/teekkaripurjehtijat.fi\/wordpress\/index.php?rest_route=\/wp\/v2\/pages\/184\/revisions"}],"predecessor-version":[{"id":7613,"href":"https:\/\/teekkaripurjehtijat.fi\/wordpress\/index.php?rest_route=\/wp\/v2\/pages\/184\/revisions\/7613"}],"up":[{"embeddable":true,"href":"https:\/\/teekkaripurjehtijat.fi\/wordpress\/index.php?rest_route=\/wp\/v2\/pages\/34"}],"wp:featuredmedia":[{"embeddable":true,"href":"https:\/\/teekkaripurjehtijat.fi\/wordpress\/index.php?rest_route=\/wp\/v2\/media\/7364"}],"wp:attachment":[{"href":"https:\/\/teekkaripurjehtijat.fi\/wordpress\/index.php?rest_route=%2Fwp%2Fv2%2Fmedia&parent=184"}],"curies":[{"name":"wp","href":"https:\/\/api.w.org\/{rel}","templated":true}]}}