{"id":178,"date":"2012-03-25T14:18:57","date_gmt":"2012-03-25T12:18:57","guid":{"rendered":"http:\/\/trip.ayy.fi\/wordpress\/?page_id=178"},"modified":"2026-03-28T12:16:29","modified_gmt":"2026-03-28T10:16:29","slug":"jaseneksi","status":"publish","type":"page","link":"https:\/\/teekkaripurjehtijat.fi\/wordpress\/?page_id=178","title":{"rendered":"J\u00e4seneksi"},"content":{"rendered":"<p align=\"left\">In English below.<\/p>\n<p align=\"left\">Voit liitty\u00e4 kerhon j\u00e4seneksi t\u00e4ytt\u00e4m\u00e4ll\u00e4 oheisen j\u00e4senhakemuksen. Lomakkeen t\u00e4ytt\u00e4misen j\u00e4lkeen saat s\u00e4hk\u00f6postissa vahvistuslinkin. Vahvistettuasi s\u00e4hk\u00f6postisi sinulle tehd\u00e4\u00e4n tili <a href=\"https:\/\/spv.fi\">Suomen Purjehdus ja Veneily ry<\/a> rekisteriin Suuliin ja s\u00e4hk\u00f6postisi liitet\u00e4\u00e4n Teekkaripurjehtijoiden viralliselle s\u00e4hk\u00f6postilistalle trip-jas (list.ayy.fi). Vain j\u00e4senmaksun maksaneet ovat oikeutettuja j\u00e4senten etuihin kuten yhteispurjehduksiin.<\/p>\n<p>J\u00e4senen\u00e4 voit osallistua kaikille TRIPin yhteisille purjehduksille (yhteis- ja kisapurjehdukset), navigointikursseille ja kauden tapahtumiin.<\/p>\n<p>Yhdistyksen j\u00e4senet liittyv\u00e4t tammikuusta 2016 alkaen automaattisesti my\u00f6s Suomen Purjehdus ja Veneily ry:n (SPV) j\u00e4seniksi. SPV:n j\u00e4senmaksu sis\u00e4ltyy Teekkaripurjehtijat ry j\u00e4senmaksuun. SPV:n j\u00e4senen\u00e4 saat tapaturmavakuutuksen purjehdustoimintaan ja Nautic-lehden kotiisi. Voit tutustua SPV:n j\u00e4senetuihin osoitteessa\u00a0<a href=\"http:\/\/spv.fi\/teema\/jasenedut\/\" target=\"_blank\" rel=\"noopener noreferrer\">http:\/\/spv.fi\/teema\/jasenedut\/<\/a><\/p>\n<p><a title=\"S\u00e4\u00e4nn\u00f6t\" href=\"https:\/\/teekkaripurjehtijat.fi\/wordpress\/?page_id=186\">Yhdistyksen viralliset s\u00e4\u00e4nn\u00f6t.<\/a><\/p>\n<p><strong>Teekkaripurjehtijat Ry:n j\u00e4senmaksut: Vuosi 2026<\/strong><\/p>\n<p>AYY:n j\u00e4senet: 35 \u20ac<br \/>\nMuut opiskelijat: 45 \u20ac<br \/>\nValmistuneet tai muut ei-opiskelijat: 75 \u20ac<\/p>\n<p>J\u00e4senmaksusta on vapautettu edellisen vuoden syys-joulukuussa j\u00e4seniksi liittyneet uudet j\u00e4senet, jotka ovat tuolloin maksaneet p\u00e4\u00e4ttyneen vuoden j\u00e4senmaksun.<\/p>\n<p><strong>Vanhojen j\u00e4senten j\u00e4senmaksut laskutetaan helmikuussa.<\/strong><\/p>\n<h1>Membership<\/h1>\n<p>You can become a member of the club by filling out the attached membership application. After submitting the filled form, you will receive a confirmation link in the email. After confirming your email, you will be added to <a href=\"https:\/\/spv.fi\">Suomen Purjehdus ja Veneily ry<\/a> register in Suuli, and your email will be added to the Teekkaripurjehtijat official email list trip-jas (list.ayy.fi). Only those who have paid the membership fee are entitled to member benefits such as common sailings.<\/p>\n<p>As a member, you can participate in all TRIP&#8217;s common sailings (common and competitive sailings), navigation courses and seasonal events.<\/p>\n<p>From January 2016, the members of the association will also automatically become members of Suomen Purjehdus ja Veneily ry (SPV). The SPV membership fee is included in the Teekkaripurjehtijat ry membership fee. As a member of SPV, you get accident insurance for sailing activities and Nautic magazine to your home. You can familiarize yourself with SPV&#8217;s member benefits at <a href=\"http:\/\/spv.fi\/teema\/jasenedut\/\">http:\/\/spv.fi\/teema\/jasenedut\/<\/a>.<\/p>\n<p><a href=\"https:\/\/teekkaripurjehtijat.fi\/wordpress\/?page_id=186\">Official rules of the association<\/a>.<\/p>\n<p><strong>Teekkaripurjehtijat Ry membership fees: Year 2026<\/strong><\/p>\n<p>AYY members: 35 \u20ac<br \/>\nOther students: 45 \u20ac<br \/>\nGraduates or other non-students: 75 \u20ac<\/p>\n<p>New members who joined in September-December of the previous year and have paid the membership fee for the past year are exempted from the membership fee.<\/p>\n<p><strong>Membership fees for old members are billed in February.<\/strong><\/p>\n<p><iframe loading=\"lazy\" src=\"https:\/\/docs.google.com\/forms\/d\/e\/1FAIpQLSe3O79NkjgtpULGzgft9m7G598Gcc32976Bg6x_ly7OpxjEpA\/viewform?embedded=true\" width=\"680\" height=\"3100\" frameborder=\"0\" marginwidth=\"0\" marginheight=\"0\">Loading&#8230;<\/iframe><\/p>\n","protected":false},"excerpt":{"rendered":"<p>In English below. Voit liitty\u00e4 kerhon j\u00e4seneksi t\u00e4ytt\u00e4m\u00e4ll\u00e4 oheisen j\u00e4senhakemuksen. Lomakkeen t\u00e4ytt\u00e4misen j\u00e4lkeen saat s\u00e4hk\u00f6postissa vahvistuslinkin. Vahvistettuasi s\u00e4hk\u00f6postisi sinulle tehd\u00e4\u00e4n tili Suomen Purjehdus ja Veneily ry rekisteriin Suuliin ja s\u00e4hk\u00f6postisi liitet\u00e4\u00e4n Teekkaripurjehtijoiden viralliselle s\u00e4hk\u00f6postilistalle trip-jas (list.ayy.fi). Vain j\u00e4senmaksun maksaneet ovat oikeutettuja j\u00e4senten etuihin kuten yhteispurjehduksiin. J\u00e4senen\u00e4 voit osallistua kaikille TRIPin &hellip;<\/p>\n","protected":false},"author":1,"featured_media":7364,"parent":175,"menu_order":0,"comment_status":"closed","ping_status":"closed","template":"","meta":{"footnotes":""},"_links":{"self":[{"href":"https:\/\/teekkaripurjehtijat.fi\/wordpress\/index.php?rest_route=\/wp\/v2\/pages\/178"}],"collection":[{"href":"https:\/\/teekkaripurjehtijat.fi\/wordpress\/index.php?rest_route=\/wp\/v2\/pages"}],"about":[{"href":"https:\/\/teekkaripurjehtijat.fi\/wordpress\/index.php?rest_route=\/wp\/v2\/types\/page"}],"author":[{"embeddable":true,"href":"https:\/\/teekkaripurjehtijat.fi\/wordpress\/index.php?rest_route=\/wp\/v2\/users\/1"}],"replies":[{"embeddable":true,"href":"https:\/\/teekkaripurjehtijat.fi\/wordpress\/index.php?rest_route=%2Fwp%2Fv2%2Fcomments&post=178"}],"version-history":[{"count":30,"href":"https:\/\/teekkaripurjehtijat.fi\/wordpress\/index.php?rest_route=\/wp\/v2\/pages\/178\/revisions"}],"predecessor-version":[{"id":8567,"href":"https:\/\/teekkaripurjehtijat.fi\/wordpress\/index.php?rest_route=\/wp\/v2\/pages\/178\/revisions\/8567"}],"up":[{"embeddable":true,"href":"https:\/\/teekkaripurjehtijat.fi\/wordpress\/index.php?rest_route=\/wp\/v2\/pages\/175"}],"wp:featuredmedia":[{"embeddable":true,"href":"https:\/\/teekkaripurjehtijat.fi\/wordpress\/index.php?rest_route=\/wp\/v2\/media\/7364"}],"wp:attachment":[{"href":"https:\/\/teekkaripurjehtijat.fi\/wordpress\/index.php?rest_route=%2Fwp%2Fv2%2Fmedia&parent=178"}],"curies":[{"name":"wp","href":"https:\/\/api.w.org\/{rel}","templated":true}]}}