{"id":175,"date":"2012-03-25T14:16:12","date_gmt":"2012-03-25T12:16:12","guid":{"rendered":"http:\/\/trip.ayy.fi\/wordpress\/?page_id=175"},"modified":"2021-01-31T22:36:22","modified_gmt":"2021-01-31T20:36:22","slug":"yleinen-esittely","status":"publish","type":"page","link":"https:\/\/teekkaripurjehtijat.fi\/wordpress\/?page_id=175","title":{"rendered":"Kerhon lyhyt esittely"},"content":{"rendered":"<p>Kiinnostaako reipas merimiesel\u00e4m\u00e4, purjehduksen jalot taidot tai kenties mukava veneilyseura? Pid\u00e4tk\u00f6 tiikki\u00f6ljyn hajusta, ankkuriketjun kolinasta taikka saariston luonnosta? Oletpa sitten kaiken kokenut merikarhu tai tavallinen maakrapu, Teekkaripurjehtijat on juuri sinua varten!<\/p>\n<p>Teekkaripurjehtijat eli lyhyesti TRIP on vuonna 1951 perustettu akateemisten opiskelijoiden purjehdusseura, joka tarjoaa kaikenlaista toimintaa merellisten aktiviteettien parissa. J\u00e4senist\u00f6mme koostuu p\u00e4\u00e4osin teekkareista, mutta muutkin opiskelijat ovat toki tervetulleita.<\/p>\n<p>TRIP omistaa viisi\u00a0purjevenett\u00e4 (matkaveneet ElecTrip:n, GinTrip:n ja Trip Tonic:n sek\u00e4 kevytveneet Pinkee ja Flipper Scow), jotka ovat koko kes\u00e4n j\u00e4senist\u00f6mme ahkerassa k\u00e4yt\u00f6ss\u00e4. Kunnostuksilla pid\u00e4mme venekantamme kunnossa ja mm. tempauksissa eli ulkopuolisille tehdyiss\u00e4 talkoissa saaduilla rahoilla aika ajoin uusimme kalustoamme.<\/p>\n<p>Varsinaisen purjehduskauden ulkopuolella toimintamme sis\u00e4lt\u00e4\u00e4 saunailtoja, venemessuja ja excursioita. Kev\u00e4isin j\u00e4rjest\u00e4mme navigaatiokursseja, joilla opittuja taitoja voi sitten kes\u00e4ll\u00e4 harjoitella veneill\u00e4mme. Kev\u00e4isin alkavat my\u00f6s veneiden kunnostukset ja purjehduskausi avataan perinteisesti Wappuaattona. Alkukes\u00e4t\u00e4 kaikki veneet ovat purjehduskoulu k\u00e4yt\u00f6ss\u00e4 ja vuosittain purjehtija- ja per\u00e4mieskursseille mahtuu nelisenkymment\u00e4 kurssilaista.<\/p>\n<p>Purjehduskauden happeningeissa, kuten Espoo-Suursaari Racessa, Hangon regatassa ja Helsinki-Tallinna Racessa muistutamme muuta purjehduseliitti\u00e4 olemassaolostamme.<\/p>\n<p>Hangon regatan j\u00e4lkeen on ollut tapana l\u00e4hte\u00e4 pitk\u00e4lle purjehdukselle, joka yleens\u00e4 suuntautuu l\u00e4nsi- ja etel\u00e4naapuriemme vesille. Pidempi\u00a0purjehdus mahdollistaa tutustumisen Helsinki\u00e4 kaukaisempiin vesiin. Veneiden vaihtopaikat ja purjehduksen kohde sovitaan kippareiden kesken.<\/p>\n<p>Syksyll\u00e4 j\u00e4rjest\u00e4mme esittelypurjehduksia, joiden tarkoituksena on tutustuttaa opiskelijoita purjehduksen iloihin ja saada tuoretta verta toimintaamme. Mik\u00e4li haluat oppia uuden harrastuksen tai olet jo vannoutunut purjehduksen yst\u00e4v\u00e4, hypp\u00e4\u00e4 messiin!<\/p>\n<p>Lis\u00e4tietoja l\u00f6yd\u00e4t tutkimalla sivujamme tai l\u00e4hett\u00e4m\u00e4ll\u00e4 s\u00e4hk\u00f6postia osoitteeseen hallitus(a)teekkaripurjehtijat.fi. <a title=\"Materiaalipankki\" href=\"https:\/\/teekkaripurjehtijat.fi\/wordpress\/?page_id=465\">Materiaalipankki<\/a>\u00a0sis\u00e4lt\u00e4\u00e4 kerhon s\u00e4\u00e4nn\u00f6t ja muuta hy\u00f6dyllist\u00e4.<\/p>\n<p><a title=\"J\u00e4seneksi\" href=\"https:\/\/teekkaripurjehtijat.fi\/wordpress\/?page_id=178\"><strong>Liity j\u00e4seneksi<\/strong><\/a><\/p>\n","protected":false},"excerpt":{"rendered":"<p>Kiinnostaako reipas merimiesel\u00e4m\u00e4, purjehduksen jalot taidot tai kenties mukava veneilyseura? Pid\u00e4tk\u00f6 tiikki\u00f6ljyn hajusta, ankkuriketjun kolinasta taikka saariston luonnosta? Oletpa sitten kaiken kokenut merikarhu tai tavallinen maakrapu, Teekkaripurjehtijat on juuri sinua varten! Teekkaripurjehtijat eli lyhyesti TRIP on vuonna 1951 perustettu akateemisten opiskelijoiden purjehdusseura, joka tarjoaa kaikenlaista toimintaa merellisten aktiviteettien parissa. J\u00e4senist\u00f6mme &hellip;<\/p>\n","protected":false},"author":1,"featured_media":1409,"parent":34,"menu_order":2,"comment_status":"closed","ping_status":"closed","template":"","meta":{"footnotes":""},"_links":{"self":[{"href":"https:\/\/teekkaripurjehtijat.fi\/wordpress\/index.php?rest_route=\/wp\/v2\/pages\/175"}],"collection":[{"href":"https:\/\/teekkaripurjehtijat.fi\/wordpress\/index.php?rest_route=\/wp\/v2\/pages"}],"about":[{"href":"https:\/\/teekkaripurjehtijat.fi\/wordpress\/index.php?rest_route=\/wp\/v2\/types\/page"}],"author":[{"embeddable":true,"href":"https:\/\/teekkaripurjehtijat.fi\/wordpress\/index.php?rest_route=\/wp\/v2\/users\/1"}],"replies":[{"embeddable":true,"href":"https:\/\/teekkaripurjehtijat.fi\/wordpress\/index.php?rest_route=%2Fwp%2Fv2%2Fcomments&post=175"}],"version-history":[{"count":14,"href":"https:\/\/teekkaripurjehtijat.fi\/wordpress\/index.php?rest_route=\/wp\/v2\/pages\/175\/revisions"}],"predecessor-version":[{"id":4015,"href":"https:\/\/teekkaripurjehtijat.fi\/wordpress\/index.php?rest_route=\/wp\/v2\/pages\/175\/revisions\/4015"}],"up":[{"embeddable":true,"href":"https:\/\/teekkaripurjehtijat.fi\/wordpress\/index.php?rest_route=\/wp\/v2\/pages\/34"}],"wp:featuredmedia":[{"embeddable":true,"href":"https:\/\/teekkaripurjehtijat.fi\/wordpress\/index.php?rest_route=\/wp\/v2\/media\/1409"}],"wp:attachment":[{"href":"https:\/\/teekkaripurjehtijat.fi\/wordpress\/index.php?rest_route=%2Fwp%2Fv2%2Fmedia&parent=175"}],"curies":[{"name":"wp","href":"https:\/\/api.w.org\/{rel}","templated":true}]}}