{"id":163,"date":"2012-03-25T13:53:41","date_gmt":"2012-03-25T11:53:41","guid":{"rendered":"http:\/\/trip.ayy.fi\/wordpress\/?page_id=163"},"modified":"2024-03-18T16:48:28","modified_gmt":"2024-03-18T14:48:28","slug":"otaniemen-venekerho","status":"publish","type":"page","link":"https:\/\/teekkaripurjehtijat.fi\/wordpress\/?page_id=163","title":{"rendered":"Otaniemen Venekerho"},"content":{"rendered":"<p>TRIP:in veneet talvehtivat OV:n telakalla Otaniemess\u00e4. Kev\u00e4t- ja syyskunnostukset tehd\u00e4\u00e4n p\u00e4\u00e4osin OV:lla. Telakka sijaitsee Otaniemen urheilukent\u00e4n l\u00e4heisyydess\u00e4, suunnilleen hotelli Radisson Blu:n (ent.Rivoli) ja Rantsun puolessa v\u00e4liss\u00e4. Autolla paikalle p\u00e4\u00e4see k\u00e4\u00e4ntym\u00e4ll\u00e4 Otakaarelta hotellille ja ajamalla Rantatien p\u00e4\u00e4h\u00e4n. OV:lle p\u00e4\u00e4see my\u00f6s julkisilla kulkuv\u00e4lineill\u00e4. Se on noin 10 minuutin k\u00e4velymatkan p\u00e4\u00e4ss\u00e4 Aalto-yliopiston metroasemalta, kevyt raitiolinja 15:lt\u00e4 sek\u00e4 busseilta 510, 52 ja 111.<\/p>\n<p>Venekerho on kartan kohdassa &#8220;A&#8221;. Klikkaamalla nuolta voit hakea ajo-ohjeet venekerholle haluamastasi paikasta.<\/p>\n<p><iframe loading=\"lazy\" src=\"http:\/\/maps.google.com\/maps?f=d&amp;source=s_d&amp;saddr=60.186428,24.8382&amp;daddr=&amp;hl=fi&amp;geocode=&amp;mra=dme&amp;mrcr=0&amp;mrsp=0&amp;sz=15&amp;sll=60.186961,24.841805&amp;sspn=0.011074,0.038624&amp;ie=UTF8&amp;ll=60.184934,24.829187&amp;spn=0.019204,0.051498&amp;z=14&amp;output=embed\" width=\"600\" height=\"450\" frameborder=\"0\" marginwidth=\"0\" marginheight=\"0\" scrolling=\"no\"><\/iframe><br \/>\n<a style=\"color: #0000ff; text-align: left;\" href=\"http:\/\/maps.google.com\/maps?f=d&amp;source=embed&amp;saddr=60.186428,24.8382&amp;daddr=&amp;hl=fi&amp;geocode=&amp;mra=dme&amp;mrcr=0&amp;mrsp=0&amp;sz=15&amp;sll=60.186961,24.841805&amp;sspn=0.011074,0.038624&amp;ie=UTF8&amp;ll=60.184934,24.829187&amp;spn=0.019204,0.051498&amp;z=14\">N\u00e4yt\u00e4 suurempi kartta<\/a><\/p>\n","protected":false},"excerpt":{"rendered":"<p>TRIP:in veneet talvehtivat OV:n telakalla Otaniemess\u00e4. Kev\u00e4t- ja syyskunnostukset tehd\u00e4\u00e4n p\u00e4\u00e4osin OV:lla. Telakka sijaitsee Otaniemen urheilukent\u00e4n l\u00e4heisyydess\u00e4, suunnilleen hotelli Radisson Blu:n (ent.Rivoli) ja Rantsun puolessa v\u00e4liss\u00e4. Autolla paikalle p\u00e4\u00e4see k\u00e4\u00e4ntym\u00e4ll\u00e4 Otakaarelta hotellille ja ajamalla Rantatien p\u00e4\u00e4h\u00e4n. OV:lle p\u00e4\u00e4see my\u00f6s julkisilla kulkuv\u00e4lineill\u00e4. Se on noin 10 minuutin k\u00e4velymatkan p\u00e4\u00e4ss\u00e4 Aalto-yliopiston metroasemalta, &hellip;<\/p>\n","protected":false},"author":1,"featured_media":7364,"parent":146,"menu_order":0,"comment_status":"closed","ping_status":"closed","template":"","meta":{"footnotes":""},"_links":{"self":[{"href":"https:\/\/teekkaripurjehtijat.fi\/wordpress\/index.php?rest_route=\/wp\/v2\/pages\/163"}],"collection":[{"href":"https:\/\/teekkaripurjehtijat.fi\/wordpress\/index.php?rest_route=\/wp\/v2\/pages"}],"about":[{"href":"https:\/\/teekkaripurjehtijat.fi\/wordpress\/index.php?rest_route=\/wp\/v2\/types\/page"}],"author":[{"embeddable":true,"href":"https:\/\/teekkaripurjehtijat.fi\/wordpress\/index.php?rest_route=\/wp\/v2\/users\/1"}],"replies":[{"embeddable":true,"href":"https:\/\/teekkaripurjehtijat.fi\/wordpress\/index.php?rest_route=%2Fwp%2Fv2%2Fcomments&post=163"}],"version-history":[{"count":9,"href":"https:\/\/teekkaripurjehtijat.fi\/wordpress\/index.php?rest_route=\/wp\/v2\/pages\/163\/revisions"}],"predecessor-version":[{"id":7848,"href":"https:\/\/teekkaripurjehtijat.fi\/wordpress\/index.php?rest_route=\/wp\/v2\/pages\/163\/revisions\/7848"}],"up":[{"embeddable":true,"href":"https:\/\/teekkaripurjehtijat.fi\/wordpress\/index.php?rest_route=\/wp\/v2\/pages\/146"}],"wp:featuredmedia":[{"embeddable":true,"href":"https:\/\/teekkaripurjehtijat.fi\/wordpress\/index.php?rest_route=\/wp\/v2\/media\/7364"}],"wp:attachment":[{"href":"https:\/\/teekkaripurjehtijat.fi\/wordpress\/index.php?rest_route=%2Fwp%2Fv2%2Fmedia&parent=163"}],"curies":[{"name":"wp","href":"https:\/\/api.w.org\/{rel}","templated":true}]}}