{"id":161,"date":"2012-03-25T13:52:54","date_gmt":"2012-03-25T11:52:54","guid":{"rendered":"http:\/\/trip.ayy.fi\/wordpress\/?page_id=161"},"modified":"2023-11-15T19:05:40","modified_gmt":"2023-11-15T17:05:40","slug":"ruoholahti","status":"publish","type":"page","link":"https:\/\/teekkaripurjehtijat.fi\/wordpress\/?page_id=161","title":{"rendered":"Ruoholahti"},"content":{"rendered":"\n<figure class=\"wp-block-image\"><img decoding=\"async\" loading=\"lazy\" width=\"1024\" height=\"675\" src=\"https:\/\/teekkaripurjehtijat.fi\/wordpress\/wp-content\/uploads\/2019\/04\/satama-1024x675.jpg\" alt=\"\" class=\"wp-image-3237\" srcset=\"https:\/\/teekkaripurjehtijat.fi\/wordpress\/wp-content\/uploads\/2019\/04\/satama-1024x675.jpg 1024w, https:\/\/teekkaripurjehtijat.fi\/wordpress\/wp-content\/uploads\/2019\/04\/satama-300x198.jpg 300w, https:\/\/teekkaripurjehtijat.fi\/wordpress\/wp-content\/uploads\/2019\/04\/satama-768x507.jpg 768w, https:\/\/teekkaripurjehtijat.fi\/wordpress\/wp-content\/uploads\/2019\/04\/satama.jpg 1213w\" sizes=\"(max-width: 1024px) 100vw, 1024px\" \/><\/figure>\n\n\n<p>TRIP:n matkaveneet viett\u00e4v\u00e4t kes\u00e4t Ruoholahden venesatamassa osoitteessa Tammasaarenaukio. Satama on Helsingin kaupungin hallinnoima ja aivan <a href=\"http:\/\/www.htchelsinki.fi\/\" target=\"_blank\" rel=\"noopener noreferrer\">High Tech Center Helsingin<\/a> kyljess\u00e4. HTC on se erikoinen toimistokolossi, jossa on oranssit ter\u00e4ksiset tukirakennelmat sataman puolella. Purjehduksille kokoonnutaan suoraan veneiden luokse. Voit halutessasi nostella tavarasi jo valmiiksi veneen istuinkaukaloon vaikka kippari olisikin vasta matkalla.<\/p>\n<p>Veneet l\u00f6ytyv\u00e4t kartan keskelt\u00e4 nuolen osoittamasta kohdasta venepaikoilta 47 (s\/y ElecTrip), 63 (s\/y GinTrip) ja 64 (s\/y FirsTrip).<\/p>\n<p><iframe loading=\"lazy\" style=\"border: 0;\" src=\"https:\/\/www.google.com\/maps\/embed?pb=!1m18!1m12!1m3!1d1985.215576223092!2d24.9027959520187!3d60.1606099818689!2m3!1f0!2f0!3f0!3m2!1i1024!2i768!4f13.1!3m3!1m2!1s0x0%3A0x0!2zNjDCsDA5JzM4LjIiTiAyNMKwNTQnMTguMCJF!5e0!3m2!1sfi!2sfi!4v1493242475455\" width=\"600\" height=\"450\" frameborder=\"0\" allowfullscreen=\"allowfullscreen\"><\/iframe><\/p>\n<p><a style=\"color: #0000ff; text-align: left;\" href=\"https:\/\/www.google.fi\/maps\/dir\/\/60.16061,24.90499\/@60.16061,24.902796,17z\/data=!4m8!1m7!3m6!1s0x0:0x0!2zNjDCsDA5JzM4LjIiTiAyNMKwNTQnMTguMCJF!3b1!8m2!3d60.16061!4d24.90499\">N\u00e4yt\u00e4 suurempi kartta ja hae reittiohjeet<\/a><\/p>\n\n\n<h4 class=\"wp-block-heading\"><strong>Metro<\/strong><\/h4>\n\n\n\n<p>Metro on k\u00e4tevin tapa p\u00e4\u00e4st\u00e4 veneisiin l\u00e4nnest\u00e4 tai id\u00e4st\u00e4. Ruoholahden asemalta suuntaa etel\u00e4\u00e4n eli kohti merta kunnes saavut kanavalle. K\u00e4\u00e4nny kanavalta oikealle kohti Lauttasaarta. Jatka kanavan vierustaa kunnes vastaan tulee mastoja. Jatka vasemmanpuoleiselle laiturille.<\/p>\n\n\n\n<h4 class=\"wp-block-heading\"><strong>Ratikka 8<\/strong><\/h4>\n\n\n\n<p>Ratikalla p\u00e4\u00e4see k\u00e4tev\u00e4sti metroaseman luota tai kauemmalta Kaapelitehtaan pys\u00e4kille josta lyhyt k\u00e4velymatka satama-altaaseen<\/p>\n\n\n\n<h4 class=\"wp-block-heading\"><strong>Polkupy\u00f6r\u00e4 ja kaupunkipy\u00f6r\u00e4t<\/strong><\/h4>\n\n\n\n<p>Otaniemest\u00e4 p\u00e4\u00e4see py\u00f6r\u00e4teit\u00e4 Keilaniemeen ja siit\u00e4 Lauttasaareen, vaihtoehtoisesti my\u00f6s hiekkateit\u00e4 Lehtisaaren ja Kaskisaaren kautta. Kulje Lauttasaaren sillan pohjoispuolta Helsingin keskustaa kohti ja kieppaa heti sillan j\u00e4lkeen vasemman kautta tunneliin. Siit\u00e4 p\u00e4\u00e4dyt suoraan ajamalla venesatamaan. TRIP:n veneet ovat vastakkaisella puolella allasta. Jos olet kaupunkipy\u00f6r\u00e4ll\u00e4 liikenteess\u00e4 l\u00e4hin piste l\u00f6ytyy lauttasaaren sillan it\u00e4puolella, aukiolla.<\/p>\n\n\n\n<h4 class=\"wp-block-heading\"><strong>Auto tai yhteisk\u00e4ytt\u00f6autot<\/strong><\/h4>\n\n\n\n<p>Ruoholahden alue on melko armoton autoilijalle. Vaikka pys\u00e4k\u00f6intipaikkoja on aivan sataman vieress\u00e4 paikat ovat l\u00e4hes kaikki maksullisia. Laiturin viereen pys\u00e4k\u00f6im\u00e4ll\u00e4 saa helposti sakot. Painavat tavarat voi kuitenkin purkaa my\u00f6s laiturialueella, rampissa kannattaa varoa py\u00f6r\u00e4ilij\u00f6it\u00e4 jotka tulevat kulman takaa. Yhteisk\u00e4ytt\u00f6autoille (DriveNow, GoNow, etc&#8230;) on pys\u00e4k\u00f6intipaikka heti kellosaaren rannan l\u00e4nsip\u00e4\u00e4dyss\u00e4 (l\u00e4hell\u00e4 satamaa), joten siin\u00e4kin on l\u00e4hestymisvaihtoehto.<\/p>\n","protected":false},"excerpt":{"rendered":"<p>TRIP:n matkaveneet viett\u00e4v\u00e4t kes\u00e4t Ruoholahden venesatamassa osoitteessa Tammasaarenaukio. Satama on Helsingin kaupungin hallinnoima ja aivan High Tech Center Helsingin kyljess\u00e4. HTC on se erikoinen toimistokolossi, jossa on oranssit ter\u00e4ksiset tukirakennelmat sataman puolella. Purjehduksille kokoonnutaan suoraan veneiden luokse. Voit halutessasi nostella tavarasi jo valmiiksi veneen istuinkaukaloon vaikka kippari olisikin vasta matkalla. &hellip;<\/p>\n","protected":false},"author":1,"featured_media":7364,"parent":146,"menu_order":0,"comment_status":"closed","ping_status":"closed","template":"","meta":{"footnotes":""},"_links":{"self":[{"href":"https:\/\/teekkaripurjehtijat.fi\/wordpress\/index.php?rest_route=\/wp\/v2\/pages\/161"}],"collection":[{"href":"https:\/\/teekkaripurjehtijat.fi\/wordpress\/index.php?rest_route=\/wp\/v2\/pages"}],"about":[{"href":"https:\/\/teekkaripurjehtijat.fi\/wordpress\/index.php?rest_route=\/wp\/v2\/types\/page"}],"author":[{"embeddable":true,"href":"https:\/\/teekkaripurjehtijat.fi\/wordpress\/index.php?rest_route=\/wp\/v2\/users\/1"}],"replies":[{"embeddable":true,"href":"https:\/\/teekkaripurjehtijat.fi\/wordpress\/index.php?rest_route=%2Fwp%2Fv2%2Fcomments&post=161"}],"version-history":[{"count":34,"href":"https:\/\/teekkaripurjehtijat.fi\/wordpress\/index.php?rest_route=\/wp\/v2\/pages\/161\/revisions"}],"predecessor-version":[{"id":7377,"href":"https:\/\/teekkaripurjehtijat.fi\/wordpress\/index.php?rest_route=\/wp\/v2\/pages\/161\/revisions\/7377"}],"up":[{"embeddable":true,"href":"https:\/\/teekkaripurjehtijat.fi\/wordpress\/index.php?rest_route=\/wp\/v2\/pages\/146"}],"wp:featuredmedia":[{"embeddable":true,"href":"https:\/\/teekkaripurjehtijat.fi\/wordpress\/index.php?rest_route=\/wp\/v2\/media\/7364"}],"wp:attachment":[{"href":"https:\/\/teekkaripurjehtijat.fi\/wordpress\/index.php?rest_route=%2Fwp%2Fv2%2Fmedia&parent=161"}],"curies":[{"name":"wp","href":"https:\/\/api.w.org\/{rel}","templated":true}]}}