{"id":159,"date":"2012-03-25T13:51:08","date_gmt":"2012-03-25T11:51:08","guid":{"rendered":"http:\/\/trip.ayy.fi\/wordpress\/?page_id=159"},"modified":"2023-11-15T19:04:35","modified_gmt":"2023-11-15T17:04:35","slug":"jaapursi-tripea","status":"publish","type":"page","link":"https:\/\/teekkaripurjehtijat.fi\/wordpress\/?page_id=159","title":{"rendered":"J\u00e4\u00e4pursi Tripe\u00e4"},"content":{"rendered":"<table border=\"0\" width=\"512\" cellspacing=\"0\" cellpadding=\"3\">\n<tbody>\n<tr align=\"left\" valign=\"top\">\n<td><strong>Malli:<\/strong><\/td>\n<td>Tripe\u00e4<\/td>\n<td><strong>Valmistusvuosi:<\/strong><\/td>\n<td>2011<\/td>\n<\/tr>\n<tr align=\"left\" valign=\"top\">\n<td><strong>Suunnittelija:<\/strong><\/td>\n<td>Ville Valtonen &amp;\u00a0 projektitiimi<\/td>\n<td><strong>Hankittu kerholle:<\/strong><\/td>\n<td>2011<\/td>\n<\/tr>\n<tr align=\"left\" valign=\"top\">\n<td><strong>Pituus:<\/strong><\/td>\n<td>3.8 m<\/td>\n<td><strong>Paino:<\/strong><\/td>\n<td>n. 80kg<\/td>\n<\/tr>\n<tr align=\"left\" valign=\"top\">\n<td><strong>Leveys:<\/strong><\/td>\n<td>2.45 m<\/td>\n<td><strong>Miehist\u00f6:<\/strong><\/td>\n<td>1-2<\/td>\n<\/tr>\n<tr align=\"left\" valign=\"top\">\n<td><strong>Korkeus:<\/strong><\/td>\n<td>5 m<\/td>\n<td>\u00a0<\/td>\n<td>\u00a0<\/td>\n<\/tr>\n<tr align=\"left\" valign=\"top\">\n<td><strong>Purjepinta-ala:<\/strong><\/td>\n<td>n. 6 m2<\/td>\n<td>\u00a0<\/td>\n<td>\u00a0<\/td>\n<\/tr>\n<tr align=\"left\" valign=\"top\">\n<td><strong>Purjevarustus:<\/strong><\/td>\n<td colspan=\"3\">Mistral One Design &#8211; purjelaudan purje ja riki (lahjoittanut Kalle Nurmi)<\/td>\n<\/tr>\n<tr align=\"left\" valign=\"top\">\n<td><strong>Muu varustus:<\/strong><\/td>\n<td colspan=\"3\">J\u00e4\u00e4naskalit, luistimet ja sukset talviajoon, py\u00f6r\u00e4t kes\u00e4ajoon<\/td>\n<\/tr>\n<tr align=\"left\" valign=\"top\">\n<td><strong>K\u00e4ytt\u00f6ohjeet<\/strong><\/td>\n<td colspan=\"3\"><a href=\"https:\/\/teekkaripurjehtijat.fi\/wordpress\/wp-content\/uploads\/2021\/02\/Ja\u0308a\u0308purren-ka\u0308ytto\u0308ohje_v0.2.pdf\">Ja\u0308a\u0308purren ka\u0308ytto\u0308ohje (in Finnish)<\/a><\/td>\n<\/tr>\n<\/tbody>\n<\/table>\n<p><img decoding=\"async\" style=\"line-height: 1.5em;\" src=\"images\/tripea.png\" alt=\"\" \/><\/p>\n\n\n\n\n<p><\/p>\n","protected":false},"excerpt":{"rendered":"<p>Malli: Tripe\u00e4 Valmistusvuosi: 2011 Suunnittelija: Ville Valtonen &amp;\u00a0 projektitiimi Hankittu kerholle: 2011 Pituus: 3.8 m Paino: n. 80kg Leveys: 2.45 m Miehist\u00f6: 1-2 Korkeus: 5 m \u00a0 \u00a0 Purjepinta-ala: n. 6 m2 \u00a0 \u00a0 Purjevarustus: Mistral One Design &#8211; purjelaudan purje ja riki (lahjoittanut Kalle Nurmi) Muu varustus: J\u00e4\u00e4naskalit, luistimet &hellip;<\/p>\n","protected":false},"author":1,"featured_media":7364,"parent":146,"menu_order":0,"comment_status":"closed","ping_status":"closed","template":"","meta":{"footnotes":""},"_links":{"self":[{"href":"https:\/\/teekkaripurjehtijat.fi\/wordpress\/index.php?rest_route=\/wp\/v2\/pages\/159"}],"collection":[{"href":"https:\/\/teekkaripurjehtijat.fi\/wordpress\/index.php?rest_route=\/wp\/v2\/pages"}],"about":[{"href":"https:\/\/teekkaripurjehtijat.fi\/wordpress\/index.php?rest_route=\/wp\/v2\/types\/page"}],"author":[{"embeddable":true,"href":"https:\/\/teekkaripurjehtijat.fi\/wordpress\/index.php?rest_route=\/wp\/v2\/users\/1"}],"replies":[{"embeddable":true,"href":"https:\/\/teekkaripurjehtijat.fi\/wordpress\/index.php?rest_route=%2Fwp%2Fv2%2Fcomments&post=159"}],"version-history":[{"count":13,"href":"https:\/\/teekkaripurjehtijat.fi\/wordpress\/index.php?rest_route=\/wp\/v2\/pages\/159\/revisions"}],"predecessor-version":[{"id":7374,"href":"https:\/\/teekkaripurjehtijat.fi\/wordpress\/index.php?rest_route=\/wp\/v2\/pages\/159\/revisions\/7374"}],"up":[{"embeddable":true,"href":"https:\/\/teekkaripurjehtijat.fi\/wordpress\/index.php?rest_route=\/wp\/v2\/pages\/146"}],"wp:featuredmedia":[{"embeddable":true,"href":"https:\/\/teekkaripurjehtijat.fi\/wordpress\/index.php?rest_route=\/wp\/v2\/media\/7364"}],"wp:attachment":[{"href":"https:\/\/teekkaripurjehtijat.fi\/wordpress\/index.php?rest_route=%2Fwp%2Fv2%2Fmedia&parent=159"}],"curies":[{"name":"wp","href":"https:\/\/api.w.org\/{rel}","templated":true}]}}