{"id":1589,"date":"2014-03-21T17:24:25","date_gmt":"2014-03-21T15:24:25","guid":{"rendered":"http:\/\/trip.ayy.fi\/wordpress\/?page_id=1589"},"modified":"2023-11-15T19:09:09","modified_gmt":"2023-11-15T17:09:09","slug":"jasenrekisteri","status":"publish","type":"page","link":"https:\/\/teekkaripurjehtijat.fi\/wordpress\/?page_id=1589","title":{"rendered":"Rekisteriseloste"},"content":{"rendered":"<p>Henkil\u00f6tietolain (523\/99) 10 \u00a7:n mukainen rekisteriseloste<\/p>\n<p>&nbsp;<\/p>\n<p>Teekkaripurjehtijat ry:n j\u00e4senrekisteri on toteutettu Suomen Purjehdus ja Veneily ry:n (SPV) tarjoaman Suuli -rekisteripalvelun avulla. T\u00e4ss\u00e4 rekisteriselosteessa viitataan sanalla SUULI Suomen Purjehdus ja Veneily ry:n j\u00e4senrekisterin rekisteriselosteeseen. Suuli-rekisterin yhteystiedot ovat t\u00e4m\u00e4n selosteen lopussa.<\/p>\n<p>&nbsp;<\/p>\n<ol>\n<li>Rekisterinpit\u00e4j\u00e4<\/li>\n<\/ol>\n<p>Teekkaripurjehtijat ry.<\/p>\n<p>PL69<\/p>\n<p>02151 ESPOO<\/p>\n<p>S\u00e4hk\u00f6posti: trip at list.ayy.fi<\/p>\n<p>Kotipaikka: Espoo<\/p>\n<p>&nbsp;<\/p>\n<ol start=\"2\">\n<li>J\u00e4senrekisteri\u00e4 hoitaa sihteeri.<\/li>\n<\/ol>\n<p>&nbsp;<\/p>\n<ol start=\"3\">\n<li>Rekisterin nimi<\/li>\n<\/ol>\n<p>Teekkaripurjehtijat ry:n j\u00e4senrekisteri<\/p>\n<p>&nbsp;<\/p>\n<ol start=\"4\">\n<li>Henkil\u00f6tietojen k\u00e4ytt\u00f6tarkoitus<\/li>\n<\/ol>\n<p>Ja\u0308senrekisteria\u0308 pideta\u0308a\u0308n yhdistyslain 11 pyka\u0308la\u0308n vaatimana. Lis\u00e4ksi rekisteri\u00e4 k\u00e4ytet\u00e4\u00e4n<\/p>\n<ul>\n<li>SUULI:ssa m\u00e4\u00e4ritellyin tavoin<\/li>\n<li>Seuran tiedotteiden postitukseen (s\u00e4hk\u00f6postitse, nimi sek\u00e4 osoitetieto muutoin)<\/li>\n<li>Seuran j\u00e4senist\u00f6n demografian kartoittamiseen<\/li>\n<li>Seuran luonteesta johtuen puhelinnumeroa voidaan k\u00e4ytt\u00e4\u00e4 j\u00e4senen nopeaan tavoittamiseen esimerkiksi veneen sijaintitiedon saamiseen<\/li>\n<\/ul>\n<p>&nbsp;<\/p>\n<ol start=\"5\">\n<li>Rekisterin tietosis\u00e4lt\u00f6<\/li>\n<\/ol>\n<p>Rekisteri sis\u00e4lt\u00e4\u00e4<\/p>\n<ul>\n<li>J\u00e4senen liittymisen ajanhetken<\/li>\n<li>Etu- sek\u00e4 sukunimen<\/li>\n<li>S\u00e4hk\u00f6postiosoitteen<\/li>\n<li>Syntym\u00e4ajan<\/li>\n<li>Puhelinnumeron<\/li>\n<li>Osoitteen<\/li>\n<li>Kotikunnan<\/li>\n<li>Kansalaisuuden<\/li>\n<li>j\u00e4senyyden tyypin (AYY:n opiskelija, muu opiskelija, valmistunut)<\/li>\n<li>ilmoituksen SPV:n j\u00e4senyydest\u00e4<\/li>\n<li>Suulin j\u00e4sennumeron<\/li>\n<li>j\u00e4senmaksun laskun numeron Suuli-rekisteriss\u00e4 (my\u00f6s tekninen)<\/li>\n<li>tiedon suoritetusta j\u00e4senmaksusta per kausi<\/li>\n<li>SUULI-rekisterin sis\u00e4lt\u00e4m\u00e4t tiedot<\/li>\n<\/ul>\n<p>&nbsp;<\/p>\n<ol start=\"6\">\n<li>S\u00e4\u00e4nn\u00f6nmukaiset tietol\u00e4hteet<\/li>\n<\/ol>\n<ul>\n<li>J\u00e4sen voi ilmoittautua internetiss\u00e4 lomakkeen kautta, tiedot tallennetaan automaattisesti v\u00e4liaikaisrekisteriin.<\/li>\n<li>Tiedot vahvistetaan j\u00e4senilt\u00e4 liittymisen yhteydess\u00e4 s\u00e4hk\u00f6postitse jonka j\u00e4lkeen tiedot siirret\u00e4\u00e4n varsinaiseen rekisteriin.<\/li>\n<li>V\u00e4liaikaisrekisteri sek\u00e4 Varsinainen rekisteri ovat samassa tietoteknisess\u00e4 j\u00e4rjestelm\u00e4ss\u00e4 ja ne sis\u00e4lt\u00e4v\u00e4t t\u00e4sm\u00e4lleen samat tiedot ja tarkoitusper\u00e4t.<\/li>\n<li>J\u00e4sen on velvollinen ilmoittamaan tietoihinsa liittyvist\u00e4 muutoksista hallitukselle.<\/li>\n<li>Suuli-rekisterin mukaiset tietol\u00e4hteet.<\/li>\n<\/ul>\n<p>&nbsp;<\/p>\n<ol start=\"7\">\n<li>Tietojen luovutus<\/li>\n<\/ol>\n<p>Tietoja ei luovuteta Teekkaripurjehtijat ry:n ulkopuolelle, muutoin kuin ett\u00e4 tietoja voidaan luovuttaa AYY:lle tukihakemuksen osana. Tiedot j\u00e4senist\u00e4 ovat automaattisesti osana my\u00f6s Suuli-rekisteri\u00e4, t\u00e4ten tietoja k\u00e4sitell\u00e4\u00e4n my\u00f6s Suuli-rekisterin mukaisesti.<\/p>\n<p>&nbsp;<\/p>\n<ol start=\"8\">\n<li>Rekisterin suojauksen perusteet<\/li>\n<\/ol>\n<p>Rekisteri on s\u00e4hk\u00f6isess\u00e4 muodossa tietokoneella, salasanoin suojatussa palvelussa, siten ettei siihen ole laillista p\u00e4\u00e4sy\u00e4 kuin yhdistyksen hallituksella. Rekisterist\u00e4 otetaan s\u00e4\u00e4nn\u00f6llisesti varmuuskopiot jotka niin ik\u00e4\u00e4n tallennetaan samaiseen palveluun. Lis\u00e4ksi Suuli-rekisterin mukaiset periaatteet.<\/p>\n<p>&nbsp;<\/p>\n<p>&nbsp;<\/p>\n<p>Suuli-rekisterin yhteystiedot:<\/p>\n<p>&nbsp;<\/p>\n<p>Rekisterinpita\u0308ja\u0308<\/p>\n<p>Nimi: Suomen Purjehdus ja Veneily ry (Y-tunnus 0215301-9)<\/p>\n<p>Osoite: Ahventie 4 A 19, 02170 Espoo<\/p>\n<p>Muut yhteystiedot: p. 020 \u2013 796 4200, toimisto (at) spv.fi<\/p>\n<p>&nbsp;<\/p>\n<p>Rekisteriasioita hoitava henkil\u00f6<\/p>\n<p>Nimi: Paula Laasonen<\/p>\n<p>&nbsp;<\/p>\n<p>Rekisterin nimi<\/p>\n<p>Suomen Purjehdus ja Veneily ry:n ja\u0308senrekisteri (Suuli)<\/p>\n<p>&nbsp;<\/p>\n<p><a href=\"http:\/\/spv.fi\/wp-content\/uploads\/2017\/02\/Henkil%C3%B6rekisteriseloste-Suuli.pdf\">Suulin henkil\u00f6rekisteriseloste<\/a> (linkitetty 21.6.2017)<\/p>\n<p>&nbsp;<\/p>\n<p>&nbsp;<\/p>\n","protected":false},"excerpt":{"rendered":"<p>Henkil\u00f6tietolain (523\/99) 10 \u00a7:n mukainen rekisteriseloste &nbsp; Teekkaripurjehtijat ry:n j\u00e4senrekisteri on toteutettu Suomen Purjehdus ja Veneily ry:n (SPV) tarjoaman Suuli -rekisteripalvelun avulla. T\u00e4ss\u00e4 rekisteriselosteessa viitataan sanalla SUULI Suomen Purjehdus ja Veneily ry:n j\u00e4senrekisterin rekisteriselosteeseen. Suuli-rekisterin yhteystiedot ovat t\u00e4m\u00e4n selosteen lopussa. &nbsp; Rekisterinpit\u00e4j\u00e4 Teekkaripurjehtijat ry. PL69 02151 ESPOO S\u00e4hk\u00f6posti: trip at &hellip;<\/p>\n","protected":false},"author":1,"featured_media":7364,"parent":178,"menu_order":0,"comment_status":"closed","ping_status":"closed","template":"","meta":{"footnotes":""},"_links":{"self":[{"href":"https:\/\/teekkaripurjehtijat.fi\/wordpress\/index.php?rest_route=\/wp\/v2\/pages\/1589"}],"collection":[{"href":"https:\/\/teekkaripurjehtijat.fi\/wordpress\/index.php?rest_route=\/wp\/v2\/pages"}],"about":[{"href":"https:\/\/teekkaripurjehtijat.fi\/wordpress\/index.php?rest_route=\/wp\/v2\/types\/page"}],"author":[{"embeddable":true,"href":"https:\/\/teekkaripurjehtijat.fi\/wordpress\/index.php?rest_route=\/wp\/v2\/users\/1"}],"replies":[{"embeddable":true,"href":"https:\/\/teekkaripurjehtijat.fi\/wordpress\/index.php?rest_route=%2Fwp%2Fv2%2Fcomments&post=1589"}],"version-history":[{"count":9,"href":"https:\/\/teekkaripurjehtijat.fi\/wordpress\/index.php?rest_route=\/wp\/v2\/pages\/1589\/revisions"}],"predecessor-version":[{"id":2982,"href":"https:\/\/teekkaripurjehtijat.fi\/wordpress\/index.php?rest_route=\/wp\/v2\/pages\/1589\/revisions\/2982"}],"up":[{"embeddable":true,"href":"https:\/\/teekkaripurjehtijat.fi\/wordpress\/index.php?rest_route=\/wp\/v2\/pages\/178"}],"wp:featuredmedia":[{"embeddable":true,"href":"https:\/\/teekkaripurjehtijat.fi\/wordpress\/index.php?rest_route=\/wp\/v2\/media\/7364"}],"wp:attachment":[{"href":"https:\/\/teekkaripurjehtijat.fi\/wordpress\/index.php?rest_route=%2Fwp%2Fv2%2Fmedia&parent=1589"}],"curies":[{"name":"wp","href":"https:\/\/api.w.org\/{rel}","templated":true}]}}