{"id":157,"date":"2012-03-25T13:50:13","date_gmt":"2012-03-25T11:50:13","guid":{"rendered":"http:\/\/trip.ayy.fi\/wordpress\/?page_id=157"},"modified":"2023-11-15T19:08:31","modified_gmt":"2023-11-15T17:08:31","slug":"vinkee","status":"publish","type":"page","link":"https:\/\/teekkaripurjehtijat.fi\/wordpress\/?page_id=157","title":{"rendered":"Vinkee"},"content":{"rendered":"<p><iframe loading=\"lazy\" title=\"This is Scow Racing\" width=\"1089\" height=\"817\" src=\"https:\/\/www.youtube.com\/embed\/oT925TKQfH4?feature=oembed\" frameborder=\"0\" allow=\"accelerometer; autoplay; clipboard-write; encrypted-media; gyroscope; picture-in-picture; web-share\" allowfullscreen><\/iframe><br \/>\nTripin Vinkee\u00a0on kaksipaikkainen<\/p>\n<table border=\"0\" width=\"512\" cellspacing=\"0\" cellpadding=\"3\">\n<tbody>\n<tr align=\"left\" valign=\"top\">\n<td><strong>Malli<\/strong><\/td>\n<td>Flipper Scow<\/td>\n<td><strong>\u00a0<\/strong><\/td>\n<td><\/td>\n<\/tr>\n<tr align=\"left\" valign=\"top\">\n<td><strong>Pituus<\/strong><\/td>\n<td>4.10 m<\/td>\n<td><strong>Paino<\/strong><\/td>\n<td>n. 75 kg<\/td>\n<\/tr>\n<tr align=\"left\" valign=\"top\">\n<td><strong>Leveys<\/strong><\/td>\n<td>1.32 m<\/td>\n<td><strong>\u00a0Syv\u00e4ys<\/strong><\/td>\n<td>0.5 m<\/td>\n<\/tr>\n<tr align=\"left\" valign=\"top\">\n<td><strong>Suunnittelija<\/strong><\/td>\n<td>Peer Bruun<\/td>\n<td><\/td>\n<td><\/td>\n<\/tr>\n<tr align=\"left\" valign=\"top\">\n<td><strong>Korkeus<\/strong><\/td>\n<td>6 m<\/td>\n<td><strong>Miehist\u00f6<\/strong><\/td>\n<td>2<\/td>\n<\/tr>\n<tr align=\"left\" valign=\"top\">\n<td><strong>Purjevarustus<\/strong><\/td>\n<td colspan=\"3\">Isopurje<br \/>\nFokka<\/td>\n<\/tr>\n<tr align=\"left\" valign=\"top\">\n<td><strong>Muu varustus:<\/strong><\/td>\n<td colspan=\"3\">Mela, \u00e4ysk\u00e4ri, kelluntaliivit.<\/td>\n<\/tr>\n<\/tbody>\n<\/table>\n<p>Lahjoittanut kerholle Simo Skogberg.<\/p>\n<p><a href=\"http:\/\/www.flipperjolle.dk\/wiki.asp\">Lis\u00e4\u00e4 tietoa luokasta<\/a><\/p>\n<p><a title=\"Kevytveneet\" href=\"https:\/\/teekkaripurjehtijat.fi\/wordpress\/?page_id=204\">K\u00e4ytt\u00f6ohje ja varausk\u00e4yt\u00e4nn\u00f6t<\/a><\/p>\n","protected":false},"excerpt":{"rendered":"<p>Tripin Vinkee\u00a0on kaksipaikkainen Malli Flipper Scow \u00a0 Pituus 4.10 m Paino n. 75 kg Leveys 1.32 m \u00a0Syv\u00e4ys 0.5 m Suunnittelija Peer Bruun Korkeus 6 m Miehist\u00f6 2 Purjevarustus Isopurje Fokka Muu varustus: Mela, \u00e4ysk\u00e4ri, kelluntaliivit. Lahjoittanut kerholle Simo Skogberg. Lis\u00e4\u00e4 tietoa luokasta K\u00e4ytt\u00f6ohje ja varausk\u00e4yt\u00e4nn\u00f6t<\/p>\n","protected":false},"author":1,"featured_media":7364,"parent":146,"menu_order":0,"comment_status":"closed","ping_status":"closed","template":"","meta":{"footnotes":""},"_links":{"self":[{"href":"https:\/\/teekkaripurjehtijat.fi\/wordpress\/index.php?rest_route=\/wp\/v2\/pages\/157"}],"collection":[{"href":"https:\/\/teekkaripurjehtijat.fi\/wordpress\/index.php?rest_route=\/wp\/v2\/pages"}],"about":[{"href":"https:\/\/teekkaripurjehtijat.fi\/wordpress\/index.php?rest_route=\/wp\/v2\/types\/page"}],"author":[{"embeddable":true,"href":"https:\/\/teekkaripurjehtijat.fi\/wordpress\/index.php?rest_route=\/wp\/v2\/users\/1"}],"replies":[{"embeddable":true,"href":"https:\/\/teekkaripurjehtijat.fi\/wordpress\/index.php?rest_route=%2Fwp%2Fv2%2Fcomments&post=157"}],"version-history":[{"count":11,"href":"https:\/\/teekkaripurjehtijat.fi\/wordpress\/index.php?rest_route=\/wp\/v2\/pages\/157\/revisions"}],"predecessor-version":[{"id":3148,"href":"https:\/\/teekkaripurjehtijat.fi\/wordpress\/index.php?rest_route=\/wp\/v2\/pages\/157\/revisions\/3148"}],"up":[{"embeddable":true,"href":"https:\/\/teekkaripurjehtijat.fi\/wordpress\/index.php?rest_route=\/wp\/v2\/pages\/146"}],"wp:featuredmedia":[{"embeddable":true,"href":"https:\/\/teekkaripurjehtijat.fi\/wordpress\/index.php?rest_route=\/wp\/v2\/media\/7364"}],"wp:attachment":[{"href":"https:\/\/teekkaripurjehtijat.fi\/wordpress\/index.php?rest_route=%2Fwp%2Fv2%2Fmedia&parent=157"}],"curies":[{"name":"wp","href":"https:\/\/api.w.org\/{rel}","templated":true}]}}