{"id":155,"date":"2012-03-25T13:49:41","date_gmt":"2012-03-25T11:49:41","guid":{"rendered":"http:\/\/trip.ayy.fi\/wordpress\/?page_id=155"},"modified":"2023-11-15T19:05:22","modified_gmt":"2023-11-15T17:05:22","slug":"pinkee","status":"publish","type":"page","link":"https:\/\/teekkaripurjehtijat.fi\/wordpress\/?page_id=155","title":{"rendered":"Pinkee"},"content":{"rendered":"<p><a href=\"https:\/\/teekkaripurjehtijat.fi\/wordpress\/wp-content\/uploads\/2014\/02\/SAM_4760530cf0856e11d.jpg\"><img decoding=\"async\" loading=\"lazy\" class=\"alignnone wp-image-1345\" title=\"\" src=\"https:\/\/teekkaripurjehtijat.fi\/wordpress\/wp-content\/uploads\/2014\/02\/SAM_4760530cf0856e11d-1024x768.jpg\" alt=\"SAM_4760530cf0856e11d.jpg\" width=\"361\" height=\"271\" srcset=\"https:\/\/teekkaripurjehtijat.fi\/wordpress\/wp-content\/uploads\/2014\/02\/SAM_4760530cf0856e11d-1024x768.jpg 1024w, https:\/\/teekkaripurjehtijat.fi\/wordpress\/wp-content\/uploads\/2014\/02\/SAM_4760530cf0856e11d-300x225.jpg 300w, https:\/\/teekkaripurjehtijat.fi\/wordpress\/wp-content\/uploads\/2014\/02\/SAM_4760530cf0856e11d-160x120.jpg 160w\" sizes=\"(max-width: 361px) 100vw, 361px\" \/><\/a><\/p>\n<table border=\"0\" width=\"512\" cellspacing=\"0\" cellpadding=\"3\">\n<tbody>\n<tr align=\"left\" valign=\"top\">\n<td><strong>Malli:<\/strong><\/td>\n<td><a href=\"http:\/\/www.snipe.fi\/\">Vikla<\/a>\u00a0&#8211; Snipe<\/td>\n<td><strong>Valmistusvuosi:<\/strong><\/td>\n<td>1964<\/td>\n<\/tr>\n<tr align=\"left\" valign=\"top\">\n<td><strong>Suunnittelija:<\/strong><\/td>\n<td>William Crosby<\/td>\n<td><strong>Hankittu kerholle:<\/strong><\/td>\n<td>2005<\/td>\n<\/tr>\n<tr align=\"left\" valign=\"top\">\n<td><strong>Pituus:<\/strong><\/td>\n<td>4.72 m<\/td>\n<td><strong>\u00a0Leveys:<br \/>\n<\/strong><\/td>\n<td>1.51 m<\/td>\n<\/tr>\n<tr align=\"left\" valign=\"top\">\n<td><strong>Syv\u00e4ys:<\/strong><\/td>\n<td>0.5 m<\/td>\n<td><strong>\u00a0Korkeus:<\/strong><\/td>\n<td>6.5 m<\/td>\n<\/tr>\n<tr align=\"left\" valign=\"top\">\n<td><strong>Purjepinta-ala:<\/strong><\/td>\n<td>n. 10.7 m2<\/td>\n<td><strong>Miehist\u00f6:<\/strong><\/td>\n<td>2-3<\/td>\n<\/tr>\n<tr align=\"left\" valign=\"top\">\n<td><strong>Purjevarustus:<\/strong><\/td>\n<td colspan=\"3\">Isopurje ja fokka<\/td>\n<\/tr>\n<tr align=\"left\" valign=\"top\">\n<td><strong>Muu varustus:<\/strong><\/td>\n<td colspan=\"3\">Melaa, \u00e4ysk\u00e4ri, kelluntaliivit, rantatraileri<\/td>\n<\/tr>\n<\/tbody>\n<\/table>\n<p><img decoding=\"async\" loading=\"lazy\" class=\"alignnone size-full wp-image-1792\" src=\"https:\/\/teekkaripurjehtijat.fi\/wordpress\/wp-content\/uploads\/2012\/03\/harken_snipe_sailplan.gif\" alt=\"harken_snipe_sailplan\" width=\"200\" height=\"288\" \/><\/p>\n<p>Veneelle tultaessa ja silt\u00e4 poistuttaessa n\u00e4kym\u00e4n tulisi olla t\u00e4m\u00e4:<br \/>\n<img decoding=\"async\" loading=\"lazy\" class=\"alignnone size-medium wp-image-1962\" title=\"\" src=\"https:\/\/teekkaripurjehtijat.fi\/wordpress\/wp-content\/uploads\/2012\/03\/SAM_6297-300x225.jpg\" alt=\"SAM_6297\" width=\"300\" height=\"225\" srcset=\"https:\/\/teekkaripurjehtijat.fi\/wordpress\/wp-content\/uploads\/2012\/03\/SAM_6297-300x225.jpg 300w, https:\/\/teekkaripurjehtijat.fi\/wordpress\/wp-content\/uploads\/2012\/03\/SAM_6297-1024x768.jpg 1024w\" sizes=\"(max-width: 300px) 100vw, 300px\" \/><\/p>\n<p>T\u00e4m\u00e4 on baileri. Ainakin toisella puolen tiiviste vuotaa. Jos unohdat n\u00e4m\u00e4 auki niin huomaat kyll\u00e4 \ud83d\ude42<br \/>\n<img decoding=\"async\" loading=\"lazy\" class=\"alignnone size-medium wp-image-1963\" title=\"\" src=\"https:\/\/teekkaripurjehtijat.fi\/wordpress\/wp-content\/uploads\/2012\/03\/SAM_6298-300x225.jpg\" alt=\"SAM_6298\" width=\"300\" height=\"225\" srcset=\"https:\/\/teekkaripurjehtijat.fi\/wordpress\/wp-content\/uploads\/2012\/03\/SAM_6298-300x225.jpg 300w, https:\/\/teekkaripurjehtijat.fi\/wordpress\/wp-content\/uploads\/2012\/03\/SAM_6298-1024x768.jpg 1024w\" sizes=\"(max-width: 300px) 100vw, 300px\" \/><\/p>\n<h5>Hy\u00f6dyllisi\u00e4 ohjeita:<\/h5>\n<p>Ty\u00f6ohjeita lasikuidun korjaamiseen:<br \/>\n<iframe loading=\"lazy\" title=\"Fiberglass Repair ~ Stress Cracks\" width=\"1089\" height=\"613\" src=\"https:\/\/www.youtube.com\/embed\/339W-ZNC1_0?feature=oembed\" frameborder=\"0\" allow=\"accelerometer; autoplay; clipboard-write; encrypted-media; gyroscope; picture-in-picture; web-share\" allowfullscreen><\/iframe><\/p>\n<p><iframe loading=\"lazy\" title=\"How to Repair Deep Cracks in Fiberglass Boats\" width=\"1089\" height=\"613\" src=\"https:\/\/www.youtube.com\/embed\/eggAzL9oQxg?feature=oembed\" frameborder=\"0\" allow=\"accelerometer; autoplay; clipboard-write; encrypted-media; gyroscope; picture-in-picture; web-share\" allowfullscreen><\/iframe><\/p>\n<p><a title=\"Kevytveneet\" href=\"https:\/\/teekkaripurjehtijat.fi\/wordpress\/?page_id=204\">K\u00e4ytt\u00f6ohje ja varausk\u00e4yt\u00e4nn\u00f6t<\/a><\/p>\n<p><a href=\"http:\/\/snipe.org\/articles-mainmenu-22\">Artikkeleita rikauksesta, trimmauksesta ja muustakin kansainv\u00e4lisen snipeliiton sivuilla<\/a><\/p>\n<p><iframe loading=\"lazy\" title=\"Snipe Sailing in Santander (19th  February 2012) - GOPRO - Race 1\" width=\"1089\" height=\"817\" src=\"https:\/\/www.youtube.com\/embed\/vbPk6TLuHsQ?feature=oembed\" frameborder=\"0\" allow=\"accelerometer; autoplay; clipboard-write; encrypted-media; gyroscope; picture-in-picture; web-share\" allowfullscreen><\/iframe><\/p>\n<p><iframe loading=\"lazy\" title=\"Rough Cut for SCIRA\" width=\"1089\" height=\"613\" src=\"https:\/\/www.youtube.com\/embed\/VK-14fPY7Is?feature=oembed\" frameborder=\"0\" allow=\"accelerometer; autoplay; clipboard-write; encrypted-media; gyroscope; picture-in-picture\" allowfullscreen><\/iframe><br \/>\n<strong style=\"color: #3b3b3b;\">Snipe Class Racing Association &#8211; One Class and Boat for all<\/strong><\/p>\n<p><iframe loading=\"lazy\" title=\"Snipe Capsize - Capotado\" width=\"1089\" height=\"613\" src=\"https:\/\/www.youtube.com\/embed\/2-4qMU7LeFY?feature=oembed\" frameborder=\"0\" allow=\"accelerometer; autoplay; clipboard-write; encrypted-media; gyroscope; picture-in-picture; web-share\" allowfullscreen><\/iframe><\/p>\n","protected":false},"excerpt":{"rendered":"<p>Malli: Vikla\u00a0&#8211; Snipe Valmistusvuosi: 1964 Suunnittelija: William Crosby Hankittu kerholle: 2005 Pituus: 4.72 m \u00a0Leveys: 1.51 m Syv\u00e4ys: 0.5 m \u00a0Korkeus: 6.5 m Purjepinta-ala: n. 10.7 m2 Miehist\u00f6: 2-3 Purjevarustus: Isopurje ja fokka Muu varustus: Melaa, \u00e4ysk\u00e4ri, kelluntaliivit, rantatraileri Veneelle tultaessa ja silt\u00e4 poistuttaessa n\u00e4kym\u00e4n tulisi olla t\u00e4m\u00e4: T\u00e4m\u00e4 on &hellip;<\/p>\n","protected":false},"author":1,"featured_media":7364,"parent":146,"menu_order":0,"comment_status":"closed","ping_status":"closed","template":"","meta":{"footnotes":""},"_links":{"self":[{"href":"https:\/\/teekkaripurjehtijat.fi\/wordpress\/index.php?rest_route=\/wp\/v2\/pages\/155"}],"collection":[{"href":"https:\/\/teekkaripurjehtijat.fi\/wordpress\/index.php?rest_route=\/wp\/v2\/pages"}],"about":[{"href":"https:\/\/teekkaripurjehtijat.fi\/wordpress\/index.php?rest_route=\/wp\/v2\/types\/page"}],"author":[{"embeddable":true,"href":"https:\/\/teekkaripurjehtijat.fi\/wordpress\/index.php?rest_route=\/wp\/v2\/users\/1"}],"replies":[{"embeddable":true,"href":"https:\/\/teekkaripurjehtijat.fi\/wordpress\/index.php?rest_route=%2Fwp%2Fv2%2Fcomments&post=155"}],"version-history":[{"count":18,"href":"https:\/\/teekkaripurjehtijat.fi\/wordpress\/index.php?rest_route=\/wp\/v2\/pages\/155\/revisions"}],"predecessor-version":[{"id":7005,"href":"https:\/\/teekkaripurjehtijat.fi\/wordpress\/index.php?rest_route=\/wp\/v2\/pages\/155\/revisions\/7005"}],"up":[{"embeddable":true,"href":"https:\/\/teekkaripurjehtijat.fi\/wordpress\/index.php?rest_route=\/wp\/v2\/pages\/146"}],"wp:featuredmedia":[{"embeddable":true,"href":"https:\/\/teekkaripurjehtijat.fi\/wordpress\/index.php?rest_route=\/wp\/v2\/media\/7364"}],"wp:attachment":[{"href":"https:\/\/teekkaripurjehtijat.fi\/wordpress\/index.php?rest_route=%2Fwp%2Fv2%2Fmedia&parent=155"}],"curies":[{"name":"wp","href":"https:\/\/api.w.org\/{rel}","templated":true}]}}